{"id":648,"date":"2020-10-26T21:15:46","date_gmt":"2020-10-26T18:15:46","guid":{"rendered":"https:\/\/startertemplatecloud.com\/e02\/?post_type=product&#038;p=648"},"modified":"2026-03-24T17:33:03","modified_gmt":"2026-03-24T16:33:03","slug":"master-champ","status":"publish","type":"product","link":"https:\/\/holygrailtubeamps.com\/es\/shop\/amps\/master-champ\/","title":{"rendered":"Master Champ (5F1)"},"content":{"rendered":"","protected":false},"excerpt":{"rendered":"<hr \/>\n<p><strong><a href=\"https:\/\/holygrailtubeamps.com\/es\/contact-and-orders\/\">BAJO PEDIDO<\/a><\/strong><\/p>\n<hr \/>\n<p>El Master Champ es nuestra versi\u00f3n del cl\u00e1sico Champ tweed de los a\u00f1os 50, utilizado por grandes bandas como los Rolling Stones durante d\u00e9cadas. Despu\u00e9s de m\u00e1s de 70 a\u00f1os, esta peque\u00f1a joya sigue siendo un referente para muchos m\u00fasicos por su excelente tono y versatilidad siendo un gran amplificador para pr\u00e1ctica y estudio. Es una opci\u00f3n perfecta tambi\u00e9n para utilizar en directo si se microfon\u00e9a o se combina con un gabinete de altavoz externo.<\/p>\n<p>Nuestro Master Champ esta fabricado con las mismas t\u00e9cnicas y materiales utilizados en los 50s para conseguir el tono mas autentico. Incorpora un Master Control adicional que permite exprimir todav\u00eda mas el gran tono de este circuito. Este control permite saturar el sonido a volumen mas bajos, sin perder tono. Sus 5 w te sorprender\u00e1n.<\/p>\n<hr \/>\n<p>Especificaciones:<\/p>\n<ul>\n<li>5 vatios de potencia<\/li>\n<li>Circuito tipo 5F1<\/li>\n<li>Operaci\u00f3n clase A<\/li>\n<li>Dise\u00f1o de polarizaci\u00f3n cat\u00f3dica<\/li>\n<li>Altavoz: Jensen C8R*<\/li>\n<li>V\u00e1lvulas: 1x5Y3, 1x6V6GT, 1x12AX7<\/li>\n<li>Transformador de salida: Overside para el mejor tono<\/li>\n<li>Revestimiento: Original Tweed made in USA*<\/li>\n<li>Mueble de pino macizo<\/li>\n<li>Paneles frontales y traseros, contrachapado de abedul fen\u00f3lico 7mm<\/li>\n<li>Panel de altavoz, contrachapado abedul fen\u00f3lico 10mm<\/li>\n<li>Tama\u00f1o del gabinete (alto x ancho x profundidad): 30,5 x 34,5 x 19,5 cm<\/li>\n<li>Peso: 7,6Kg.<\/li>\n<\/ul>\n<p>* Otras opciones est\u00e1n disponibles bajo pedido.<\/p>","protected":false},"featured_media":2201,"comment_status":"closed","ping_status":"closed","template":"","meta":{"inline_featured_image":false,"_kadence_starter_templates_imported_post":true,"_kad_post_transparent":"default","_kad_post_title":"","_kad_post_layout":"default","_kad_post_sidebar_id":"","_kad_post_content_style":"default","_kad_post_vertical_padding":"default","_kad_post_feature":"","_kad_post_feature_position":"","_kad_post_header":false,"_kad_post_footer":false,"_kad_post_classname":""},"product_brand":[],"product_cat":[23],"product_tag":[47],"class_list":{"0":"post-648","1":"product","2":"type-product","3":"status-publish","4":"has-post-thumbnail","6":"product_cat-amps","7":"product_tag-5f1","9":"first","10":"instock","11":"featured","12":"shipping-taxable","13":"product-type-simple","14":"entry","15":"content-bg","16":"loop-entry"},"yoast_head":"<!-- This site is optimized with the Yoast SEO plugin v27.5 - https:\/\/yoast.com\/product\/yoast-seo-wordpress\/ -->\n<title>Master Champ (5F1) | Holy Grail Tube Amps<\/title>\n<meta name=\"description\" content=\"The *Master Champ* is our version of the classic tweed Champ from the 1950s, used by great bands such as the Rolling Stones for decades. More than 70 years later, this little gem remains a reference for many musicians thanks to its excellent tone and versatility, making it a great amplifier for practice and studio use. It is also a perfect option for live performances when miked or combined with an external speaker cabinet.\" \/>\n<meta name=\"robots\" content=\"index, follow, max-snippet:-1, max-image-preview:large, max-video-preview:-1\" \/>\n<link rel=\"canonical\" href=\"https:\/\/holygrailtubeamps.com\/es\/shop\/amps\/master-champ\/\" \/>\n<meta property=\"og:locale\" content=\"es_ES\" \/>\n<meta property=\"og:type\" content=\"article\" \/>\n<meta property=\"og:title\" content=\"Master Champ (5F1) | Holy Grail Tube Amps\" \/>\n<meta property=\"og:description\" content=\"The *Master Champ* is our version of the classic tweed Champ from the 1950s, used by great bands such as the Rolling Stones for decades. More than 70 years later, this little gem remains a reference for many musicians thanks to its excellent tone and versatility, making it a great amplifier for practice and studio use. It is also a perfect option for live performances when miked or combined with an external speaker cabinet.\" \/>\n<meta property=\"og:url\" content=\"https:\/\/holygrailtubeamps.com\/es\/shop\/amps\/master-champ\/\" \/>\n<meta property=\"og:site_name\" content=\"Holy Grail Tube Amps\" \/>\n<meta property=\"article:modified_time\" content=\"2026-03-24T16:33:03+00:00\" \/>\n<meta property=\"og:image\" content=\"https:\/\/holygrailtubeamps.com\/wp-content\/uploads\/2020\/10\/5F1_Recortado_0.9-2.jpg\" \/>\n\t<meta property=\"og:image:width\" content=\"1080\" \/>\n\t<meta property=\"og:image:height\" content=\"1080\" \/>\n\t<meta property=\"og:image:type\" content=\"image\/jpeg\" \/>\n<meta name=\"twitter:card\" content=\"summary_large_image\" \/>\n<meta name=\"twitter:label1\" content=\"Tiempo de lectura\" \/>\n\t<meta name=\"twitter:data1\" content=\"1 minuto\" \/>\n<script type=\"application\/ld+json\" class=\"yoast-schema-graph\">{\"@context\":\"https:\\\/\\\/schema.org\",\"@graph\":[{\"@type\":\"WebPage\",\"@id\":\"https:\\\/\\\/holygrailtubeamps.com\\\/shop\\\/amps\\\/master-champ\\\/\",\"url\":\"https:\\\/\\\/holygrailtubeamps.com\\\/shop\\\/amps\\\/master-champ\\\/\",\"name\":\"Master Champ (5F1) | Holy Grail Tube Amps\",\"isPartOf\":{\"@id\":\"https:\\\/\\\/holygrailtubeamps.com\\\/#website\"},\"primaryImageOfPage\":{\"@id\":\"https:\\\/\\\/holygrailtubeamps.com\\\/shop\\\/amps\\\/master-champ\\\/#primaryimage\"},\"image\":{\"@id\":\"https:\\\/\\\/holygrailtubeamps.com\\\/shop\\\/amps\\\/master-champ\\\/#primaryimage\"},\"thumbnailUrl\":\"https:\\\/\\\/holygrailtubeamps.com\\\/wp-content\\\/uploads\\\/2020\\\/10\\\/5F1_Recortado_0.9-2.jpg\",\"datePublished\":\"2020-10-26T18:15:46+00:00\",\"dateModified\":\"2026-03-24T16:33:03+00:00\",\"description\":\"The *Master Champ* is our version of the classic tweed Champ from the 1950s, used by great bands such as the Rolling Stones for decades. More than 70 years later, this little gem remains a reference for many musicians thanks to its excellent tone and versatility, making it a great amplifier for practice and studio use. It is also a perfect option for live performances when miked or combined with an external speaker cabinet.\",\"breadcrumb\":{\"@id\":\"https:\\\/\\\/holygrailtubeamps.com\\\/shop\\\/amps\\\/master-champ\\\/#breadcrumb\"},\"inLanguage\":\"es\",\"potentialAction\":[{\"@type\":\"ReadAction\",\"target\":[\"https:\\\/\\\/holygrailtubeamps.com\\\/shop\\\/amps\\\/master-champ\\\/\"]}]},{\"@type\":\"ImageObject\",\"inLanguage\":\"es\",\"@id\":\"https:\\\/\\\/holygrailtubeamps.com\\\/shop\\\/amps\\\/master-champ\\\/#primaryimage\",\"url\":\"https:\\\/\\\/holygrailtubeamps.com\\\/wp-content\\\/uploads\\\/2020\\\/10\\\/5F1_Recortado_0.9-2.jpg\",\"contentUrl\":\"https:\\\/\\\/holygrailtubeamps.com\\\/wp-content\\\/uploads\\\/2020\\\/10\\\/5F1_Recortado_0.9-2.jpg\",\"width\":1080,\"height\":1080},{\"@type\":\"BreadcrumbList\",\"@id\":\"https:\\\/\\\/holygrailtubeamps.com\\\/shop\\\/amps\\\/master-champ\\\/#breadcrumb\",\"itemListElement\":[{\"@type\":\"ListItem\",\"position\":1,\"name\":\"Portada\",\"item\":\"https:\\\/\\\/holygrailtubeamps.com\\\/\"},{\"@type\":\"ListItem\",\"position\":2,\"name\":\"Shop\",\"item\":\"https:\\\/\\\/holygrailtubeamps.com\\\/shop\\\/\"},{\"@type\":\"ListItem\",\"position\":3,\"name\":\"Master Champ (5F1)\"}]},{\"@type\":\"WebSite\",\"@id\":\"https:\\\/\\\/holygrailtubeamps.com\\\/#website\",\"url\":\"https:\\\/\\\/holygrailtubeamps.com\\\/\",\"name\":\"Holy Grail Tube Amps\",\"description\":\"Holy Grail Amps nace de la pasi\u00f3n del Ingeniero Electr\u00f3nico, Pablo S\u00e1nchez, por los amplificadores vintage de los a\u00f1os 50s y 60s.\",\"publisher\":{\"@id\":\"https:\\\/\\\/holygrailtubeamps.com\\\/#organization\"},\"alternateName\":\"Holy Grail Amps\",\"potentialAction\":[{\"@type\":\"SearchAction\",\"target\":{\"@type\":\"EntryPoint\",\"urlTemplate\":\"https:\\\/\\\/holygrailtubeamps.com\\\/?s={search_term_string}\"},\"query-input\":{\"@type\":\"PropertyValueSpecification\",\"valueRequired\":true,\"valueName\":\"search_term_string\"}}],\"inLanguage\":\"es\"},{\"@type\":\"Organization\",\"@id\":\"https:\\\/\\\/holygrailtubeamps.com\\\/#organization\",\"name\":\"Holy Grail Tube Amps\",\"alternateName\":\"Holy Grail Amps\",\"url\":\"https:\\\/\\\/holygrailtubeamps.com\\\/\",\"logo\":{\"@type\":\"ImageObject\",\"inLanguage\":\"es\",\"@id\":\"https:\\\/\\\/holygrailtubeamps.com\\\/#\\\/schema\\\/logo\\\/image\\\/\",\"url\":\"https:\\\/\\\/holygrailtubeamps.com\\\/wp-content\\\/uploads\\\/2024\\\/03\\\/Logo_Holy_Grail.jpg\",\"contentUrl\":\"https:\\\/\\\/holygrailtubeamps.com\\\/wp-content\\\/uploads\\\/2024\\\/03\\\/Logo_Holy_Grail.jpg\",\"width\":320,\"height\":320,\"caption\":\"Holy Grail Tube Amps\"},\"image\":{\"@id\":\"https:\\\/\\\/holygrailtubeamps.com\\\/#\\\/schema\\\/logo\\\/image\\\/\"},\"sameAs\":[\"https:\\\/\\\/www.instagram.com\\\/holygrailamp\\\/\",\"https:\\\/\\\/www.youtube.com\\\/channel\\\/UCxCE7FmYCaAp0_3TsTapPTQ\"]}]}<\/script>\n<!-- \/ Yoast SEO plugin. -->","yoast_head_json":{"title":"Master Champ (5F1) | Holy Grail Tube Amps","description":"El Master Champ es nuestra versi\u00f3n del cl\u00e1sico Champ tweed de los a\u00f1os 50, utilizado por grandes bandas como los Rolling Stones durante d\u00e9cadas. Despu\u00e9s de m\u00e1s de 70 a\u00f1os, esta peque\u00f1a joya sigue siendo un referente para muchos m\u00fasicos por su excelente tono y versatilidad siendo un gran amplificador para pr\u00e1ctica y estudio. Es una opci\u00f3n perfecta tambi\u00e9n para utilizar en directo si se microfon\u00e9a o se combina con un gabinete de altavoz externo.","robots":{"index":"index","follow":"follow","max-snippet":"max-snippet:-1","max-image-preview":"max-image-preview:large","max-video-preview":"max-video-preview:-1"},"canonical":"https:\/\/holygrailtubeamps.com\/es\/shop\/amps\/master-champ\/","og_locale":"es_ES","og_type":"article","og_title":"Master Champ (5F1) | Holy Grail Tube Amps","og_description":"The *Master Champ* is our version of the classic tweed Champ from the 1950s, used by great bands such as the Rolling Stones for decades. More than 70 years later, this little gem remains a reference for many musicians thanks to its excellent tone and versatility, making it a great amplifier for practice and studio use. It is also a perfect option for live performances when miked or combined with an external speaker cabinet.","og_url":"https:\/\/holygrailtubeamps.com\/es\/shop\/amps\/master-champ\/","og_site_name":"Holy Grail Tube Amps","article_modified_time":"2026-03-24T16:33:03+00:00","og_image":[{"width":1080,"height":1080,"url":"https:\/\/holygrailtubeamps.com\/wp-content\/uploads\/2020\/10\/5F1_Recortado_0.9-2.jpg","type":"image\/jpeg"}],"twitter_card":"summary_large_image","twitter_misc":{"Tiempo de lectura":"1 minuto"},"schema":{"@context":"https:\/\/schema.org","@graph":[{"@type":"WebPage","@id":"https:\/\/holygrailtubeamps.com\/shop\/amps\/master-champ\/","url":"https:\/\/holygrailtubeamps.com\/shop\/amps\/master-champ\/","name":"Master Champ (5F1) | Holy Grail Tube Amps","isPartOf":{"@id":"https:\/\/holygrailtubeamps.com\/#website"},"primaryImageOfPage":{"@id":"https:\/\/holygrailtubeamps.com\/shop\/amps\/master-champ\/#primaryimage"},"image":{"@id":"https:\/\/holygrailtubeamps.com\/shop\/amps\/master-champ\/#primaryimage"},"thumbnailUrl":"https:\/\/holygrailtubeamps.com\/wp-content\/uploads\/2020\/10\/5F1_Recortado_0.9-2.jpg","datePublished":"2020-10-26T18:15:46+00:00","dateModified":"2026-03-24T16:33:03+00:00","description":"El Master Champ es nuestra versi\u00f3n del cl\u00e1sico Champ tweed de los a\u00f1os 50, utilizado por grandes bandas como los Rolling Stones durante d\u00e9cadas. Despu\u00e9s de m\u00e1s de 70 a\u00f1os, esta peque\u00f1a joya sigue siendo un referente para muchos m\u00fasicos por su excelente tono y versatilidad siendo un gran amplificador para pr\u00e1ctica y estudio. Es una opci\u00f3n perfecta tambi\u00e9n para utilizar en directo si se microfon\u00e9a o se combina con un gabinete de altavoz externo.","breadcrumb":{"@id":"https:\/\/holygrailtubeamps.com\/shop\/amps\/master-champ\/#breadcrumb"},"inLanguage":"es","potentialAction":[{"@type":"ReadAction","target":["https:\/\/holygrailtubeamps.com\/shop\/amps\/master-champ\/"]}]},{"@type":"ImageObject","inLanguage":"es","@id":"https:\/\/holygrailtubeamps.com\/shop\/amps\/master-champ\/#primaryimage","url":"https:\/\/holygrailtubeamps.com\/wp-content\/uploads\/2020\/10\/5F1_Recortado_0.9-2.jpg","contentUrl":"https:\/\/holygrailtubeamps.com\/wp-content\/uploads\/2020\/10\/5F1_Recortado_0.9-2.jpg","width":1080,"height":1080},{"@type":"BreadcrumbList","@id":"https:\/\/holygrailtubeamps.com\/shop\/amps\/master-champ\/#breadcrumb","itemListElement":[{"@type":"ListItem","position":1,"name":"Portada","item":"https:\/\/holygrailtubeamps.com\/"},{"@type":"ListItem","position":2,"name":"Shop","item":"https:\/\/holygrailtubeamps.com\/shop\/"},{"@type":"ListItem","position":3,"name":"Master Champ (5F1)"}]},{"@type":"WebSite","@id":"https:\/\/holygrailtubeamps.com\/#website","url":"https:\/\/holygrailtubeamps.com\/","name":"Holy Grail Tube Amps","description":"Holy Grail Amps nace de la pasi\u00f3n del Ingeniero Electr\u00f3nico, Pablo S\u00e1nchez, por los amplificadores vintage de los a\u00f1os 50s y 60s.","publisher":{"@id":"https:\/\/holygrailtubeamps.com\/#organization"},"alternateName":"Holy Grail Amps","potentialAction":[{"@type":"SearchAction","target":{"@type":"EntryPoint","urlTemplate":"https:\/\/holygrailtubeamps.com\/?s={search_term_string}"},"query-input":{"@type":"PropertyValueSpecification","valueRequired":true,"valueName":"search_term_string"}}],"inLanguage":"es"},{"@type":"Organization","@id":"https:\/\/holygrailtubeamps.com\/#organization","name":"Holy Grail Tube Amps","alternateName":"Holy Grail Amps","url":"https:\/\/holygrailtubeamps.com\/","logo":{"@type":"ImageObject","inLanguage":"es","@id":"https:\/\/holygrailtubeamps.com\/#\/schema\/logo\/image\/","url":"https:\/\/holygrailtubeamps.com\/wp-content\/uploads\/2024\/03\/Logo_Holy_Grail.jpg","contentUrl":"https:\/\/holygrailtubeamps.com\/wp-content\/uploads\/2024\/03\/Logo_Holy_Grail.jpg","width":320,"height":320,"caption":"Holy Grail Tube Amps"},"image":{"@id":"https:\/\/holygrailtubeamps.com\/#\/schema\/logo\/image\/"},"sameAs":["https:\/\/www.instagram.com\/holygrailamp\/","https:\/\/www.youtube.com\/channel\/UCxCE7FmYCaAp0_3TsTapPTQ"]}]}},"_links":{"self":[{"href":"https:\/\/holygrailtubeamps.com\/es\/wp-json\/wp\/v2\/product\/648","targetHints":{"allow":["GET"]}}],"collection":[{"href":"https:\/\/holygrailtubeamps.com\/es\/wp-json\/wp\/v2\/product"}],"about":[{"href":"https:\/\/holygrailtubeamps.com\/es\/wp-json\/wp\/v2\/types\/product"}],"replies":[{"embeddable":true,"href":"https:\/\/holygrailtubeamps.com\/es\/wp-json\/wp\/v2\/comments?post=648"}],"wp:featuredmedia":[{"embeddable":true,"href":"https:\/\/holygrailtubeamps.com\/es\/wp-json\/wp\/v2\/media\/2201"}],"wp:attachment":[{"href":"https:\/\/holygrailtubeamps.com\/es\/wp-json\/wp\/v2\/media?parent=648"}],"wp:term":[{"taxonomy":"product_brand","embeddable":true,"href":"https:\/\/holygrailtubeamps.com\/es\/wp-json\/wp\/v2\/product_brand?post=648"},{"taxonomy":"product_cat","embeddable":true,"href":"https:\/\/holygrailtubeamps.com\/es\/wp-json\/wp\/v2\/product_cat?post=648"},{"taxonomy":"product_tag","embeddable":true,"href":"https:\/\/holygrailtubeamps.com\/es\/wp-json\/wp\/v2\/product_tag?post=648"}],"curies":[{"name":"wp","href":"https:\/\/api.w.org\/{rel}","templated":true}]}}