{"id":2218,"date":"2024-06-16T10:48:47","date_gmt":"2024-06-16T08:48:47","guid":{"rendered":"https:\/\/holygrailtubeamps.com\/?post_type=product&#038;p=2218"},"modified":"2026-03-24T18:06:15","modified_gmt":"2026-03-24T17:06:15","slug":"king-deluxe-vegarelics","status":"publish","type":"product","link":"https:\/\/holygrailtubeamps.com\/es\/shop\/amps\/king-deluxe-vegarelics\/","title":{"rendered":"King Deluxe (5E3) (Medium Relic)"},"content":{"rendered":"","protected":false},"excerpt":{"rendered":"<hr \/>\n<p><strong><a href=\"https:\/\/holygrailtubeamps.com\/es\/contact-and-orders\/\">BAJO PEDIDO<\/a><\/strong><\/p>\n<hr \/>\n<p>El King Deluxe Vegarelics es nuestra versi\u00f3n del cl\u00e1sico Deluxe de los a\u00f1os 50 relicado por el gran luthier Tony de Vigo y su equipo, creador de las guitarras Vegarelics. Acabado en nitro y con un trabajo detallado en el relic de metales y mueble. Si quieres una pieza \u00fanica que te trasporte a los a\u00f1os 50 este es tu amplificador.<\/p>\n<p>Este amplificador ha sido considerado durante mucho tiempo el amplificador de blues por excelencia para lugares peque\u00f1os y medianos, todav\u00eda lo es. Construimos el King Deluxe con la m\u00e1xima atenci\u00f3n en el detalle, para obtener el mejor resultado tanto a nivel est\u00e9tico como sonoro, utilizando los mejores materiales disponibles, no escatimamos en nada que pueda afectar al resultado final.<\/p>\n<p>Este Holy Grail no deja a nadie indiferente, monta de serie un altavoz celestion gold alnico de m\u00e1xima sensibilidad, que te permitir\u00e1 conseguir desde limpios cristalinos a sonidos crunch desvocados. Con sus 14W es una herramienta \u00fanica para el trabajo en cualquier contexto, estudio, local o directo.<\/p>\n<hr \/>\n<p>Especificaciones:<\/p>\n<ul>\n<li>14 vatios de potencia<\/li>\n<li>Circuito tipo 5E3<\/li>\n<li>Operaci\u00f3n clase A, Push\/pull<\/li>\n<li>Dise\u00f1o de polarizaci\u00f3n cat\u00f3dica<\/li>\n<li>Altavoz: Celestion Gold Alnico*<\/li>\n<li>V\u00e1lvulas: 1x5Y3, 2x6V6GT, 2x12AX7<\/li>\n<li>Revestimiento: Original Tweed made in USA*. Lacado en Nitro. Relic realizado por Vegarelics. Nivel de relic personalizable.<\/li>\n<li>Condensadores de Tono Vintage Made in USA<\/li>\n<li>Mueble de pino macizo<\/li>\n<li>Paneles frontales y traseros, contrachapado de abedul fen\u00f3lico 7mm<\/li>\n<li>Panel de altavoz, contrachapado abedul fen\u00f3lico 10mm<\/li>\n<li>Tama\u00f1o del gabinete (alto x ancho x profundidad): 42,5 x 50.8 x 24.1 cm<\/li>\n<li>Peso: 13.5 Kg.<\/li>\n<\/ul>\n<p>*otras opciones est\u00e1n disponibles bajo pedido.<\/p>","protected":false},"featured_media":2219,"comment_status":"closed","ping_status":"closed","template":"","meta":{"inline_featured_image":false,"_kadence_starter_templates_imported_post":false,"_kad_post_transparent":"default","_kad_post_title":"","_kad_post_layout":"default","_kad_post_sidebar_id":"","_kad_post_content_style":"default","_kad_post_vertical_padding":"default","_kad_post_feature":"","_kad_post_feature_position":"","_kad_post_header":false,"_kad_post_footer":false,"_kad_post_classname":""},"product_brand":[],"product_cat":[23],"product_tag":[48],"class_list":{"0":"post-2218","1":"product","2":"type-product","3":"status-publish","4":"has-post-thumbnail","6":"product_cat-amps","7":"product_tag-48","9":"first","10":"instock","11":"shipping-taxable","12":"product-type-simple","13":"entry","14":"content-bg","15":"loop-entry"},"yoast_head":"<!-- This site is optimized with the Yoast SEO plugin v27.5 - https:\/\/yoast.com\/product\/yoast-seo-wordpress\/ -->\n<title>King Deluxe (5E3) (Medium Relic) | Holy Grail Tube Amps<\/title>\n<meta name=\"description\" content=\"The King Deluxe Vegarelics is our version of the classic 1950s Deluxe, relic\u2019d by renowned luthier Tony de Vigo and his team, creators of Vegarelics guitars. Finished in nitrocellulose lacquer, with detailed relic work on both the metal hardware and the cabinet. If you\u2019re looking for a unique piece that transports you straight to the 1950s, this is your amplifier.\" \/>\n<meta name=\"robots\" content=\"index, follow, max-snippet:-1, max-image-preview:large, max-video-preview:-1\" \/>\n<link rel=\"canonical\" href=\"https:\/\/holygrailtubeamps.com\/es\/shop\/amps\/king-deluxe-vegarelics\/\" \/>\n<meta property=\"og:locale\" content=\"es_ES\" \/>\n<meta property=\"og:type\" content=\"article\" \/>\n<meta property=\"og:title\" content=\"King Deluxe (5E3) (Medium Relic) | Holy Grail Tube Amps\" \/>\n<meta property=\"og:description\" content=\"The King Deluxe Vegarelics is our version of the classic 1950s Deluxe, relic\u2019d by renowned luthier Tony de Vigo and his team, creators of Vegarelics guitars. Finished in nitrocellulose lacquer, with detailed relic work on both the metal hardware and the cabinet. If you\u2019re looking for a unique piece that transports you straight to the 1950s, this is your amplifier.\" \/>\n<meta property=\"og:url\" content=\"https:\/\/holygrailtubeamps.com\/es\/shop\/amps\/king-deluxe-vegarelics\/\" \/>\n<meta property=\"og:site_name\" content=\"Holy Grail Tube Amps\" \/>\n<meta property=\"article:modified_time\" content=\"2026-03-24T17:06:15+00:00\" \/>\n<meta property=\"og:image\" content=\"https:\/\/holygrailtubeamps.com\/wp-content\/uploads\/2024\/06\/VegaRelics18_mayo13835.jpg\" \/>\n\t<meta property=\"og:image:width\" content=\"1181\" \/>\n\t<meta property=\"og:image:height\" content=\"1181\" \/>\n\t<meta property=\"og:image:type\" content=\"image\/jpeg\" \/>\n<meta name=\"twitter:card\" content=\"summary_large_image\" \/>\n<meta name=\"twitter:label1\" content=\"Tiempo de lectura\" \/>\n\t<meta name=\"twitter:data1\" content=\"1 minuto\" \/>\n<script type=\"application\/ld+json\" class=\"yoast-schema-graph\">{\"@context\":\"https:\\\/\\\/schema.org\",\"@graph\":[{\"@type\":\"WebPage\",\"@id\":\"https:\\\/\\\/holygrailtubeamps.com\\\/shop\\\/amps\\\/king-deluxe-vegarelics\\\/\",\"url\":\"https:\\\/\\\/holygrailtubeamps.com\\\/shop\\\/amps\\\/king-deluxe-vegarelics\\\/\",\"name\":\"King Deluxe (5E3) (Medium Relic) | Holy Grail Tube Amps\",\"isPartOf\":{\"@id\":\"https:\\\/\\\/holygrailtubeamps.com\\\/#website\"},\"primaryImageOfPage\":{\"@id\":\"https:\\\/\\\/holygrailtubeamps.com\\\/shop\\\/amps\\\/king-deluxe-vegarelics\\\/#primaryimage\"},\"image\":{\"@id\":\"https:\\\/\\\/holygrailtubeamps.com\\\/shop\\\/amps\\\/king-deluxe-vegarelics\\\/#primaryimage\"},\"thumbnailUrl\":\"https:\\\/\\\/holygrailtubeamps.com\\\/wp-content\\\/uploads\\\/2024\\\/06\\\/VegaRelics18_mayo13835.jpg\",\"datePublished\":\"2024-06-16T08:48:47+00:00\",\"dateModified\":\"2026-03-24T17:06:15+00:00\",\"description\":\"The King Deluxe Vegarelics is our version of the classic 1950s Deluxe, relic\u2019d by renowned luthier Tony de Vigo and his team, creators of Vegarelics guitars. Finished in nitrocellulose lacquer, with detailed relic work on both the metal hardware and the cabinet. If you\u2019re looking for a unique piece that transports you straight to the 1950s, this is your amplifier.\",\"breadcrumb\":{\"@id\":\"https:\\\/\\\/holygrailtubeamps.com\\\/shop\\\/amps\\\/king-deluxe-vegarelics\\\/#breadcrumb\"},\"inLanguage\":\"es\",\"potentialAction\":[{\"@type\":\"ReadAction\",\"target\":[\"https:\\\/\\\/holygrailtubeamps.com\\\/shop\\\/amps\\\/king-deluxe-vegarelics\\\/\"]}]},{\"@type\":\"ImageObject\",\"inLanguage\":\"es\",\"@id\":\"https:\\\/\\\/holygrailtubeamps.com\\\/shop\\\/amps\\\/king-deluxe-vegarelics\\\/#primaryimage\",\"url\":\"https:\\\/\\\/holygrailtubeamps.com\\\/wp-content\\\/uploads\\\/2024\\\/06\\\/VegaRelics18_mayo13835.jpg\",\"contentUrl\":\"https:\\\/\\\/holygrailtubeamps.com\\\/wp-content\\\/uploads\\\/2024\\\/06\\\/VegaRelics18_mayo13835.jpg\",\"width\":1181,\"height\":1181},{\"@type\":\"BreadcrumbList\",\"@id\":\"https:\\\/\\\/holygrailtubeamps.com\\\/shop\\\/amps\\\/king-deluxe-vegarelics\\\/#breadcrumb\",\"itemListElement\":[{\"@type\":\"ListItem\",\"position\":1,\"name\":\"Portada\",\"item\":\"https:\\\/\\\/holygrailtubeamps.com\\\/\"},{\"@type\":\"ListItem\",\"position\":2,\"name\":\"Shop\",\"item\":\"https:\\\/\\\/holygrailtubeamps.com\\\/shop\\\/\"},{\"@type\":\"ListItem\",\"position\":3,\"name\":\"King Deluxe (5E3) (Medium Relic)\"}]},{\"@type\":\"WebSite\",\"@id\":\"https:\\\/\\\/holygrailtubeamps.com\\\/#website\",\"url\":\"https:\\\/\\\/holygrailtubeamps.com\\\/\",\"name\":\"Holy Grail Tube Amps\",\"description\":\"Holy Grail Amps nace de la pasi\u00f3n del Ingeniero Electr\u00f3nico, Pablo S\u00e1nchez, por los amplificadores vintage de los a\u00f1os 50s y 60s.\",\"publisher\":{\"@id\":\"https:\\\/\\\/holygrailtubeamps.com\\\/#organization\"},\"alternateName\":\"Holy Grail Amps\",\"potentialAction\":[{\"@type\":\"SearchAction\",\"target\":{\"@type\":\"EntryPoint\",\"urlTemplate\":\"https:\\\/\\\/holygrailtubeamps.com\\\/?s={search_term_string}\"},\"query-input\":{\"@type\":\"PropertyValueSpecification\",\"valueRequired\":true,\"valueName\":\"search_term_string\"}}],\"inLanguage\":\"es\"},{\"@type\":\"Organization\",\"@id\":\"https:\\\/\\\/holygrailtubeamps.com\\\/#organization\",\"name\":\"Holy Grail Tube Amps\",\"alternateName\":\"Holy Grail Amps\",\"url\":\"https:\\\/\\\/holygrailtubeamps.com\\\/\",\"logo\":{\"@type\":\"ImageObject\",\"inLanguage\":\"es\",\"@id\":\"https:\\\/\\\/holygrailtubeamps.com\\\/#\\\/schema\\\/logo\\\/image\\\/\",\"url\":\"https:\\\/\\\/holygrailtubeamps.com\\\/wp-content\\\/uploads\\\/2024\\\/03\\\/Logo_Holy_Grail.jpg\",\"contentUrl\":\"https:\\\/\\\/holygrailtubeamps.com\\\/wp-content\\\/uploads\\\/2024\\\/03\\\/Logo_Holy_Grail.jpg\",\"width\":320,\"height\":320,\"caption\":\"Holy Grail Tube Amps\"},\"image\":{\"@id\":\"https:\\\/\\\/holygrailtubeamps.com\\\/#\\\/schema\\\/logo\\\/image\\\/\"},\"sameAs\":[\"https:\\\/\\\/www.instagram.com\\\/holygrailamp\\\/\",\"https:\\\/\\\/www.youtube.com\\\/channel\\\/UCxCE7FmYCaAp0_3TsTapPTQ\"]}]}<\/script>\n<!-- \/ Yoast SEO plugin. -->","yoast_head_json":{"title":"King Deluxe (5E3) (Medium Relic) | Holy Grail Tube Amps","description":"The King Deluxe Vegarelics is our version of the classic 1950s Deluxe, relic\u2019d by renowned luthier Tony de Vigo and his team, creators of Vegarelics guitars. Finished in nitrocellulose lacquer, with detailed relic work on both the metal hardware and the cabinet. If you\u2019re looking for a unique piece that transports you straight to the 1950s, this is your amplifier.","robots":{"index":"index","follow":"follow","max-snippet":"max-snippet:-1","max-image-preview":"max-image-preview:large","max-video-preview":"max-video-preview:-1"},"canonical":"https:\/\/holygrailtubeamps.com\/es\/shop\/amps\/king-deluxe-vegarelics\/","og_locale":"es_ES","og_type":"article","og_title":"King Deluxe (5E3) (Medium Relic) | Holy Grail Tube Amps","og_description":"The King Deluxe Vegarelics is our version of the classic 1950s Deluxe, relic\u2019d by renowned luthier Tony de Vigo and his team, creators of Vegarelics guitars. Finished in nitrocellulose lacquer, with detailed relic work on both the metal hardware and the cabinet. If you\u2019re looking for a unique piece that transports you straight to the 1950s, this is your amplifier.","og_url":"https:\/\/holygrailtubeamps.com\/es\/shop\/amps\/king-deluxe-vegarelics\/","og_site_name":"Holy Grail Tube Amps","article_modified_time":"2026-03-24T17:06:15+00:00","og_image":[{"width":1181,"height":1181,"url":"https:\/\/holygrailtubeamps.com\/wp-content\/uploads\/2024\/06\/VegaRelics18_mayo13835.jpg","type":"image\/jpeg"}],"twitter_card":"summary_large_image","twitter_misc":{"Tiempo de lectura":"1 minuto"},"schema":{"@context":"https:\/\/schema.org","@graph":[{"@type":"WebPage","@id":"https:\/\/holygrailtubeamps.com\/shop\/amps\/king-deluxe-vegarelics\/","url":"https:\/\/holygrailtubeamps.com\/shop\/amps\/king-deluxe-vegarelics\/","name":"King Deluxe (5E3) (Medium Relic) | Holy Grail Tube Amps","isPartOf":{"@id":"https:\/\/holygrailtubeamps.com\/#website"},"primaryImageOfPage":{"@id":"https:\/\/holygrailtubeamps.com\/shop\/amps\/king-deluxe-vegarelics\/#primaryimage"},"image":{"@id":"https:\/\/holygrailtubeamps.com\/shop\/amps\/king-deluxe-vegarelics\/#primaryimage"},"thumbnailUrl":"https:\/\/holygrailtubeamps.com\/wp-content\/uploads\/2024\/06\/VegaRelics18_mayo13835.jpg","datePublished":"2024-06-16T08:48:47+00:00","dateModified":"2026-03-24T17:06:15+00:00","description":"The King Deluxe Vegarelics is our version of the classic 1950s Deluxe, relic\u2019d by renowned luthier Tony de Vigo and his team, creators of Vegarelics guitars. Finished in nitrocellulose lacquer, with detailed relic work on both the metal hardware and the cabinet. If you\u2019re looking for a unique piece that transports you straight to the 1950s, this is your amplifier.","breadcrumb":{"@id":"https:\/\/holygrailtubeamps.com\/shop\/amps\/king-deluxe-vegarelics\/#breadcrumb"},"inLanguage":"es","potentialAction":[{"@type":"ReadAction","target":["https:\/\/holygrailtubeamps.com\/shop\/amps\/king-deluxe-vegarelics\/"]}]},{"@type":"ImageObject","inLanguage":"es","@id":"https:\/\/holygrailtubeamps.com\/shop\/amps\/king-deluxe-vegarelics\/#primaryimage","url":"https:\/\/holygrailtubeamps.com\/wp-content\/uploads\/2024\/06\/VegaRelics18_mayo13835.jpg","contentUrl":"https:\/\/holygrailtubeamps.com\/wp-content\/uploads\/2024\/06\/VegaRelics18_mayo13835.jpg","width":1181,"height":1181},{"@type":"BreadcrumbList","@id":"https:\/\/holygrailtubeamps.com\/shop\/amps\/king-deluxe-vegarelics\/#breadcrumb","itemListElement":[{"@type":"ListItem","position":1,"name":"Portada","item":"https:\/\/holygrailtubeamps.com\/"},{"@type":"ListItem","position":2,"name":"Shop","item":"https:\/\/holygrailtubeamps.com\/shop\/"},{"@type":"ListItem","position":3,"name":"King Deluxe (5E3) (Medium Relic)"}]},{"@type":"WebSite","@id":"https:\/\/holygrailtubeamps.com\/#website","url":"https:\/\/holygrailtubeamps.com\/","name":"Holy Grail Tube Amps","description":"Holy Grail Amps nace de la pasi\u00f3n del Ingeniero Electr\u00f3nico, Pablo S\u00e1nchez, por los amplificadores vintage de los a\u00f1os 50s y 60s.","publisher":{"@id":"https:\/\/holygrailtubeamps.com\/#organization"},"alternateName":"Holy Grail Amps","potentialAction":[{"@type":"SearchAction","target":{"@type":"EntryPoint","urlTemplate":"https:\/\/holygrailtubeamps.com\/?s={search_term_string}"},"query-input":{"@type":"PropertyValueSpecification","valueRequired":true,"valueName":"search_term_string"}}],"inLanguage":"es"},{"@type":"Organization","@id":"https:\/\/holygrailtubeamps.com\/#organization","name":"Holy Grail Tube Amps","alternateName":"Holy Grail Amps","url":"https:\/\/holygrailtubeamps.com\/","logo":{"@type":"ImageObject","inLanguage":"es","@id":"https:\/\/holygrailtubeamps.com\/#\/schema\/logo\/image\/","url":"https:\/\/holygrailtubeamps.com\/wp-content\/uploads\/2024\/03\/Logo_Holy_Grail.jpg","contentUrl":"https:\/\/holygrailtubeamps.com\/wp-content\/uploads\/2024\/03\/Logo_Holy_Grail.jpg","width":320,"height":320,"caption":"Holy Grail Tube Amps"},"image":{"@id":"https:\/\/holygrailtubeamps.com\/#\/schema\/logo\/image\/"},"sameAs":["https:\/\/www.instagram.com\/holygrailamp\/","https:\/\/www.youtube.com\/channel\/UCxCE7FmYCaAp0_3TsTapPTQ"]}]}},"_links":{"self":[{"href":"https:\/\/holygrailtubeamps.com\/es\/wp-json\/wp\/v2\/product\/2218","targetHints":{"allow":["GET"]}}],"collection":[{"href":"https:\/\/holygrailtubeamps.com\/es\/wp-json\/wp\/v2\/product"}],"about":[{"href":"https:\/\/holygrailtubeamps.com\/es\/wp-json\/wp\/v2\/types\/product"}],"replies":[{"embeddable":true,"href":"https:\/\/holygrailtubeamps.com\/es\/wp-json\/wp\/v2\/comments?post=2218"}],"wp:featuredmedia":[{"embeddable":true,"href":"https:\/\/holygrailtubeamps.com\/es\/wp-json\/wp\/v2\/media\/2219"}],"wp:attachment":[{"href":"https:\/\/holygrailtubeamps.com\/es\/wp-json\/wp\/v2\/media?parent=2218"}],"wp:term":[{"taxonomy":"product_brand","embeddable":true,"href":"https:\/\/holygrailtubeamps.com\/es\/wp-json\/wp\/v2\/product_brand?post=2218"},{"taxonomy":"product_cat","embeddable":true,"href":"https:\/\/holygrailtubeamps.com\/es\/wp-json\/wp\/v2\/product_cat?post=2218"},{"taxonomy":"product_tag","embeddable":true,"href":"https:\/\/holygrailtubeamps.com\/es\/wp-json\/wp\/v2\/product_tag?post=2218"}],"curies":[{"name":"wp","href":"https:\/\/api.w.org\/{rel}","templated":true}]}}