{"id":2183,"date":"2024-04-23T20:20:15","date_gmt":"2024-04-23T18:20:15","guid":{"rendered":"https:\/\/holygrailtubeamps.com\/?post_type=product&#038;p=2183"},"modified":"2026-03-24T17:28:36","modified_gmt":"2026-03-24T16:28:36","slug":"master-champ-5f1-red-edition","status":"publish","type":"product","link":"https:\/\/holygrailtubeamps.com\/es\/shop\/amps\/master-champ-5f1-red-edition\/","title":{"rendered":"Master Champ (5F1) &#8211; Red Edition"},"content":{"rendered":"","protected":false},"excerpt":{"rendered":"<p>**Custom Red Edition**<\/p>\n<hr \/>\n<p><strong><a href=\"https:\/\/holygrailtubeamps.com\/es\/contact-and-orders\/\">BAJO PEDIDO<\/a><\/strong><\/p>\n<hr \/>\n<p>Master Champ es nuestra versi\u00f3n del cl\u00e1sico Champ tweed de los a\u00f1os 50, utilizado por grandes bandas como los Rolling Stones durante d\u00e9cadas. Despu\u00e9s de m\u00e1s de 70 a\u00f1os, esta peque\u00f1a joya sigue siendo un referente para muchos m\u00fasicos por su excelente tono y versatilidad siendo un gran amplificador para pr\u00e1ctica y estudio. Es una opci\u00f3n perfecta tambi\u00e9n para utilizar en directo, microfoneado o combinando con un gabinete de altavoz externo.<\/p>\n<p>Nuestro Master Champ esta fabricado con las mismas t\u00e9cnicas y materiales utilizados en los 50s para conseguir el tono mas autentico. Incorpora un Master Control adicional que permite exprimir todav\u00eda mas el gran tono de este circuito. Este control permite saturar el sonido a volumen mas bajos, sin perder tono. Sus 5w te sorprender\u00e1n\u2026<\/p>\n<hr \/>\n<p>Especificaciones:<\/p>\n<ul>\n<li>5 vatios de potencia<\/li>\n<li>Circuito tipo 5F1<\/li>\n<li>Operaci\u00f3n clase A<\/li>\n<li>Dise\u00f1o de polarizaci\u00f3n cat\u00f3dica<\/li>\n<li>Recubierto de tela met\u00e1lica vintage<\/li>\n<li>Condensadores Jupiter Yellow Vintage Tone<\/li>\n<li>Resistencias de compuesto de carbono<\/li>\n<li>Altavoz: Jensen P8R*<\/li>\n<li>V\u00e1lvulas: 1x5Y3, 1x6V6GT, 1x12AX7<\/li>\n<li>Transformador de salida: Made in USA<\/li>\n<li>Revestimiento: Tolex Red Levant<\/li>\n<li>Mueble de pino macizo 18mm, encolado con Titebond Original<\/li>\n<li>Paneles frontales y traseros, contrachapado de abedul fen\u00f3lico 7mm<\/li>\n<li>Panel de altavoz, contrachapado abedul fen\u00f3lico 10mm<\/li>\n<li>Tama\u00f1o del gabinete (alto x ancho x profundidad): 30,5 x 34,5 x 19,5 cm<\/li>\n<li>Peso: 7,6Kg.<\/li>\n<\/ul>\n<p>* Otras opciones de altavoz est\u00e1n disponibles bajo pedido.<\/p>","protected":false},"featured_media":2204,"comment_status":"closed","ping_status":"closed","template":"","meta":{"inline_featured_image":false,"_kadence_starter_templates_imported_post":false,"_kad_post_transparent":"default","_kad_post_title":"","_kad_post_layout":"default","_kad_post_sidebar_id":"","_kad_post_content_style":"default","_kad_post_vertical_padding":"default","_kad_post_feature":"","_kad_post_feature_position":"","_kad_post_header":false,"_kad_post_footer":false,"_kad_post_classname":""},"product_brand":[],"product_cat":[23],"product_tag":[47],"class_list":{"0":"post-2183","1":"product","2":"type-product","3":"status-publish","4":"has-post-thumbnail","6":"product_cat-amps","7":"product_tag-5f1","9":"first","10":"instock","11":"featured","12":"shipping-taxable","13":"product-type-simple","14":"entry","15":"content-bg","16":"loop-entry"},"yoast_head":"<!-- This site is optimized with the Yoast SEO plugin v27.5 - https:\/\/yoast.com\/product\/yoast-seo-wordpress\/ -->\n<title>Master Champ (5F1) - Red Edition | Holy Grail Tube Amps<\/title>\n<meta name=\"description\" content=\"The *Master Champ* is our take on the classic 1950s tweed Champ, used by legendary bands such as the Rolling Stones for decades. More than 70 years later, this little gem remains a reference for many musicians thanks to its excellent tone and versatility, making it ideal for practice and studio use. It is also a perfect option for live performances, whether miked or combined with an external speaker cabinet.\" \/>\n<meta name=\"robots\" content=\"index, follow, max-snippet:-1, max-image-preview:large, max-video-preview:-1\" \/>\n<link rel=\"canonical\" href=\"https:\/\/holygrailtubeamps.com\/es\/shop\/amps\/master-champ-5f1-red-edition\/\" \/>\n<meta property=\"og:locale\" content=\"es_ES\" \/>\n<meta property=\"og:type\" content=\"article\" \/>\n<meta property=\"og:title\" content=\"Master Champ (5F1) - Red Edition | Holy Grail Tube Amps\" \/>\n<meta property=\"og:description\" content=\"The *Master Champ* is our take on the classic 1950s tweed Champ, used by legendary bands such as the Rolling Stones for decades. More than 70 years later, this little gem remains a reference for many musicians thanks to its excellent tone and versatility, making it ideal for practice and studio use. It is also a perfect option for live performances, whether miked or combined with an external speaker cabinet.\" \/>\n<meta property=\"og:url\" content=\"https:\/\/holygrailtubeamps.com\/es\/shop\/amps\/master-champ-5f1-red-edition\/\" \/>\n<meta property=\"og:site_name\" content=\"Holy Grail Tube Amps\" \/>\n<meta property=\"article:modified_time\" content=\"2026-03-24T16:28:36+00:00\" \/>\n<meta property=\"og:image\" content=\"https:\/\/holygrailtubeamps.com\/wp-content\/uploads\/2024\/04\/5F1_Red_Recortado_COMP-scaled.jpg\" \/>\n\t<meta property=\"og:image:width\" content=\"2560\" \/>\n\t<meta property=\"og:image:height\" content=\"1707\" \/>\n\t<meta property=\"og:image:type\" content=\"image\/jpeg\" \/>\n<meta name=\"twitter:card\" content=\"summary_large_image\" \/>\n<meta name=\"twitter:label1\" content=\"Tiempo de lectura\" \/>\n\t<meta name=\"twitter:data1\" content=\"1 minuto\" \/>\n<script type=\"application\/ld+json\" class=\"yoast-schema-graph\">{\"@context\":\"https:\\\/\\\/schema.org\",\"@graph\":[{\"@type\":\"WebPage\",\"@id\":\"https:\\\/\\\/holygrailtubeamps.com\\\/shop\\\/amps\\\/master-champ-5f1-red-edition\\\/\",\"url\":\"https:\\\/\\\/holygrailtubeamps.com\\\/shop\\\/amps\\\/master-champ-5f1-red-edition\\\/\",\"name\":\"Master Champ (5F1) - Red Edition | Holy Grail Tube Amps\",\"isPartOf\":{\"@id\":\"https:\\\/\\\/holygrailtubeamps.com\\\/#website\"},\"primaryImageOfPage\":{\"@id\":\"https:\\\/\\\/holygrailtubeamps.com\\\/shop\\\/amps\\\/master-champ-5f1-red-edition\\\/#primaryimage\"},\"image\":{\"@id\":\"https:\\\/\\\/holygrailtubeamps.com\\\/shop\\\/amps\\\/master-champ-5f1-red-edition\\\/#primaryimage\"},\"thumbnailUrl\":\"https:\\\/\\\/holygrailtubeamps.com\\\/wp-content\\\/uploads\\\/2024\\\/04\\\/5F1_Red_Recortado_COMP-scaled.jpg\",\"datePublished\":\"2024-04-23T18:20:15+00:00\",\"dateModified\":\"2026-03-24T16:28:36+00:00\",\"description\":\"The *Master Champ* is our take on the classic 1950s tweed Champ, used by legendary bands such as the Rolling Stones for decades. More than 70 years later, this little gem remains a reference for many musicians thanks to its excellent tone and versatility, making it ideal for practice and studio use. It is also a perfect option for live performances, whether miked or combined with an external speaker cabinet.\",\"breadcrumb\":{\"@id\":\"https:\\\/\\\/holygrailtubeamps.com\\\/shop\\\/amps\\\/master-champ-5f1-red-edition\\\/#breadcrumb\"},\"inLanguage\":\"es\",\"potentialAction\":[{\"@type\":\"ReadAction\",\"target\":[\"https:\\\/\\\/holygrailtubeamps.com\\\/shop\\\/amps\\\/master-champ-5f1-red-edition\\\/\"]}]},{\"@type\":\"ImageObject\",\"inLanguage\":\"es\",\"@id\":\"https:\\\/\\\/holygrailtubeamps.com\\\/shop\\\/amps\\\/master-champ-5f1-red-edition\\\/#primaryimage\",\"url\":\"https:\\\/\\\/holygrailtubeamps.com\\\/wp-content\\\/uploads\\\/2024\\\/04\\\/5F1_Red_Recortado_COMP-scaled.jpg\",\"contentUrl\":\"https:\\\/\\\/holygrailtubeamps.com\\\/wp-content\\\/uploads\\\/2024\\\/04\\\/5F1_Red_Recortado_COMP-scaled.jpg\",\"width\":2560,\"height\":1707},{\"@type\":\"BreadcrumbList\",\"@id\":\"https:\\\/\\\/holygrailtubeamps.com\\\/shop\\\/amps\\\/master-champ-5f1-red-edition\\\/#breadcrumb\",\"itemListElement\":[{\"@type\":\"ListItem\",\"position\":1,\"name\":\"Portada\",\"item\":\"https:\\\/\\\/holygrailtubeamps.com\\\/\"},{\"@type\":\"ListItem\",\"position\":2,\"name\":\"Shop\",\"item\":\"https:\\\/\\\/holygrailtubeamps.com\\\/shop\\\/\"},{\"@type\":\"ListItem\",\"position\":3,\"name\":\"Master Champ (5F1) &#8211; Red Edition\"}]},{\"@type\":\"WebSite\",\"@id\":\"https:\\\/\\\/holygrailtubeamps.com\\\/#website\",\"url\":\"https:\\\/\\\/holygrailtubeamps.com\\\/\",\"name\":\"Holy Grail Tube Amps\",\"description\":\"Holy Grail Amps nace de la pasi\u00f3n del Ingeniero Electr\u00f3nico, Pablo S\u00e1nchez, por los amplificadores vintage de los a\u00f1os 50s y 60s.\",\"publisher\":{\"@id\":\"https:\\\/\\\/holygrailtubeamps.com\\\/#organization\"},\"alternateName\":\"Holy Grail Amps\",\"potentialAction\":[{\"@type\":\"SearchAction\",\"target\":{\"@type\":\"EntryPoint\",\"urlTemplate\":\"https:\\\/\\\/holygrailtubeamps.com\\\/?s={search_term_string}\"},\"query-input\":{\"@type\":\"PropertyValueSpecification\",\"valueRequired\":true,\"valueName\":\"search_term_string\"}}],\"inLanguage\":\"es\"},{\"@type\":\"Organization\",\"@id\":\"https:\\\/\\\/holygrailtubeamps.com\\\/#organization\",\"name\":\"Holy Grail Tube Amps\",\"alternateName\":\"Holy Grail Amps\",\"url\":\"https:\\\/\\\/holygrailtubeamps.com\\\/\",\"logo\":{\"@type\":\"ImageObject\",\"inLanguage\":\"es\",\"@id\":\"https:\\\/\\\/holygrailtubeamps.com\\\/#\\\/schema\\\/logo\\\/image\\\/\",\"url\":\"https:\\\/\\\/holygrailtubeamps.com\\\/wp-content\\\/uploads\\\/2024\\\/03\\\/Logo_Holy_Grail.jpg\",\"contentUrl\":\"https:\\\/\\\/holygrailtubeamps.com\\\/wp-content\\\/uploads\\\/2024\\\/03\\\/Logo_Holy_Grail.jpg\",\"width\":320,\"height\":320,\"caption\":\"Holy Grail Tube Amps\"},\"image\":{\"@id\":\"https:\\\/\\\/holygrailtubeamps.com\\\/#\\\/schema\\\/logo\\\/image\\\/\"},\"sameAs\":[\"https:\\\/\\\/www.instagram.com\\\/holygrailamp\\\/\",\"https:\\\/\\\/www.youtube.com\\\/channel\\\/UCxCE7FmYCaAp0_3TsTapPTQ\"]}]}<\/script>\n<!-- \/ Yoast SEO plugin. -->","yoast_head_json":{"title":"Master Champ (5F1) - Red Edition | Holy Grail Tube Amps","description":"Master Champ es nuestra versi\u00f3n del cl\u00e1sico Champ tweed de los a\u00f1os 50, utilizado por grandes bandas como los Rolling Stones durante d\u00e9cadas. Despu\u00e9s de m\u00e1s de 70 a\u00f1os, esta peque\u00f1a joya sigue siendo un referente para muchos m\u00fasicos por su excelente tono y versatilidad siendo un gran amplificador para pr\u00e1ctica y estudio. Es una opci\u00f3n perfecta tambi\u00e9n para utilizar en directo, microfoneado o combinando con un gabinete de altavoz externo.","robots":{"index":"index","follow":"follow","max-snippet":"max-snippet:-1","max-image-preview":"max-image-preview:large","max-video-preview":"max-video-preview:-1"},"canonical":"https:\/\/holygrailtubeamps.com\/es\/shop\/amps\/master-champ-5f1-red-edition\/","og_locale":"es_ES","og_type":"article","og_title":"Master Champ (5F1) - Red Edition | Holy Grail Tube Amps","og_description":"The *Master Champ* is our take on the classic 1950s tweed Champ, used by legendary bands such as the Rolling Stones for decades. More than 70 years later, this little gem remains a reference for many musicians thanks to its excellent tone and versatility, making it ideal for practice and studio use. It is also a perfect option for live performances, whether miked or combined with an external speaker cabinet.","og_url":"https:\/\/holygrailtubeamps.com\/es\/shop\/amps\/master-champ-5f1-red-edition\/","og_site_name":"Holy Grail Tube Amps","article_modified_time":"2026-03-24T16:28:36+00:00","og_image":[{"width":2560,"height":1707,"url":"https:\/\/holygrailtubeamps.com\/wp-content\/uploads\/2024\/04\/5F1_Red_Recortado_COMP-scaled.jpg","type":"image\/jpeg"}],"twitter_card":"summary_large_image","twitter_misc":{"Tiempo de lectura":"1 minuto"},"schema":{"@context":"https:\/\/schema.org","@graph":[{"@type":"WebPage","@id":"https:\/\/holygrailtubeamps.com\/shop\/amps\/master-champ-5f1-red-edition\/","url":"https:\/\/holygrailtubeamps.com\/shop\/amps\/master-champ-5f1-red-edition\/","name":"Master Champ (5F1) - Red Edition | Holy Grail Tube Amps","isPartOf":{"@id":"https:\/\/holygrailtubeamps.com\/#website"},"primaryImageOfPage":{"@id":"https:\/\/holygrailtubeamps.com\/shop\/amps\/master-champ-5f1-red-edition\/#primaryimage"},"image":{"@id":"https:\/\/holygrailtubeamps.com\/shop\/amps\/master-champ-5f1-red-edition\/#primaryimage"},"thumbnailUrl":"https:\/\/holygrailtubeamps.com\/wp-content\/uploads\/2024\/04\/5F1_Red_Recortado_COMP-scaled.jpg","datePublished":"2024-04-23T18:20:15+00:00","dateModified":"2026-03-24T16:28:36+00:00","description":"Master Champ es nuestra versi\u00f3n del cl\u00e1sico Champ tweed de los a\u00f1os 50, utilizado por grandes bandas como los Rolling Stones durante d\u00e9cadas. Despu\u00e9s de m\u00e1s de 70 a\u00f1os, esta peque\u00f1a joya sigue siendo un referente para muchos m\u00fasicos por su excelente tono y versatilidad siendo un gran amplificador para pr\u00e1ctica y estudio. Es una opci\u00f3n perfecta tambi\u00e9n para utilizar en directo, microfoneado o combinando con un gabinete de altavoz externo.","breadcrumb":{"@id":"https:\/\/holygrailtubeamps.com\/shop\/amps\/master-champ-5f1-red-edition\/#breadcrumb"},"inLanguage":"es","potentialAction":[{"@type":"ReadAction","target":["https:\/\/holygrailtubeamps.com\/shop\/amps\/master-champ-5f1-red-edition\/"]}]},{"@type":"ImageObject","inLanguage":"es","@id":"https:\/\/holygrailtubeamps.com\/shop\/amps\/master-champ-5f1-red-edition\/#primaryimage","url":"https:\/\/holygrailtubeamps.com\/wp-content\/uploads\/2024\/04\/5F1_Red_Recortado_COMP-scaled.jpg","contentUrl":"https:\/\/holygrailtubeamps.com\/wp-content\/uploads\/2024\/04\/5F1_Red_Recortado_COMP-scaled.jpg","width":2560,"height":1707},{"@type":"BreadcrumbList","@id":"https:\/\/holygrailtubeamps.com\/shop\/amps\/master-champ-5f1-red-edition\/#breadcrumb","itemListElement":[{"@type":"ListItem","position":1,"name":"Portada","item":"https:\/\/holygrailtubeamps.com\/"},{"@type":"ListItem","position":2,"name":"Shop","item":"https:\/\/holygrailtubeamps.com\/shop\/"},{"@type":"ListItem","position":3,"name":"Master Champ (5F1) &#8211; Red Edition"}]},{"@type":"WebSite","@id":"https:\/\/holygrailtubeamps.com\/#website","url":"https:\/\/holygrailtubeamps.com\/","name":"Holy Grail Tube Amps","description":"Holy Grail Amps nace de la pasi\u00f3n del Ingeniero Electr\u00f3nico, Pablo S\u00e1nchez, por los amplificadores vintage de los a\u00f1os 50s y 60s.","publisher":{"@id":"https:\/\/holygrailtubeamps.com\/#organization"},"alternateName":"Holy Grail Amps","potentialAction":[{"@type":"SearchAction","target":{"@type":"EntryPoint","urlTemplate":"https:\/\/holygrailtubeamps.com\/?s={search_term_string}"},"query-input":{"@type":"PropertyValueSpecification","valueRequired":true,"valueName":"search_term_string"}}],"inLanguage":"es"},{"@type":"Organization","@id":"https:\/\/holygrailtubeamps.com\/#organization","name":"Holy Grail Tube Amps","alternateName":"Holy Grail Amps","url":"https:\/\/holygrailtubeamps.com\/","logo":{"@type":"ImageObject","inLanguage":"es","@id":"https:\/\/holygrailtubeamps.com\/#\/schema\/logo\/image\/","url":"https:\/\/holygrailtubeamps.com\/wp-content\/uploads\/2024\/03\/Logo_Holy_Grail.jpg","contentUrl":"https:\/\/holygrailtubeamps.com\/wp-content\/uploads\/2024\/03\/Logo_Holy_Grail.jpg","width":320,"height":320,"caption":"Holy Grail Tube Amps"},"image":{"@id":"https:\/\/holygrailtubeamps.com\/#\/schema\/logo\/image\/"},"sameAs":["https:\/\/www.instagram.com\/holygrailamp\/","https:\/\/www.youtube.com\/channel\/UCxCE7FmYCaAp0_3TsTapPTQ"]}]}},"_links":{"self":[{"href":"https:\/\/holygrailtubeamps.com\/es\/wp-json\/wp\/v2\/product\/2183","targetHints":{"allow":["GET"]}}],"collection":[{"href":"https:\/\/holygrailtubeamps.com\/es\/wp-json\/wp\/v2\/product"}],"about":[{"href":"https:\/\/holygrailtubeamps.com\/es\/wp-json\/wp\/v2\/types\/product"}],"replies":[{"embeddable":true,"href":"https:\/\/holygrailtubeamps.com\/es\/wp-json\/wp\/v2\/comments?post=2183"}],"wp:featuredmedia":[{"embeddable":true,"href":"https:\/\/holygrailtubeamps.com\/es\/wp-json\/wp\/v2\/media\/2204"}],"wp:attachment":[{"href":"https:\/\/holygrailtubeamps.com\/es\/wp-json\/wp\/v2\/media?parent=2183"}],"wp:term":[{"taxonomy":"product_brand","embeddable":true,"href":"https:\/\/holygrailtubeamps.com\/es\/wp-json\/wp\/v2\/product_brand?post=2183"},{"taxonomy":"product_cat","embeddable":true,"href":"https:\/\/holygrailtubeamps.com\/es\/wp-json\/wp\/v2\/product_cat?post=2183"},{"taxonomy":"product_tag","embeddable":true,"href":"https:\/\/holygrailtubeamps.com\/es\/wp-json\/wp\/v2\/product_tag?post=2183"}],"curies":[{"name":"wp","href":"https:\/\/api.w.org\/{rel}","templated":true}]}}