{"id":492,"date":"2020-10-26T11:38:49","date_gmt":"2020-10-26T08:38:49","guid":{"rendered":"http:\/\/www.grafas.org\/demo02\/?page_id=492"},"modified":"2026-03-24T12:20:29","modified_gmt":"2026-03-24T11:20:29","slug":"about-us","status":"publish","type":"page","link":"https:\/\/holygrailtubeamps.com\/es\/about-us\/","title":{"rendered":"Quienes somos"},"content":{"rendered":"<div data-elementor-type=\"wp-page\" data-elementor-id=\"492\" class=\"elementor elementor-492\" data-elementor-post-type=\"page\">\n\t\t\t\t\t\t<section class=\"elementor-section elementor-top-section elementor-element elementor-element-f4ff7ab elementor-section-boxed elementor-section-height-default elementor-section-height-default\" data-id=\"f4ff7ab\" data-element_type=\"section\" data-e-type=\"section\">\n\t\t\t\t\t\t<div class=\"elementor-container elementor-column-gap-default\">\n\t\t\t\t\t<div class=\"elementor-column elementor-col-33 elementor-top-column elementor-element elementor-element-44539d7\" data-id=\"44539d7\" data-element_type=\"column\" data-e-type=\"column\">\n\t\t\t<div class=\"elementor-widget-wrap elementor-element-populated\">\n\t\t\t\t\t\t<div class=\"elementor-element elementor-element-59203da elementor-widget elementor-widget-heading\" data-id=\"59203da\" data-element_type=\"widget\" data-e-type=\"widget\" data-widget_type=\"heading.default\">\n\t\t\t\t<div class=\"elementor-widget-container\">\n\t\t\t\t\t<h3 class=\"elementor-heading-title elementor-size-default\">Desde 2012<\/h3>\t\t\t\t<\/div>\n\t\t\t\t<\/div>\n\t\t\t\t<div class=\"elementor-element elementor-element-f9de9a1 elementor-widget-divider--view-line elementor-widget elementor-widget-divider\" data-id=\"f9de9a1\" data-element_type=\"widget\" data-e-type=\"widget\" data-widget_type=\"divider.default\">\n\t\t\t\t<div class=\"elementor-widget-container\">\n\t\t\t\t\t\t\t<div class=\"elementor-divider\">\n\t\t\t<span class=\"elementor-divider-separator\">\n\t\t\t\t\t\t<\/span>\n\t\t<\/div>\n\t\t\t\t\t\t<\/div>\n\t\t\t\t<\/div>\n\t\t\t\t<div class=\"elementor-element elementor-element-2583fa7 elementor-widget elementor-widget-text-editor\" data-id=\"2583fa7\" data-element_type=\"widget\" data-e-type=\"widget\" data-widget_type=\"text-editor.default\">\n\t\t\t\t<div class=\"elementor-widget-container\">\n\t\t\t\t\t\t\t\t\tHoly Grail Amps nace de la pasi\u00f3n del ingeniero electr\u00f3nico Pablo S\u00e1nchez por los amplificadores vintage de los 50s y 60s.\t\t\t\t\t\t\t\t<\/div>\n\t\t\t\t<\/div>\n\t\t\t\t<div class=\"elementor-element elementor-element-81dc746 elementor-widget-divider--view-line elementor-widget elementor-widget-divider\" data-id=\"81dc746\" data-element_type=\"widget\" data-e-type=\"widget\" data-widget_type=\"divider.default\">\n\t\t\t\t<div class=\"elementor-widget-container\">\n\t\t\t\t\t\t\t<div class=\"elementor-divider\">\n\t\t\t<span class=\"elementor-divider-separator\">\n\t\t\t\t\t\t<\/span>\n\t\t<\/div>\n\t\t\t\t\t\t<\/div>\n\t\t\t\t<\/div>\n\t\t\t\t<div class=\"elementor-element elementor-element-a0daa9a elementor-widget elementor-widget-text-editor\" data-id=\"a0daa9a\" data-element_type=\"widget\" data-e-type=\"widget\" data-widget_type=\"text-editor.default\">\n\t\t\t\t<div class=\"elementor-widget-container\">\n\t\t\t\t\t\t\t\t\tDespu\u00e9s de m\u00e1s de veinte a\u00f1os dedicado a la reparaci\u00f3n de amplificadores valvulares, trabajando para diversas tiendas de instrumentos musicales de Sevilla, decide en 2012 poner en pr\u00e1ctica todo el conocimiento acumulado inici\u00e1ndose en la fabricaci\u00f3n de sus propios pedales de efectos a v\u00e1lvulas y es aqu\u00ed cuando nace el modelo Royal Tube.\t\t\t\t\t\t\t\t<\/div>\n\t\t\t\t<\/div>\n\t\t\t\t<div class=\"elementor-element elementor-element-808e464 elementor-widget elementor-widget-text-editor\" data-id=\"808e464\" data-element_type=\"widget\" data-e-type=\"widget\" data-widget_type=\"text-editor.default\">\n\t\t\t\t<div class=\"elementor-widget-container\">\n\t\t\t\t\t\t\t\t\tTras unos a\u00f1os dedicado al dise\u00f1o y desarrollo de pedales comienza a elaborar sus primeros amplificadores Tweed y se desata la tempestad\u2026 La fabricaci\u00f3n del mueble, forrarlo y lacarlo le resulta tan hermoso y artesanal que a\u00f1ade una nueva dimensi\u00f3n al proyecto generando un efecto totalmente adictivo. El mueble es el complemento perfecto para el meticuloso trabajo de electr\u00f3nica que este tipo de amplificadores requiere y supone un reto en la b\u00fasqueda de la perfecci\u00f3n que hace \u00fanica cada unidad fabricada.\n\t\t\t\t\t\t\t\t<\/div>\n\t\t\t\t<\/div>\n\t\t\t\t<div class=\"elementor-element elementor-element-f256be5 elementor-widget elementor-widget-heading\" data-id=\"f256be5\" data-element_type=\"widget\" data-e-type=\"widget\" data-widget_type=\"heading.default\">\n\t\t\t\t<div class=\"elementor-widget-container\">\n\t\t\t\t\t<h3 class=\"elementor-heading-title elementor-size-default\">Hasta hoy...<\/h3>\t\t\t\t<\/div>\n\t\t\t\t<\/div>\n\t\t\t\t<div class=\"elementor-element elementor-element-6de4457 elementor-widget elementor-widget-text-editor\" data-id=\"6de4457\" data-element_type=\"widget\" data-e-type=\"widget\" data-widget_type=\"text-editor.default\">\n\t\t\t\t<div class=\"elementor-widget-container\">\n\t\t\t\t\t\t\t\t\tLos amplificadores vintage son objetos de culto de precio elevad\u00edsimo en el mercado de segunda mano y sus reediciones actuales, con escasa precisi\u00f3n hist\u00f3rica, los hacen a\u00fan m\u00e1s deseados e inaccesibles.\t\t\t\t\t\t\t\t<\/div>\n\t\t\t\t<\/div>\n\t\t\t\t<div class=\"elementor-element elementor-element-2d849c0 elementor-widget elementor-widget-text-editor\" data-id=\"2d849c0\" data-element_type=\"widget\" data-e-type=\"widget\" data-widget_type=\"text-editor.default\">\n\t\t\t\t<div class=\"elementor-widget-container\">\n\t\t\t\t\t\t\t\t\tHoly Grail tiene como objetivo \u201cdemocratizar\u201d la experiencia de disfrutar de estas joyas que forman parte de la historia sin necesidad de viajar al pasado, con una calidad de construcci\u00f3n que garantiza su solidez\u00a0y\u00a0futuro.\t\t\t\t\t\t\t\t<\/div>\n\t\t\t\t<\/div>\n\t\t\t\t\t<\/div>\n\t\t<\/div>\n\t\t\t\t<div class=\"elementor-column elementor-col-33 elementor-top-column elementor-element elementor-element-6d4acba\" data-id=\"6d4acba\" data-element_type=\"column\" data-e-type=\"column\">\n\t\t\t<div class=\"elementor-widget-wrap elementor-element-populated\">\n\t\t\t\t\t\t<div class=\"elementor-element elementor-element-07f52d4 elementor-widget elementor-widget-image\" data-id=\"07f52d4\" data-element_type=\"widget\" data-e-type=\"widget\" data-widget_type=\"image.default\">\n\t\t\t\t<div class=\"elementor-widget-container\">\n\t\t\t\t\t\t\t\t\t\t\t\t\t\t\t\t<a href=\"https:\/\/holygrailtubeamps.com\/wp-content\/uploads\/2024\/03\/Condesadores-vintage_1.jpg\" data-elementor-open-lightbox=\"yes\" data-elementor-lightbox-title=\"Condesadores-vintage_1\" data-e-action-hash=\"#elementor-action%3Aaction%3Dlightbox%26settings%3DeyJpZCI6MjA4MiwidXJsIjoiaHR0cHM6XC9cL2hvbHlncmFpbHR1YmVhbXBzLmNvbVwvd3AtY29udGVudFwvdXBsb2Fkc1wvMjAyNFwvMDNcL0NvbmRlc2Fkb3Jlcy12aW50YWdlXzEuanBnIn0%3D\">\n\t\t\t\t\t\t\t<img fetchpriority=\"high\" decoding=\"async\" width=\"1079\" height=\"1024\" src=\"https:\/\/holygrailtubeamps.com\/wp-content\/uploads\/2024\/03\/Condesadores-vintage_1.jpg\" class=\"attachment-full size-full wp-image-2082\" alt=\"\" srcset=\"https:\/\/holygrailtubeamps.com\/wp-content\/uploads\/2024\/03\/Condesadores-vintage_1.jpg 1079w, https:\/\/holygrailtubeamps.com\/wp-content\/uploads\/2024\/03\/Condesadores-vintage_1-300x285.jpg 300w, https:\/\/holygrailtubeamps.com\/wp-content\/uploads\/2024\/03\/Condesadores-vintage_1-1024x972.jpg 1024w, https:\/\/holygrailtubeamps.com\/wp-content\/uploads\/2024\/03\/Condesadores-vintage_1-768x729.jpg 768w, https:\/\/holygrailtubeamps.com\/wp-content\/uploads\/2024\/03\/Condesadores-vintage_1-800x759.jpg 800w\" sizes=\"(max-width: 1079px) 100vw, 1079px\" \/>\t\t\t\t\t\t\t\t<\/a>\n\t\t\t\t\t\t\t\t\t\t\t\t\t\t\t<\/div>\n\t\t\t\t<\/div>\n\t\t\t\t\t<\/div>\n\t\t<\/div>\n\t\t\t\t<div class=\"elementor-column elementor-col-33 elementor-top-column elementor-element elementor-element-3dd869f\" data-id=\"3dd869f\" data-element_type=\"column\" data-e-type=\"column\">\n\t\t\t<div class=\"elementor-widget-wrap elementor-element-populated\">\n\t\t\t\t\t\t<div class=\"elementor-element elementor-element-08de217 elementor-widget elementor-widget-image\" data-id=\"08de217\" data-element_type=\"widget\" data-e-type=\"widget\" data-widget_type=\"image.default\">\n\t\t\t\t<div class=\"elementor-widget-container\">\n\t\t\t\t\t\t\t\t\t\t\t\t\t\t\t\t<a href=\"https:\/\/holygrailtubeamps.com\/wp-content\/uploads\/2024\/03\/Condesadores-vintage.jpg\" data-elementor-open-lightbox=\"yes\" data-elementor-lightbox-title=\"Condesadores-vintage\" data-e-action-hash=\"#elementor-action%3Aaction%3Dlightbox%26settings%3DeyJpZCI6MjA4MSwidXJsIjoiaHR0cHM6XC9cL2hvbHlncmFpbHR1YmVhbXBzLmNvbVwvd3AtY29udGVudFwvdXBsb2Fkc1wvMjAyNFwvMDNcL0NvbmRlc2Fkb3Jlcy12aW50YWdlLmpwZyJ9\">\n\t\t\t\t\t\t\t<img decoding=\"async\" width=\"1024\" height=\"972\" src=\"https:\/\/holygrailtubeamps.com\/wp-content\/uploads\/2024\/03\/Condesadores-vintage-1024x972.jpg\" class=\"attachment-large size-large wp-image-2081\" alt=\"\" srcset=\"https:\/\/holygrailtubeamps.com\/wp-content\/uploads\/2024\/03\/Condesadores-vintage-1024x972.jpg 1024w, https:\/\/holygrailtubeamps.com\/wp-content\/uploads\/2024\/03\/Condesadores-vintage-300x285.jpg 300w, https:\/\/holygrailtubeamps.com\/wp-content\/uploads\/2024\/03\/Condesadores-vintage-768x729.jpg 768w, https:\/\/holygrailtubeamps.com\/wp-content\/uploads\/2024\/03\/Condesadores-vintage-800x759.jpg 800w, https:\/\/holygrailtubeamps.com\/wp-content\/uploads\/2024\/03\/Condesadores-vintage.jpg 1079w\" sizes=\"(max-width: 1024px) 100vw, 1024px\" \/>\t\t\t\t\t\t\t\t<\/a>\n\t\t\t\t\t\t\t\t\t\t\t\t\t\t\t<\/div>\n\t\t\t\t<\/div>\n\t\t\t\t\t<\/div>\n\t\t<\/div>\n\t\t\t\t\t<\/div>\n\t\t<\/section>\n\t\t\t\t<section class=\"elementor-section elementor-top-section elementor-element elementor-element-0b6c1d6 elementor-section-full_width elementor-section-height-default elementor-section-height-default\" data-id=\"0b6c1d6\" data-element_type=\"section\" data-e-type=\"section\">\n\t\t\t\t\t\t<div class=\"elementor-container elementor-column-gap-default\">\n\t\t\t\t\t<div class=\"elementor-column elementor-col-100 elementor-top-column elementor-element elementor-element-d3ed6ec\" data-id=\"d3ed6ec\" data-element_type=\"column\" data-e-type=\"column\">\n\t\t\t<div class=\"elementor-widget-wrap elementor-element-populated\">\n\t\t\t\t\t\t<div class=\"elementor-element elementor-element-7c82f84 elementor-arrows-position-inside elementor-pagination-position-outside elementor-widget elementor-widget-image-carousel\" data-id=\"7c82f84\" data-element_type=\"widget\" data-e-type=\"widget\" data-settings=\"{&quot;slides_to_show&quot;:&quot;5&quot;,&quot;navigation&quot;:&quot;both&quot;,&quot;autoplay&quot;:&quot;yes&quot;,&quot;pause_on_hover&quot;:&quot;yes&quot;,&quot;pause_on_interaction&quot;:&quot;yes&quot;,&quot;autoplay_speed&quot;:5000,&quot;infinite&quot;:&quot;yes&quot;,&quot;speed&quot;:500}\" data-widget_type=\"image-carousel.default\">\n\t\t\t\t<div class=\"elementor-widget-container\">\n\t\t\t\t\t\t\t<div class=\"elementor-image-carousel-wrapper swiper\" role=\"region\" aria-roledescription=\"carousel\" aria-label=\"Carrusel de im\u00e1genes\" dir=\"ltr\">\n\t\t\t<div class=\"elementor-image-carousel swiper-wrapper swiper-image-stretch\" aria-live=\"off\">\n\t\t\t\t\t\t\t\t<div class=\"swiper-slide\" role=\"group\" aria-roledescription=\"slide\" aria-label=\"1 of 5\"><figure class=\"swiper-slide-inner\"><img decoding=\"async\" class=\"swiper-slide-image\" src=\"https:\/\/holygrailtubeamps.com\/wp-content\/uploads\/2020\/10\/King-Deluxe-7.jpg\" alt=\"King-Deluxe-7\" \/><\/figure><\/div><div class=\"swiper-slide\" role=\"group\" aria-roledescription=\"slide\" aria-label=\"2 of 5\"><figure class=\"swiper-slide-inner\"><img decoding=\"async\" class=\"swiper-slide-image\" src=\"https:\/\/holygrailtubeamps.com\/wp-content\/uploads\/2020\/10\/King-Deluxe-2.jpg\" alt=\"King-Deluxe-2\" \/><\/figure><\/div><div class=\"swiper-slide\" role=\"group\" aria-roledescription=\"slide\" aria-label=\"3 of 5\"><figure class=\"swiper-slide-inner\"><img decoding=\"async\" class=\"swiper-slide-image\" src=\"https:\/\/holygrailtubeamps.com\/wp-content\/uploads\/2024\/03\/MASTER-CHAMP-5.jpg\" alt=\"MASTER-CHAMP-5\" \/><\/figure><\/div><div class=\"swiper-slide\" role=\"group\" aria-roledescription=\"slide\" aria-label=\"4 of 5\"><figure class=\"swiper-slide-inner\"><img decoding=\"async\" class=\"swiper-slide-image\" src=\"https:\/\/holygrailtubeamps.com\/wp-content\/uploads\/2020\/10\/King-Deluxe-5.jpg\" alt=\"King-Deluxe-5\" \/><\/figure><\/div><div class=\"swiper-slide\" role=\"group\" aria-roledescription=\"slide\" aria-label=\"5 of 5\"><figure class=\"swiper-slide-inner\"><img decoding=\"async\" class=\"swiper-slide-image\" src=\"https:\/\/holygrailtubeamps.com\/wp-content\/uploads\/2024\/03\/MASTER-CHAMP-8.jpg\" alt=\"MASTER-CHAMP-8\" \/><\/figure><\/div>\t\t\t<\/div>\n\t\t\t\t\t\t\t\t\t\t\t\t<div class=\"elementor-swiper-button elementor-swiper-button-prev\" role=\"button\" tabindex=\"0\">\n\t\t\t\t\t\t<svg aria-hidden=\"true\" class=\"e-font-icon-svg e-eicon-chevron-left\" viewbox=\"0 0 1000 1000\" xmlns=\"http:\/\/www.w3.org\/2000\/svg\"><path d=\"M646 125C629 125 613 133 604 142L308 442C296 454 292 471 292 487 292 504 296 521 308 533L604 854C617 867 629 875 646 875 663 875 679 871 692 858 704 846 713 829 713 812 713 796 708 779 692 767L438 487 692 225C700 217 708 204 708 187 708 171 704 154 692 142 675 129 663 125 646 125Z\"><\/path><\/svg>\t\t\t\t\t<\/div>\n\t\t\t\t\t<div class=\"elementor-swiper-button elementor-swiper-button-next\" role=\"button\" tabindex=\"0\">\n\t\t\t\t\t\t<svg aria-hidden=\"true\" class=\"e-font-icon-svg e-eicon-chevron-right\" viewbox=\"0 0 1000 1000\" xmlns=\"http:\/\/www.w3.org\/2000\/svg\"><path d=\"M696 533C708 521 713 504 713 487 713 471 708 454 696 446L400 146C388 133 375 125 354 125 338 125 325 129 313 142 300 154 292 171 292 187 292 204 296 221 308 233L563 492 304 771C292 783 288 800 288 817 288 833 296 850 308 863 321 871 338 875 354 875 371 875 388 867 400 854L696 533Z\"><\/path><\/svg>\t\t\t\t\t<\/div>\n\t\t\t\t\n\t\t\t\t\t\t\t\t\t<div class=\"swiper-pagination\"><\/div>\n\t\t\t\t\t\t\t\t\t<\/div>\n\t\t\t\t\t\t<\/div>\n\t\t\t\t<\/div>\n\t\t\t\t\t<\/div>\n\t\t<\/div>\n\t\t\t\t\t<\/div>\n\t\t<\/section>\n\t\t\t\t<\/div>","protected":false},"excerpt":{"rendered":"<p>Since 2012 Holy Grail Amps was born from the passion of electronic engineer Pablo S\u00e1nchez for vintage amplifiers from the 1950s and 60s. After more than twenty years dedicated to repairing tube amplifiers, working for various musical instrument shops in Seville, he decided in 2012 to put all his accumulated knowledge into practice by starting&#8230;<\/p>","protected":false},"author":2,"featured_media":0,"parent":0,"menu_order":0,"comment_status":"closed","ping_status":"closed","template":"","meta":{"inline_featured_image":false,"_kadence_starter_templates_imported_post":true,"_kad_post_transparent":"","_kad_post_title":"show","_kad_post_layout":"fullwidth","_kad_post_sidebar_id":"","_kad_post_content_style":"unboxed","_kad_post_vertical_padding":"hide","_kad_post_feature":"hide","_kad_post_feature_position":"","_kad_post_header":false,"_kad_post_footer":false,"_kad_post_classname":"","footnotes":""},"class_list":["post-492","page","type-page","status-publish","hentry"],"yoast_head":"<!-- This site is optimized with the Yoast SEO plugin v27.5 - https:\/\/yoast.com\/product\/yoast-seo-wordpress\/ -->\n<title>About us |<\/title>\n<meta name=\"robots\" content=\"index, follow, max-snippet:-1, max-image-preview:large, max-video-preview:-1\" \/>\n<link rel=\"canonical\" href=\"https:\/\/holygrailtubeamps.com\/es\/about-us\/\" \/>\n<meta property=\"og:locale\" content=\"es_ES\" \/>\n<meta property=\"og:type\" content=\"article\" \/>\n<meta property=\"og:title\" content=\"About us |\" \/>\n<meta property=\"og:description\" content=\"Since 2012 Holy Grail Amps was born from the passion of electronic engineer Pablo S\u00e1nchez for vintage amplifiers from the 1950s and 60s. After more than twenty years dedicated to repairing tube amplifiers, working for various musical instrument shops in Seville, he decided in 2012 to put all his accumulated knowledge into practice by starting...\" \/>\n<meta property=\"og:url\" content=\"https:\/\/holygrailtubeamps.com\/es\/about-us\/\" \/>\n<meta property=\"og:site_name\" content=\"Holy Grail Tube Amps\" \/>\n<meta property=\"article:modified_time\" content=\"2026-03-24T11:20:29+00:00\" \/>\n<meta property=\"og:image\" content=\"https:\/\/holygrailtubeamps.com\/wp-content\/uploads\/2024\/03\/Condesadores-vintage_1.jpg\" \/>\n<meta name=\"twitter:card\" content=\"summary_large_image\" \/>\n<meta name=\"twitter:label1\" content=\"Tiempo de lectura\" \/>\n\t<meta name=\"twitter:data1\" content=\"5 minutos\" \/>\n<script type=\"application\/ld+json\" class=\"yoast-schema-graph\">{\"@context\":\"https:\\\/\\\/schema.org\",\"@graph\":[{\"@type\":\"WebPage\",\"@id\":\"https:\\\/\\\/holygrailtubeamps.com\\\/about-us\\\/\",\"url\":\"https:\\\/\\\/holygrailtubeamps.com\\\/about-us\\\/\",\"name\":\"About us |\",\"isPartOf\":{\"@id\":\"https:\\\/\\\/holygrailtubeamps.com\\\/#website\"},\"primaryImageOfPage\":{\"@id\":\"https:\\\/\\\/holygrailtubeamps.com\\\/about-us\\\/#primaryimage\"},\"image\":{\"@id\":\"https:\\\/\\\/holygrailtubeamps.com\\\/about-us\\\/#primaryimage\"},\"thumbnailUrl\":\"https:\\\/\\\/holygrailtubeamps.com\\\/wp-content\\\/uploads\\\/2024\\\/03\\\/Condesadores-vintage_1.jpg\",\"datePublished\":\"2020-10-26T08:38:49+00:00\",\"dateModified\":\"2026-03-24T11:20:29+00:00\",\"breadcrumb\":{\"@id\":\"https:\\\/\\\/holygrailtubeamps.com\\\/about-us\\\/#breadcrumb\"},\"inLanguage\":\"es\",\"potentialAction\":[{\"@type\":\"ReadAction\",\"target\":[\"https:\\\/\\\/holygrailtubeamps.com\\\/about-us\\\/\"]}]},{\"@type\":\"ImageObject\",\"inLanguage\":\"es\",\"@id\":\"https:\\\/\\\/holygrailtubeamps.com\\\/about-us\\\/#primaryimage\",\"url\":\"https:\\\/\\\/holygrailtubeamps.com\\\/wp-content\\\/uploads\\\/2024\\\/03\\\/Condesadores-vintage_1.jpg\",\"contentUrl\":\"https:\\\/\\\/holygrailtubeamps.com\\\/wp-content\\\/uploads\\\/2024\\\/03\\\/Condesadores-vintage_1.jpg\"},{\"@type\":\"BreadcrumbList\",\"@id\":\"https:\\\/\\\/holygrailtubeamps.com\\\/about-us\\\/#breadcrumb\",\"itemListElement\":[{\"@type\":\"ListItem\",\"position\":1,\"name\":\"Portada\",\"item\":\"https:\\\/\\\/holygrailtubeamps.com\\\/\"},{\"@type\":\"ListItem\",\"position\":2,\"name\":\"About us\"}]},{\"@type\":\"WebSite\",\"@id\":\"https:\\\/\\\/holygrailtubeamps.com\\\/#website\",\"url\":\"https:\\\/\\\/holygrailtubeamps.com\\\/\",\"name\":\"Holy Grail Tube Amps\",\"description\":\"Holy Grail Amps nace de la pasi\u00f3n del Ingeniero Electr\u00f3nico, Pablo S\u00e1nchez, por los amplificadores vintage de los a\u00f1os 50s y 60s.\",\"publisher\":{\"@id\":\"https:\\\/\\\/holygrailtubeamps.com\\\/#organization\"},\"alternateName\":\"Holy Grail Amps\",\"potentialAction\":[{\"@type\":\"SearchAction\",\"target\":{\"@type\":\"EntryPoint\",\"urlTemplate\":\"https:\\\/\\\/holygrailtubeamps.com\\\/?s={search_term_string}\"},\"query-input\":{\"@type\":\"PropertyValueSpecification\",\"valueRequired\":true,\"valueName\":\"search_term_string\"}}],\"inLanguage\":\"es\"},{\"@type\":\"Organization\",\"@id\":\"https:\\\/\\\/holygrailtubeamps.com\\\/#organization\",\"name\":\"Holy Grail Tube Amps\",\"alternateName\":\"Holy Grail Amps\",\"url\":\"https:\\\/\\\/holygrailtubeamps.com\\\/\",\"logo\":{\"@type\":\"ImageObject\",\"inLanguage\":\"es\",\"@id\":\"https:\\\/\\\/holygrailtubeamps.com\\\/#\\\/schema\\\/logo\\\/image\\\/\",\"url\":\"https:\\\/\\\/holygrailtubeamps.com\\\/wp-content\\\/uploads\\\/2024\\\/03\\\/Logo_Holy_Grail.jpg\",\"contentUrl\":\"https:\\\/\\\/holygrailtubeamps.com\\\/wp-content\\\/uploads\\\/2024\\\/03\\\/Logo_Holy_Grail.jpg\",\"width\":320,\"height\":320,\"caption\":\"Holy Grail Tube Amps\"},\"image\":{\"@id\":\"https:\\\/\\\/holygrailtubeamps.com\\\/#\\\/schema\\\/logo\\\/image\\\/\"},\"sameAs\":[\"https:\\\/\\\/www.instagram.com\\\/holygrailamp\\\/\",\"https:\\\/\\\/www.youtube.com\\\/channel\\\/UCxCE7FmYCaAp0_3TsTapPTQ\"]}]}<\/script>\n<!-- \/ Yoast SEO plugin. -->","yoast_head_json":{"title":"About us |","robots":{"index":"index","follow":"follow","max-snippet":"max-snippet:-1","max-image-preview":"max-image-preview:large","max-video-preview":"max-video-preview:-1"},"canonical":"https:\/\/holygrailtubeamps.com\/es\/about-us\/","og_locale":"es_ES","og_type":"article","og_title":"About us |","og_description":"Since 2012 Holy Grail Amps was born from the passion of electronic engineer Pablo S\u00e1nchez for vintage amplifiers from the 1950s and 60s. After more than twenty years dedicated to repairing tube amplifiers, working for various musical instrument shops in Seville, he decided in 2012 to put all his accumulated knowledge into practice by starting...","og_url":"https:\/\/holygrailtubeamps.com\/es\/about-us\/","og_site_name":"Holy Grail Tube Amps","article_modified_time":"2026-03-24T11:20:29+00:00","og_image":[{"url":"https:\/\/holygrailtubeamps.com\/wp-content\/uploads\/2024\/03\/Condesadores-vintage_1.jpg","type":"","width":"","height":""}],"twitter_card":"summary_large_image","twitter_misc":{"Tiempo de lectura":"5 minutos"},"schema":{"@context":"https:\/\/schema.org","@graph":[{"@type":"WebPage","@id":"https:\/\/holygrailtubeamps.com\/about-us\/","url":"https:\/\/holygrailtubeamps.com\/about-us\/","name":"About us |","isPartOf":{"@id":"https:\/\/holygrailtubeamps.com\/#website"},"primaryImageOfPage":{"@id":"https:\/\/holygrailtubeamps.com\/about-us\/#primaryimage"},"image":{"@id":"https:\/\/holygrailtubeamps.com\/about-us\/#primaryimage"},"thumbnailUrl":"https:\/\/holygrailtubeamps.com\/wp-content\/uploads\/2024\/03\/Condesadores-vintage_1.jpg","datePublished":"2020-10-26T08:38:49+00:00","dateModified":"2026-03-24T11:20:29+00:00","breadcrumb":{"@id":"https:\/\/holygrailtubeamps.com\/about-us\/#breadcrumb"},"inLanguage":"es","potentialAction":[{"@type":"ReadAction","target":["https:\/\/holygrailtubeamps.com\/about-us\/"]}]},{"@type":"ImageObject","inLanguage":"es","@id":"https:\/\/holygrailtubeamps.com\/about-us\/#primaryimage","url":"https:\/\/holygrailtubeamps.com\/wp-content\/uploads\/2024\/03\/Condesadores-vintage_1.jpg","contentUrl":"https:\/\/holygrailtubeamps.com\/wp-content\/uploads\/2024\/03\/Condesadores-vintage_1.jpg"},{"@type":"BreadcrumbList","@id":"https:\/\/holygrailtubeamps.com\/about-us\/#breadcrumb","itemListElement":[{"@type":"ListItem","position":1,"name":"Portada","item":"https:\/\/holygrailtubeamps.com\/"},{"@type":"ListItem","position":2,"name":"About us"}]},{"@type":"WebSite","@id":"https:\/\/holygrailtubeamps.com\/#website","url":"https:\/\/holygrailtubeamps.com\/","name":"Holy Grail Tube Amps","description":"Holy Grail Amps nace de la pasi\u00f3n del Ingeniero Electr\u00f3nico, Pablo S\u00e1nchez, por los amplificadores vintage de los a\u00f1os 50s y 60s.","publisher":{"@id":"https:\/\/holygrailtubeamps.com\/#organization"},"alternateName":"Holy Grail Amps","potentialAction":[{"@type":"SearchAction","target":{"@type":"EntryPoint","urlTemplate":"https:\/\/holygrailtubeamps.com\/?s={search_term_string}"},"query-input":{"@type":"PropertyValueSpecification","valueRequired":true,"valueName":"search_term_string"}}],"inLanguage":"es"},{"@type":"Organization","@id":"https:\/\/holygrailtubeamps.com\/#organization","name":"Holy Grail Tube Amps","alternateName":"Holy Grail Amps","url":"https:\/\/holygrailtubeamps.com\/","logo":{"@type":"ImageObject","inLanguage":"es","@id":"https:\/\/holygrailtubeamps.com\/#\/schema\/logo\/image\/","url":"https:\/\/holygrailtubeamps.com\/wp-content\/uploads\/2024\/03\/Logo_Holy_Grail.jpg","contentUrl":"https:\/\/holygrailtubeamps.com\/wp-content\/uploads\/2024\/03\/Logo_Holy_Grail.jpg","width":320,"height":320,"caption":"Holy Grail Tube Amps"},"image":{"@id":"https:\/\/holygrailtubeamps.com\/#\/schema\/logo\/image\/"},"sameAs":["https:\/\/www.instagram.com\/holygrailamp\/","https:\/\/www.youtube.com\/channel\/UCxCE7FmYCaAp0_3TsTapPTQ"]}]}},"_links":{"self":[{"href":"https:\/\/holygrailtubeamps.com\/es\/wp-json\/wp\/v2\/pages\/492","targetHints":{"allow":["GET"]}}],"collection":[{"href":"https:\/\/holygrailtubeamps.com\/es\/wp-json\/wp\/v2\/pages"}],"about":[{"href":"https:\/\/holygrailtubeamps.com\/es\/wp-json\/wp\/v2\/types\/page"}],"author":[{"embeddable":true,"href":"https:\/\/holygrailtubeamps.com\/es\/wp-json\/wp\/v2\/users\/2"}],"replies":[{"embeddable":true,"href":"https:\/\/holygrailtubeamps.com\/es\/wp-json\/wp\/v2\/comments?post=492"}],"version-history":[{"count":103,"href":"https:\/\/holygrailtubeamps.com\/es\/wp-json\/wp\/v2\/pages\/492\/revisions"}],"predecessor-version":[{"id":2523,"href":"https:\/\/holygrailtubeamps.com\/es\/wp-json\/wp\/v2\/pages\/492\/revisions\/2523"}],"wp:attachment":[{"href":"https:\/\/holygrailtubeamps.com\/es\/wp-json\/wp\/v2\/media?parent=492"}],"curies":[{"name":"wp","href":"https:\/\/api.w.org\/{rel}","templated":true}]}}