{"id":1137,"date":"2020-10-21T14:51:37","date_gmt":"2020-10-21T11:51:37","guid":{"rendered":"http:\/\/www.grafas.org\/demo02\/?page_id=16"},"modified":"2026-03-24T21:40:18","modified_gmt":"2026-03-24T20:40:18","slug":"home","status":"publish","type":"page","link":"https:\/\/holygrailtubeamps.com\/es\/","title":{"rendered":"INICIO"},"content":{"rendered":"<div data-elementor-type=\"wp-page\" data-elementor-id=\"1137\" class=\"elementor elementor-1137\" data-elementor-post-type=\"page\">\n\t\t\t\t<div class=\"elementor-element elementor-element-7f4f7e2 e-con-full e-flex e-con e-parent\" data-id=\"7f4f7e2\" data-element_type=\"container\" data-e-type=\"container\">\n\t\t<div class=\"elementor-element elementor-element-49febfc e-con-full e-flex e-con e-child\" data-id=\"49febfc\" data-element_type=\"container\" data-e-type=\"container\">\n\t\t\t\t<div class=\"elementor-element elementor-element-38d96d4 elementor-widget elementor-widget-heading\" data-id=\"38d96d4\" data-element_type=\"widget\" data-e-type=\"widget\" data-widget_type=\"heading.default\">\n\t\t\t\t<div class=\"elementor-widget-container\">\n\t\t\t\t\t<h2 class=\"elementor-heading-title elementor-size-default\">Durante los a\u00f1os 50 y 60 se construyeron los amplificadores m\u00e1s representativos de todos los tiempos. Estos ic\u00f3nicos \"Holy Grails\" definieron los est\u00e1ndares del sonido de la guitarra el\u00e9ctrica y son, a d\u00eda de hoy, objeto de deseo y coleccionismo para los guitarristas que buscan el aut\u00e9ntico tono vintage.<\/h2>\t\t\t\t<\/div>\n\t\t\t\t<\/div>\n\t\t\t\t<div class=\"elementor-element elementor-element-ad07aca elementor-widget-divider--view-line elementor-widget elementor-widget-divider\" data-id=\"ad07aca\" data-element_type=\"widget\" data-e-type=\"widget\" data-widget_type=\"divider.default\">\n\t\t\t\t<div class=\"elementor-widget-container\">\n\t\t\t\t\t\t\t<div class=\"elementor-divider\">\n\t\t\t<span class=\"elementor-divider-separator\">\n\t\t\t\t\t\t<\/span>\n\t\t<\/div>\n\t\t\t\t\t\t<\/div>\n\t\t\t\t<\/div>\n\t\t\t\t<div class=\"elementor-element elementor-element-12ddf8a elementor-widget elementor-widget-heading\" data-id=\"12ddf8a\" data-element_type=\"widget\" data-e-type=\"widget\" data-widget_type=\"heading.default\">\n\t\t\t\t<div class=\"elementor-widget-container\">\n\t\t\t\t\t<h2 class=\"elementor-heading-title elementor-size-default\">HOLY GRAIL AMPS nace de nuestra pasi\u00f3n por recrear artesanalmente esos emblem\u00e1ticos amplificadores que cambiaron el mundo. Seleccionamos los mejores componentes, prestamos la m\u00e1xima atenci\u00f3n al detalle y no reducimos calidad ni esfuerzo si el resultado final se ve afectado.\u00a0Prueba uno y no habr\u00e1 marcha atr\u00e1s. Bienvenido a la \"Vintage\u00a0Lovers\u00a0Nation\".<\/h2>\t\t\t\t<\/div>\n\t\t\t\t<\/div>\n\t\t\t\t<\/div>\n\t\t<div class=\"elementor-element elementor-element-bdb9643 e-con-full e-flex e-con e-child\" data-id=\"bdb9643\" data-element_type=\"container\" data-e-type=\"container\" data-settings=\"{&quot;background_background&quot;:&quot;classic&quot;}\">\n\t\t\t\t<div class=\"elementor-element elementor-element-15f2820 elementor-widget elementor-widget-image\" data-id=\"15f2820\" data-element_type=\"widget\" data-e-type=\"widget\" data-widget_type=\"image.default\">\n\t\t\t\t<div class=\"elementor-widget-container\">\n\t\t\t\t\t\t\t\t\t\t\t\t\t\t\t\t<a href=\"https:\/\/holygrailtubeamps.com\/es\/shop\/amplificadores\/king-deluxe-vegarelics\/\">\n\t\t\t\t\t\t\t<img fetchpriority=\"high\" decoding=\"async\" width=\"1181\" height=\"824\" src=\"https:\/\/holygrailtubeamps.com\/wp-content\/uploads\/2024\/06\/HG_Vega_1.jpg\" class=\"attachment-full size-full wp-image-2228\" alt=\"\" srcset=\"https:\/\/holygrailtubeamps.com\/wp-content\/uploads\/2024\/06\/HG_Vega_1.jpg 1181w, https:\/\/holygrailtubeamps.com\/wp-content\/uploads\/2024\/06\/HG_Vega_1-300x209.jpg 300w, https:\/\/holygrailtubeamps.com\/wp-content\/uploads\/2024\/06\/HG_Vega_1-1024x714.jpg 1024w, https:\/\/holygrailtubeamps.com\/wp-content\/uploads\/2024\/06\/HG_Vega_1-768x536.jpg 768w, https:\/\/holygrailtubeamps.com\/wp-content\/uploads\/2024\/06\/HG_Vega_1-800x558.jpg 800w\" sizes=\"(max-width: 1181px) 100vw, 1181px\" \/>\t\t\t\t\t\t\t\t<\/a>\n\t\t\t\t\t\t\t\t\t\t\t\t\t\t\t<\/div>\n\t\t\t\t<\/div>\n\t\t\t\t<\/div>\n\t\t\t\t<\/div>\n\t\t\t\t<section class=\"elementor-section elementor-top-section elementor-element elementor-element-b970943 elementor-section-boxed elementor-section-height-default elementor-section-height-default\" data-id=\"b970943\" data-element_type=\"section\" data-e-type=\"section\">\n\t\t\t\t\t\t<div class=\"elementor-container elementor-column-gap-default\">\n\t\t\t\t\t<div class=\"elementor-column elementor-col-100 elementor-top-column elementor-element elementor-element-a2f7707\" data-id=\"a2f7707\" data-element_type=\"column\" data-e-type=\"column\">\n\t\t\t<div class=\"elementor-widget-wrap elementor-element-populated\">\n\t\t\t\t\t\t<div class=\"elementor-element elementor-element-4010b5a elementor-widget elementor-widget-heading\" data-id=\"4010b5a\" data-element_type=\"widget\" data-e-type=\"widget\" data-widget_type=\"heading.default\">\n\t\t\t\t<div class=\"elementor-widget-container\">\n\t\t\t\t\t<h3 class=\"elementor-heading-title elementor-size-default\"><a href=\"https:\/\/holygrailtubeamps.com\/es\/tienda\/\">Conoce nuestros productos<\/a><\/h3>\t\t\t\t<\/div>\n\t\t\t\t<\/div>\n\t\t\t\t<div class=\"elementor-element elementor-element-2103949 elementor-widget elementor-widget-text-editor\" data-id=\"2103949\" data-element_type=\"widget\" data-e-type=\"widget\" data-widget_type=\"text-editor.default\">\n\t\t\t\t<div class=\"elementor-widget-container\">\n\t\t\t\t\t\t\t\t\tConoce todos nuestros amplificadores y accesorios\t\t\t\t\t\t\t\t<\/div>\n\t\t\t\t<\/div>\n\t\t\t\t<div class=\"elementor-element elementor-element-585634a elementor-widget elementor-widget-spacer\" data-id=\"585634a\" data-element_type=\"widget\" data-e-type=\"widget\" data-widget_type=\"spacer.default\">\n\t\t\t\t<div class=\"elementor-widget-container\">\n\t\t\t\t\t\t\t<div class=\"elementor-spacer\">\n\t\t\t<div class=\"elementor-spacer-inner\"><\/div>\n\t\t<\/div>\n\t\t\t\t\t\t<\/div>\n\t\t\t\t<\/div>\n\t\t\t\t<div class=\"elementor-element elementor-element-7c27af1 elementor-grid-3 elementor-product-loop-item--align-center elementor-grid-mobile-1 elementor-grid-tablet-3 elementor-products-grid elementor-wc-products elementor-widget elementor-widget-woocommerce-products\" data-id=\"7c27af1\" data-element_type=\"widget\" data-e-type=\"widget\" data-widget_type=\"woocommerce-products.default\">\n\t\t\t\t<div class=\"elementor-widget-container\">\n\t\t\t\t\t<div class=\"woocommerce columns-3\"><ul class=\"products elementor-grid content-wrap product-archive grid-cols grid-sm-col-2 grid-lg-col-3 woo-archive-action-on-hover woo-archive-btn-button align-buttons-bottom  woo-archive-image-hover-none\"><li class=\"entry content-bg loop-entry product type-product post-2363 status-publish first instock product_cat-amps product_tag-5f1 has-post-thumbnail featured shipping-taxable product-type-simple\">\n\t<a href=\"https:\/\/holygrailtubeamps.com\/es\/shop\/amps\/big-master-champ-5f1\/\" class=\"woocommerce-loop-image-link woocommerce-LoopProduct-link woocommerce-loop-product__link\"><img decoding=\"async\" width=\"800\" height=\"800\" src=\"https:\/\/holygrailtubeamps.com\/wp-content\/uploads\/2025\/07\/Big-Master-Champ_12-800x800.jpg\" class=\"attachment-woocommerce_thumbnail size-woocommerce_thumbnail\" alt=\"Big Master Champ (5F1) (12&quot;)\" srcset=\"https:\/\/holygrailtubeamps.com\/wp-content\/uploads\/2025\/07\/Big-Master-Champ_12-800x800.jpg 800w, https:\/\/holygrailtubeamps.com\/wp-content\/uploads\/2025\/07\/Big-Master-Champ_12-150x150.jpg 150w, https:\/\/holygrailtubeamps.com\/wp-content\/uploads\/2025\/07\/Big-Master-Champ_12-100x100.jpg 100w\" sizes=\"(max-width: 800px) 100vw, 800px\" \/><\/a><div class=\"product-details content-bg entry-content-wrap\"><h2 class=\"woocommerce-loop-product__title\"><a href=\"https:\/\/holygrailtubeamps.com\/es\/shop\/amps\/big-master-champ-5f1\/\" class=\"woocommerce-LoopProduct-link-title woocommerce-loop-product__title_ink\">Big Master Champ (5F1) (12&#8243;)<\/a><\/h2>\n<div class=\"product-action-wrap\"><a href=\"https:\/\/holygrailtubeamps.com\/es\/shop\/amps\/big-master-champ-5f1\/\" data-quantity=\"1\" class=\"button product_type_simple\" data-product_id=\"2363\" data-product_sku=\"\" aria-label=\"Lee m\u00e1s sobre \u201cBig Master Champ (5F1) (12&quot;)\u201d\" rel=\"nofollow\" data-success_message=\"\" data-no-translation-aria-label=\"\">Leer m\u00e1s<span class=\"kadence-svg-iconset svg-baseline\"><svg class=\"kadence-svg-icon kadence-spinner-svg\" fill=\"currentColor\" version=\"1.1\" xmlns=\"http:\/\/www.w3.org\/2000\/svg\" width=\"16\" height=\"16\" viewbox=\"0 0 16 16\"><title>Cargando<\/title><path d=\"M16 6h-6l2.243-2.243c-1.133-1.133-2.64-1.757-4.243-1.757s-3.109 0.624-4.243 1.757c-1.133 1.133-1.757 2.64-1.757 4.243s0.624 3.109 1.757 4.243c1.133 1.133 2.64 1.757 4.243 1.757s3.109-0.624 4.243-1.757c0.095-0.095 0.185-0.192 0.273-0.292l1.505 1.317c-1.466 1.674-3.62 2.732-6.020 2.732-4.418 0-8-3.582-8-8s3.582-8 8-8c2.209 0 4.209 0.896 5.656 2.344l2.343-2.344v6z\"><\/path>\n\t\t\t\t<\/svg><\/span><span class=\"kadence-svg-iconset svg-baseline\"><svg class=\"kadence-svg-icon kadence-check-svg\" fill=\"currentColor\" version=\"1.1\" xmlns=\"http:\/\/www.w3.org\/2000\/svg\" width=\"16\" height=\"16\" viewbox=\"0 0 16 16\"><title>Hecho<\/title><path d=\"M14 2.5l-8.5 8.5-3.5-3.5-1.5 1.5 5 5 10-10z\"><\/path>\n\t\t\t\t<\/svg><\/span><\/a>\t<span id=\"woocommerce_loop_add_to_cart_link_describedby_2363\" class=\"screen-reader-text\">\n\t\t\t<\/span>\n<\/div><\/div><\/li>\n<li class=\"entry content-bg loop-entry product type-product post-2296 status-publish instock product_cat-amps product_tag-custom-shop has-post-thumbnail shipping-taxable product-type-simple\">\n\t<a href=\"https:\/\/holygrailtubeamps.com\/es\/shop\/amps\/the-barber-princeton-custom-shop\/\" class=\"woocommerce-loop-image-link woocommerce-LoopProduct-link woocommerce-loop-product__link\"><img decoding=\"async\" width=\"800\" height=\"800\" src=\"https:\/\/holygrailtubeamps.com\/wp-content\/uploads\/2024\/11\/DSC0037_EFN-800x800.jpg\" class=\"attachment-woocommerce_thumbnail size-woocommerce_thumbnail\" alt=\"The Barber (Princeton AA1164)\" srcset=\"https:\/\/holygrailtubeamps.com\/wp-content\/uploads\/2024\/11\/DSC0037_EFN-800x800.jpg 800w, https:\/\/holygrailtubeamps.com\/wp-content\/uploads\/2024\/11\/DSC0037_EFN-150x150.jpg 150w, https:\/\/holygrailtubeamps.com\/wp-content\/uploads\/2024\/11\/DSC0037_EFN-100x100.jpg 100w\" sizes=\"(max-width: 800px) 100vw, 800px\" \/><\/a><div class=\"product-details content-bg entry-content-wrap\"><h2 class=\"woocommerce-loop-product__title\"><a href=\"https:\/\/holygrailtubeamps.com\/es\/shop\/amps\/the-barber-princeton-custom-shop\/\" class=\"woocommerce-LoopProduct-link-title woocommerce-loop-product__title_ink\">The Barber (Princeton AA1164)<\/a><\/h2>\n<div class=\"product-action-wrap\"><a href=\"https:\/\/holygrailtubeamps.com\/es\/shop\/amps\/the-barber-princeton-custom-shop\/\" data-quantity=\"1\" class=\"button product_type_simple\" data-product_id=\"2296\" data-product_sku=\"\" aria-label=\"Lee m\u00e1s sobre \u201cThe Barber (Princeton AA1164)\u201d\" rel=\"nofollow\" data-success_message=\"\" data-no-translation-aria-label=\"\">Leer m\u00e1s<span class=\"kadence-svg-iconset svg-baseline\"><svg class=\"kadence-svg-icon kadence-spinner-svg\" fill=\"currentColor\" version=\"1.1\" xmlns=\"http:\/\/www.w3.org\/2000\/svg\" width=\"16\" height=\"16\" viewbox=\"0 0 16 16\"><title>Cargando<\/title><path d=\"M16 6h-6l2.243-2.243c-1.133-1.133-2.64-1.757-4.243-1.757s-3.109 0.624-4.243 1.757c-1.133 1.133-1.757 2.64-1.757 4.243s0.624 3.109 1.757 4.243c1.133 1.133 2.64 1.757 4.243 1.757s3.109-0.624 4.243-1.757c0.095-0.095 0.185-0.192 0.273-0.292l1.505 1.317c-1.466 1.674-3.62 2.732-6.020 2.732-4.418 0-8-3.582-8-8s3.582-8 8-8c2.209 0 4.209 0.896 5.656 2.344l2.343-2.344v6z\"><\/path>\n\t\t\t\t<\/svg><\/span><span class=\"kadence-svg-iconset svg-baseline\"><svg class=\"kadence-svg-icon kadence-check-svg\" fill=\"currentColor\" version=\"1.1\" xmlns=\"http:\/\/www.w3.org\/2000\/svg\" width=\"16\" height=\"16\" viewbox=\"0 0 16 16\"><title>Hecho<\/title><path d=\"M14 2.5l-8.5 8.5-3.5-3.5-1.5 1.5 5 5 10-10z\"><\/path>\n\t\t\t\t<\/svg><\/span><\/a>\t<span id=\"woocommerce_loop_add_to_cart_link_describedby_2296\" class=\"screen-reader-text\">\n\t\t\t<\/span>\n<\/div><\/div><\/li>\n<li class=\"entry content-bg loop-entry product type-product post-2218 status-publish last instock product_cat-amps product_tag-48 has-post-thumbnail shipping-taxable product-type-simple\">\n\t<a href=\"https:\/\/holygrailtubeamps.com\/es\/shop\/amps\/king-deluxe-vegarelics\/\" class=\"woocommerce-loop-image-link woocommerce-LoopProduct-link woocommerce-loop-product__link\"><img loading=\"lazy\" decoding=\"async\" width=\"800\" height=\"800\" src=\"https:\/\/holygrailtubeamps.com\/wp-content\/uploads\/2024\/06\/VegaRelics18_mayo13835-800x800.jpg\" class=\"attachment-woocommerce_thumbnail size-woocommerce_thumbnail\" alt=\"King Deluxe (5E3) (Medium Relic)\" srcset=\"https:\/\/holygrailtubeamps.com\/wp-content\/uploads\/2024\/06\/VegaRelics18_mayo13835-800x800.jpg 800w, https:\/\/holygrailtubeamps.com\/wp-content\/uploads\/2024\/06\/VegaRelics18_mayo13835-300x300.jpg 300w, https:\/\/holygrailtubeamps.com\/wp-content\/uploads\/2024\/06\/VegaRelics18_mayo13835-1024x1024.jpg 1024w, https:\/\/holygrailtubeamps.com\/wp-content\/uploads\/2024\/06\/VegaRelics18_mayo13835-150x150.jpg 150w, https:\/\/holygrailtubeamps.com\/wp-content\/uploads\/2024\/06\/VegaRelics18_mayo13835-768x768.jpg 768w, https:\/\/holygrailtubeamps.com\/wp-content\/uploads\/2024\/06\/VegaRelics18_mayo13835-100x100.jpg 100w, https:\/\/holygrailtubeamps.com\/wp-content\/uploads\/2024\/06\/VegaRelics18_mayo13835.jpg 1181w\" sizes=\"(max-width: 800px) 100vw, 800px\" \/><\/a><div class=\"product-details content-bg entry-content-wrap\"><h2 class=\"woocommerce-loop-product__title\"><a href=\"https:\/\/holygrailtubeamps.com\/es\/shop\/amps\/king-deluxe-vegarelics\/\" class=\"woocommerce-LoopProduct-link-title woocommerce-loop-product__title_ink\">King Deluxe (5E3) (Medium Relic)<\/a><\/h2>\n<div class=\"product-action-wrap\"><a href=\"https:\/\/holygrailtubeamps.com\/es\/shop\/amps\/king-deluxe-vegarelics\/\" data-quantity=\"1\" class=\"button product_type_simple\" data-product_id=\"2218\" data-product_sku=\"\" aria-label=\"Lee m\u00e1s sobre \u201cKing Deluxe (5E3) (Medium Relic)\u201d\" rel=\"nofollow\" data-success_message=\"\" data-no-translation-aria-label=\"\">Leer m\u00e1s<span class=\"kadence-svg-iconset svg-baseline\"><svg class=\"kadence-svg-icon kadence-spinner-svg\" fill=\"currentColor\" version=\"1.1\" xmlns=\"http:\/\/www.w3.org\/2000\/svg\" width=\"16\" height=\"16\" viewbox=\"0 0 16 16\"><title>Cargando<\/title><path d=\"M16 6h-6l2.243-2.243c-1.133-1.133-2.64-1.757-4.243-1.757s-3.109 0.624-4.243 1.757c-1.133 1.133-1.757 2.64-1.757 4.243s0.624 3.109 1.757 4.243c1.133 1.133 2.64 1.757 4.243 1.757s3.109-0.624 4.243-1.757c0.095-0.095 0.185-0.192 0.273-0.292l1.505 1.317c-1.466 1.674-3.62 2.732-6.020 2.732-4.418 0-8-3.582-8-8s3.582-8 8-8c2.209 0 4.209 0.896 5.656 2.344l2.343-2.344v6z\"><\/path>\n\t\t\t\t<\/svg><\/span><span class=\"kadence-svg-iconset svg-baseline\"><svg class=\"kadence-svg-icon kadence-check-svg\" fill=\"currentColor\" version=\"1.1\" xmlns=\"http:\/\/www.w3.org\/2000\/svg\" width=\"16\" height=\"16\" viewbox=\"0 0 16 16\"><title>Hecho<\/title><path d=\"M14 2.5l-8.5 8.5-3.5-3.5-1.5 1.5 5 5 10-10z\"><\/path>\n\t\t\t\t<\/svg><\/span><\/a>\t<span id=\"woocommerce_loop_add_to_cart_link_describedby_2218\" class=\"screen-reader-text\">\n\t\t\t<\/span>\n<\/div><\/div><\/li>\n<\/ul>\n<\/div>\t\t\t\t<\/div>\n\t\t\t\t<\/div>\n\t\t\t\t\t<\/div>\n\t\t<\/div>\n\t\t\t\t\t<\/div>\n\t\t<\/section>\n\t\t\t\t<\/div>","protected":false},"excerpt":{"rendered":"<p>The most iconic amplifiers of all time were built during the 1950s and 1960s. These iconic \u2018Holy Grails\u2019 set the standard for electric guitar sound and remain, to this day, highly sought-after collector\u2019s items for guitarists seeking that authentic vintage tone. HOLY GRAIL AMPS was born out of our passion for handcrafting these iconic amplifiers&#8230;<\/p>","protected":false},"author":2,"featured_media":1997,"parent":0,"menu_order":0,"comment_status":"closed","ping_status":"closed","template":"elementor_header_footer","meta":{"inline_featured_image":false,"_kadence_starter_templates_imported_post":true,"_kad_post_transparent":"","_kad_post_title":"hide","_kad_post_layout":"fullwidth","_kad_post_sidebar_id":"","_kad_post_content_style":"unboxed","_kad_post_vertical_padding":"hide","_kad_post_feature":"hide","_kad_post_feature_position":"","_kad_post_header":false,"_kad_post_footer":false,"_kad_post_classname":"","footnotes":""},"class_list":["post-1137","page","type-page","status-publish","has-post-thumbnail","hentry"],"yoast_head":"<!-- This site is optimized with the Yoast SEO plugin v27.5 - https:\/\/yoast.com\/product\/yoast-seo-wordpress\/ -->\n<title>Holy Grail Tube Amps | Dise\u00f1o y fabricaci\u00f3n de amplificadores y efectos a v\u00e1lvulas.<\/title>\n<meta name=\"description\" content=\"Holy Grail Amps nace de la pasi\u00f3n del Ingeniero Electr\u00f3nico, Pablo S\u00e1nchez, por los amplificadores vintage de los a\u00f1os 50s y 60s.\" \/>\n<meta name=\"robots\" content=\"index, follow, max-snippet:-1, max-image-preview:large, max-video-preview:-1\" \/>\n<link rel=\"canonical\" href=\"https:\/\/holygrailtubeamps.com\/es\/\" \/>\n<meta property=\"og:locale\" content=\"es_ES\" \/>\n<meta property=\"og:type\" content=\"article\" \/>\n<meta property=\"og:title\" content=\"Holy Grail Tube Amps | Dise\u00f1o y fabricaci\u00f3n de amplificadores y efectos a v\u00e1lvulas.\" \/>\n<meta property=\"og:description\" content=\"Holy Grail Amps nace de la pasi\u00f3n del Ingeniero Electr\u00f3nico, Pablo S\u00e1nchez, por los amplificadores vintage de los a\u00f1os 50s y 60s.\" \/>\n<meta property=\"og:url\" content=\"https:\/\/holygrailtubeamps.com\/es\/\" \/>\n<meta property=\"og:site_name\" content=\"Holy Grail Tube Amps\" \/>\n<meta property=\"article:modified_time\" content=\"2026-03-24T20:40:18+00:00\" \/>\n<meta property=\"og:image\" content=\"https:\/\/holygrailtubeamps.com\/wp-content\/uploads\/2024\/03\/Logo_Holy_Grail.jpg\" \/>\n\t<meta property=\"og:image:width\" content=\"320\" \/>\n\t<meta property=\"og:image:height\" content=\"320\" \/>\n\t<meta property=\"og:image:type\" content=\"image\/jpeg\" \/>\n<meta name=\"twitter:card\" content=\"summary_large_image\" \/>\n<meta name=\"twitter:label1\" content=\"Tiempo de lectura\" \/>\n\t<meta name=\"twitter:data1\" content=\"2 minutos\" \/>\n<script type=\"application\/ld+json\" class=\"yoast-schema-graph\">{\"@context\":\"https:\\\/\\\/schema.org\",\"@graph\":[{\"@type\":\"WebPage\",\"@id\":\"https:\\\/\\\/holygrailtubeamps.com\\\/\",\"url\":\"https:\\\/\\\/holygrailtubeamps.com\\\/\",\"name\":\"Holy Grail Tube Amps | Dise\u00f1o y fabricaci\u00f3n de amplificadores y efectos a v\u00e1lvulas.\",\"isPartOf\":{\"@id\":\"https:\\\/\\\/holygrailtubeamps.com\\\/#website\"},\"primaryImageOfPage\":{\"@id\":\"https:\\\/\\\/holygrailtubeamps.com\\\/#primaryimage\"},\"image\":{\"@id\":\"https:\\\/\\\/holygrailtubeamps.com\\\/#primaryimage\"},\"thumbnailUrl\":\"https:\\\/\\\/holygrailtubeamps.com\\\/wp-content\\\/uploads\\\/2024\\\/03\\\/Logo_Holy_Grail.jpg\",\"datePublished\":\"2020-10-21T11:51:37+00:00\",\"dateModified\":\"2026-03-24T20:40:18+00:00\",\"description\":\"Holy Grail Amps nace de la pasi\u00f3n del Ingeniero Electr\u00f3nico, Pablo S\u00e1nchez, por los amplificadores vintage de los a\u00f1os 50s y 60s.\",\"breadcrumb\":{\"@id\":\"https:\\\/\\\/holygrailtubeamps.com\\\/#breadcrumb\"},\"inLanguage\":\"es\",\"potentialAction\":[{\"@type\":\"ReadAction\",\"target\":[\"https:\\\/\\\/holygrailtubeamps.com\\\/\"]}]},{\"@type\":\"ImageObject\",\"inLanguage\":\"es\",\"@id\":\"https:\\\/\\\/holygrailtubeamps.com\\\/#primaryimage\",\"url\":\"https:\\\/\\\/holygrailtubeamps.com\\\/wp-content\\\/uploads\\\/2024\\\/03\\\/Logo_Holy_Grail.jpg\",\"contentUrl\":\"https:\\\/\\\/holygrailtubeamps.com\\\/wp-content\\\/uploads\\\/2024\\\/03\\\/Logo_Holy_Grail.jpg\",\"width\":320,\"height\":320},{\"@type\":\"BreadcrumbList\",\"@id\":\"https:\\\/\\\/holygrailtubeamps.com\\\/#breadcrumb\",\"itemListElement\":[{\"@type\":\"ListItem\",\"position\":1,\"name\":\"Portada\",\"item\":\"https:\\\/\\\/holygrailtubeamps.com\\\/\"},{\"@type\":\"ListItem\",\"position\":2,\"name\":\"Home\"}]},{\"@type\":\"WebSite\",\"@id\":\"https:\\\/\\\/holygrailtubeamps.com\\\/#website\",\"url\":\"https:\\\/\\\/holygrailtubeamps.com\\\/\",\"name\":\"Holy Grail Tube Amps\",\"description\":\"Holy Grail Amps nace de la pasi\u00f3n del Ingeniero Electr\u00f3nico, Pablo S\u00e1nchez, por los amplificadores vintage de los a\u00f1os 50s y 60s.\",\"publisher\":{\"@id\":\"https:\\\/\\\/holygrailtubeamps.com\\\/#organization\"},\"alternateName\":\"Holy Grail Amps\",\"potentialAction\":[{\"@type\":\"SearchAction\",\"target\":{\"@type\":\"EntryPoint\",\"urlTemplate\":\"https:\\\/\\\/holygrailtubeamps.com\\\/?s={search_term_string}\"},\"query-input\":{\"@type\":\"PropertyValueSpecification\",\"valueRequired\":true,\"valueName\":\"search_term_string\"}}],\"inLanguage\":\"es\"},{\"@type\":\"Organization\",\"@id\":\"https:\\\/\\\/holygrailtubeamps.com\\\/#organization\",\"name\":\"Holy Grail Tube Amps\",\"alternateName\":\"Holy Grail Amps\",\"url\":\"https:\\\/\\\/holygrailtubeamps.com\\\/\",\"logo\":{\"@type\":\"ImageObject\",\"inLanguage\":\"es\",\"@id\":\"https:\\\/\\\/holygrailtubeamps.com\\\/#\\\/schema\\\/logo\\\/image\\\/\",\"url\":\"https:\\\/\\\/holygrailtubeamps.com\\\/wp-content\\\/uploads\\\/2024\\\/03\\\/Logo_Holy_Grail.jpg\",\"contentUrl\":\"https:\\\/\\\/holygrailtubeamps.com\\\/wp-content\\\/uploads\\\/2024\\\/03\\\/Logo_Holy_Grail.jpg\",\"width\":320,\"height\":320,\"caption\":\"Holy Grail Tube Amps\"},\"image\":{\"@id\":\"https:\\\/\\\/holygrailtubeamps.com\\\/#\\\/schema\\\/logo\\\/image\\\/\"},\"sameAs\":[\"https:\\\/\\\/www.instagram.com\\\/holygrailamp\\\/\",\"https:\\\/\\\/www.youtube.com\\\/channel\\\/UCxCE7FmYCaAp0_3TsTapPTQ\"]}]}<\/script>\n<!-- \/ Yoast SEO plugin. -->","yoast_head_json":{"title":"Holy Grail Tube Amps | Dise\u00f1o y fabricaci\u00f3n de amplificadores y efectos a v\u00e1lvulas.","description":"Holy Grail Amps nace de la pasi\u00f3n del Ingeniero Electr\u00f3nico, Pablo S\u00e1nchez, por los amplificadores vintage de los a\u00f1os 50s y 60s.","robots":{"index":"index","follow":"follow","max-snippet":"max-snippet:-1","max-image-preview":"max-image-preview:large","max-video-preview":"max-video-preview:-1"},"canonical":"https:\/\/holygrailtubeamps.com\/es\/","og_locale":"es_ES","og_type":"article","og_title":"Holy Grail Tube Amps | Dise\u00f1o y fabricaci\u00f3n de amplificadores y efectos a v\u00e1lvulas.","og_description":"Holy Grail Amps nace de la pasi\u00f3n del Ingeniero Electr\u00f3nico, Pablo S\u00e1nchez, por los amplificadores vintage de los a\u00f1os 50s y 60s.","og_url":"https:\/\/holygrailtubeamps.com\/es\/","og_site_name":"Holy Grail Tube Amps","article_modified_time":"2026-03-24T20:40:18+00:00","og_image":[{"width":320,"height":320,"url":"https:\/\/holygrailtubeamps.com\/wp-content\/uploads\/2024\/03\/Logo_Holy_Grail.jpg","type":"image\/jpeg"}],"twitter_card":"summary_large_image","twitter_misc":{"Tiempo de lectura":"2 minutos"},"schema":{"@context":"https:\/\/schema.org","@graph":[{"@type":"WebPage","@id":"https:\/\/holygrailtubeamps.com\/","url":"https:\/\/holygrailtubeamps.com\/","name":"Holy Grail Tube Amps | Dise\u00f1o y fabricaci\u00f3n de amplificadores y efectos a v\u00e1lvulas.","isPartOf":{"@id":"https:\/\/holygrailtubeamps.com\/#website"},"primaryImageOfPage":{"@id":"https:\/\/holygrailtubeamps.com\/#primaryimage"},"image":{"@id":"https:\/\/holygrailtubeamps.com\/#primaryimage"},"thumbnailUrl":"https:\/\/holygrailtubeamps.com\/wp-content\/uploads\/2024\/03\/Logo_Holy_Grail.jpg","datePublished":"2020-10-21T11:51:37+00:00","dateModified":"2026-03-24T20:40:18+00:00","description":"Holy Grail Amps nace de la pasi\u00f3n del Ingeniero Electr\u00f3nico, Pablo S\u00e1nchez, por los amplificadores vintage de los a\u00f1os 50s y 60s.","breadcrumb":{"@id":"https:\/\/holygrailtubeamps.com\/#breadcrumb"},"inLanguage":"es","potentialAction":[{"@type":"ReadAction","target":["https:\/\/holygrailtubeamps.com\/"]}]},{"@type":"ImageObject","inLanguage":"es","@id":"https:\/\/holygrailtubeamps.com\/#primaryimage","url":"https:\/\/holygrailtubeamps.com\/wp-content\/uploads\/2024\/03\/Logo_Holy_Grail.jpg","contentUrl":"https:\/\/holygrailtubeamps.com\/wp-content\/uploads\/2024\/03\/Logo_Holy_Grail.jpg","width":320,"height":320},{"@type":"BreadcrumbList","@id":"https:\/\/holygrailtubeamps.com\/#breadcrumb","itemListElement":[{"@type":"ListItem","position":1,"name":"Portada","item":"https:\/\/holygrailtubeamps.com\/"},{"@type":"ListItem","position":2,"name":"Home"}]},{"@type":"WebSite","@id":"https:\/\/holygrailtubeamps.com\/#website","url":"https:\/\/holygrailtubeamps.com\/","name":"Holy Grail Tube Amps","description":"Holy Grail Amps nace de la pasi\u00f3n del Ingeniero Electr\u00f3nico, Pablo S\u00e1nchez, por los amplificadores vintage de los a\u00f1os 50s y 60s.","publisher":{"@id":"https:\/\/holygrailtubeamps.com\/#organization"},"alternateName":"Holy Grail Amps","potentialAction":[{"@type":"SearchAction","target":{"@type":"EntryPoint","urlTemplate":"https:\/\/holygrailtubeamps.com\/?s={search_term_string}"},"query-input":{"@type":"PropertyValueSpecification","valueRequired":true,"valueName":"search_term_string"}}],"inLanguage":"es"},{"@type":"Organization","@id":"https:\/\/holygrailtubeamps.com\/#organization","name":"Holy Grail Tube Amps","alternateName":"Holy Grail Amps","url":"https:\/\/holygrailtubeamps.com\/","logo":{"@type":"ImageObject","inLanguage":"es","@id":"https:\/\/holygrailtubeamps.com\/#\/schema\/logo\/image\/","url":"https:\/\/holygrailtubeamps.com\/wp-content\/uploads\/2024\/03\/Logo_Holy_Grail.jpg","contentUrl":"https:\/\/holygrailtubeamps.com\/wp-content\/uploads\/2024\/03\/Logo_Holy_Grail.jpg","width":320,"height":320,"caption":"Holy Grail Tube Amps"},"image":{"@id":"https:\/\/holygrailtubeamps.com\/#\/schema\/logo\/image\/"},"sameAs":["https:\/\/www.instagram.com\/holygrailamp\/","https:\/\/www.youtube.com\/channel\/UCxCE7FmYCaAp0_3TsTapPTQ"]}]}},"_links":{"self":[{"href":"https:\/\/holygrailtubeamps.com\/es\/wp-json\/wp\/v2\/pages\/1137","targetHints":{"allow":["GET"]}}],"collection":[{"href":"https:\/\/holygrailtubeamps.com\/es\/wp-json\/wp\/v2\/pages"}],"about":[{"href":"https:\/\/holygrailtubeamps.com\/es\/wp-json\/wp\/v2\/types\/page"}],"author":[{"embeddable":true,"href":"https:\/\/holygrailtubeamps.com\/es\/wp-json\/wp\/v2\/users\/2"}],"replies":[{"embeddable":true,"href":"https:\/\/holygrailtubeamps.com\/es\/wp-json\/wp\/v2\/comments?post=1137"}],"version-history":[{"count":270,"href":"https:\/\/holygrailtubeamps.com\/es\/wp-json\/wp\/v2\/pages\/1137\/revisions"}],"predecessor-version":[{"id":2538,"href":"https:\/\/holygrailtubeamps.com\/es\/wp-json\/wp\/v2\/pages\/1137\/revisions\/2538"}],"wp:featuredmedia":[{"embeddable":true,"href":"https:\/\/holygrailtubeamps.com\/es\/wp-json\/wp\/v2\/media\/1997"}],"wp:attachment":[{"href":"https:\/\/holygrailtubeamps.com\/es\/wp-json\/wp\/v2\/media?parent=1137"}],"curies":[{"name":"wp","href":"https:\/\/api.w.org\/{rel}","templated":true}]}}