{"id":306,"date":"2020-10-23T18:56:52","date_gmt":"2020-10-23T15:56:52","guid":{"rendered":"https:\/\/startertemplatecloud.com\/e02\/?post_type=product&#038;p=306"},"modified":"2026-03-24T17:48:38","modified_gmt":"2026-03-24T16:48:38","slug":"king-deluxe-5e3","status":"publish","type":"product","link":"https:\/\/holygrailtubeamps.com\/en_gb\/shop\/amps\/king-deluxe-5e3\/","title":{"rendered":"King Deluxe (5E3)"},"content":{"rendered":"","protected":false},"excerpt":{"rendered":"<hr \/>\n<p><strong><a href=\"https:\/\/holygrailtubeamps.com\/en_gb\/contact-and-orders\/\">MADE TO ORDER<\/a><\/strong><\/p>\n<hr \/>\n<p>The *King Deluxe* is our version of the classic Deluxe amplifier from the 1950s. For decades, this amplifier has been considered the ultimate blues amp for small to medium-sized venues\u2014and it still is.<\/p>\n<p>We build the King Deluxe with the utmost attention to detail in order to achieve the best possible result both aesthetically and sonically. We use only the finest materials available and spare no effort in anything that may affect the final result.<\/p>\n<p>This Holy Grail leaves no one indifferent. It comes standard with a highly sensitive Celestion Gold Alnico speaker, allowing you to achieve everything from crystal-clear cleans to wild crunch tones. With its 14 watts of power, it is a unique tool for any situation\u2014studio work, rehearsal, or live performance.<\/p>\n<hr \/>\n<p>Specifications:<\/p>\n<ul>\n<li>14 watts of power<\/li>\n<li>5E3-style circuit<\/li>\n<li>Class A operation, push\/pull<\/li>\n<li>Cathode-biased design<\/li>\n<li>Speaker: Celestion Gold Alnico*<\/li>\n<li>Tubes: 1x5Y3, 2x6V6GT, 2x12AX7<\/li>\n<li>Covering: Original Tweed made in USA*<\/li>\n<li>Solid pine cabinet<\/li>\n<li>Front and rear panels: 7 mm phenolic birch plywood<\/li>\n<li>Speaker baffle: 10 mm phenolic birch plywood<\/li>\n<li>Cabinet size (H x W x D): 42.5 x 50.8 x 24.1 cm<\/li>\n<li>Weight: 13.5 kg<\/li>\n<\/ul>\n<p>*Other options are available upon request.<\/p>\n","protected":false},"featured_media":2198,"comment_status":"closed","ping_status":"closed","template":"","meta":{"inline_featured_image":false,"_kadence_starter_templates_imported_post":true,"_kad_post_transparent":"default","_kad_post_title":"","_kad_post_layout":"default","_kad_post_sidebar_id":"","_kad_post_content_style":"default","_kad_post_vertical_padding":"default","_kad_post_feature":"","_kad_post_feature_position":"","_kad_post_header":false,"_kad_post_footer":false,"_kad_post_classname":""},"product_brand":[],"product_cat":[23],"product_tag":[48],"class_list":{"0":"post-306","1":"product","2":"type-product","3":"status-publish","4":"has-post-thumbnail","6":"product_cat-amps","7":"product_tag-48","9":"first","10":"instock","11":"featured","12":"shipping-taxable","13":"product-type-simple","14":"entry","15":"content-bg","16":"loop-entry"},"yoast_head":"<!-- This site is optimized with the Yoast SEO plugin v27.5 - https:\/\/yoast.com\/product\/yoast-seo-wordpress\/ -->\n<title>King Deluxe (5E3) | Holy Grail Tube Amps<\/title>\n<meta name=\"description\" content=\"The *King Deluxe* is our version of the classic Deluxe amplifier from the 1950s. For decades, this amplifier has been considered the ultimate blues amp for small to medium-sized venues\u2014and it still is.\" \/>\n<meta name=\"robots\" content=\"index, follow, max-snippet:-1, max-image-preview:large, max-video-preview:-1\" \/>\n<link rel=\"canonical\" href=\"https:\/\/holygrailtubeamps.com\/en_gb\/shop\/amps\/king-deluxe-5e3\/\" \/>\n<meta property=\"og:locale\" content=\"en_GB\" \/>\n<meta property=\"og:type\" content=\"article\" \/>\n<meta property=\"og:title\" content=\"King Deluxe (5E3) | Holy Grail Tube Amps\" \/>\n<meta property=\"og:description\" content=\"The *King Deluxe* is our version of the classic Deluxe amplifier from the 1950s. For decades, this amplifier has been considered the ultimate blues amp for small to medium-sized venues\u2014and it still is.\" \/>\n<meta property=\"og:url\" content=\"https:\/\/holygrailtubeamps.com\/en_gb\/shop\/amps\/king-deluxe-5e3\/\" \/>\n<meta property=\"og:site_name\" content=\"Holy Grail Tube Amps\" \/>\n<meta property=\"article:modified_time\" content=\"2026-03-24T16:48:38+00:00\" \/>\n<meta property=\"og:image\" content=\"https:\/\/holygrailtubeamps.com\/wp-content\/uploads\/2020\/10\/King-Deluxe-1_x0.5.jpg\" \/>\n\t<meta property=\"og:image:width\" content=\"1080\" \/>\n\t<meta property=\"og:image:height\" content=\"1080\" \/>\n\t<meta property=\"og:image:type\" content=\"image\/jpeg\" \/>\n<meta name=\"twitter:card\" content=\"summary_large_image\" \/>\n<meta name=\"twitter:label1\" content=\"Estimated reading time\" \/>\n\t<meta name=\"twitter:data1\" content=\"1 minute\" \/>\n<script type=\"application\/ld+json\" class=\"yoast-schema-graph\">{\"@context\":\"https:\\\/\\\/schema.org\",\"@graph\":[{\"@type\":\"WebPage\",\"@id\":\"https:\\\/\\\/holygrailtubeamps.com\\\/shop\\\/amps\\\/king-deluxe-5e3\\\/\",\"url\":\"https:\\\/\\\/holygrailtubeamps.com\\\/shop\\\/amps\\\/king-deluxe-5e3\\\/\",\"name\":\"King Deluxe (5E3) | Holy Grail Tube Amps\",\"isPartOf\":{\"@id\":\"https:\\\/\\\/holygrailtubeamps.com\\\/#website\"},\"primaryImageOfPage\":{\"@id\":\"https:\\\/\\\/holygrailtubeamps.com\\\/shop\\\/amps\\\/king-deluxe-5e3\\\/#primaryimage\"},\"image\":{\"@id\":\"https:\\\/\\\/holygrailtubeamps.com\\\/shop\\\/amps\\\/king-deluxe-5e3\\\/#primaryimage\"},\"thumbnailUrl\":\"https:\\\/\\\/holygrailtubeamps.com\\\/wp-content\\\/uploads\\\/2020\\\/10\\\/King-Deluxe-1_x0.5.jpg\",\"datePublished\":\"2020-10-23T15:56:52+00:00\",\"dateModified\":\"2026-03-24T16:48:38+00:00\",\"description\":\"The *King Deluxe* is our version of the classic Deluxe amplifier from the 1950s. For decades, this amplifier has been considered the ultimate blues amp for small to medium-sized venues\u2014and it still is.\",\"breadcrumb\":{\"@id\":\"https:\\\/\\\/holygrailtubeamps.com\\\/shop\\\/amps\\\/king-deluxe-5e3\\\/#breadcrumb\"},\"inLanguage\":\"en-GB\",\"potentialAction\":[{\"@type\":\"ReadAction\",\"target\":[\"https:\\\/\\\/holygrailtubeamps.com\\\/shop\\\/amps\\\/king-deluxe-5e3\\\/\"]}]},{\"@type\":\"ImageObject\",\"inLanguage\":\"en-GB\",\"@id\":\"https:\\\/\\\/holygrailtubeamps.com\\\/shop\\\/amps\\\/king-deluxe-5e3\\\/#primaryimage\",\"url\":\"https:\\\/\\\/holygrailtubeamps.com\\\/wp-content\\\/uploads\\\/2020\\\/10\\\/King-Deluxe-1_x0.5.jpg\",\"contentUrl\":\"https:\\\/\\\/holygrailtubeamps.com\\\/wp-content\\\/uploads\\\/2020\\\/10\\\/King-Deluxe-1_x0.5.jpg\",\"width\":1080,\"height\":1080},{\"@type\":\"BreadcrumbList\",\"@id\":\"https:\\\/\\\/holygrailtubeamps.com\\\/shop\\\/amps\\\/king-deluxe-5e3\\\/#breadcrumb\",\"itemListElement\":[{\"@type\":\"ListItem\",\"position\":1,\"name\":\"Portada\",\"item\":\"https:\\\/\\\/holygrailtubeamps.com\\\/\"},{\"@type\":\"ListItem\",\"position\":2,\"name\":\"Shop\",\"item\":\"https:\\\/\\\/holygrailtubeamps.com\\\/shop\\\/\"},{\"@type\":\"ListItem\",\"position\":3,\"name\":\"King Deluxe (5E3)\"}]},{\"@type\":\"WebSite\",\"@id\":\"https:\\\/\\\/holygrailtubeamps.com\\\/#website\",\"url\":\"https:\\\/\\\/holygrailtubeamps.com\\\/\",\"name\":\"Holy Grail Tube Amps\",\"description\":\"Holy Grail Amps nace de la pasi\u00f3n del Ingeniero Electr\u00f3nico, Pablo S\u00e1nchez, por los amplificadores vintage de los a\u00f1os 50s y 60s.\",\"publisher\":{\"@id\":\"https:\\\/\\\/holygrailtubeamps.com\\\/#organization\"},\"alternateName\":\"Holy Grail Amps\",\"potentialAction\":[{\"@type\":\"SearchAction\",\"target\":{\"@type\":\"EntryPoint\",\"urlTemplate\":\"https:\\\/\\\/holygrailtubeamps.com\\\/?s={search_term_string}\"},\"query-input\":{\"@type\":\"PropertyValueSpecification\",\"valueRequired\":true,\"valueName\":\"search_term_string\"}}],\"inLanguage\":\"en-GB\"},{\"@type\":\"Organization\",\"@id\":\"https:\\\/\\\/holygrailtubeamps.com\\\/#organization\",\"name\":\"Holy Grail Tube Amps\",\"alternateName\":\"Holy Grail Amps\",\"url\":\"https:\\\/\\\/holygrailtubeamps.com\\\/\",\"logo\":{\"@type\":\"ImageObject\",\"inLanguage\":\"en-GB\",\"@id\":\"https:\\\/\\\/holygrailtubeamps.com\\\/#\\\/schema\\\/logo\\\/image\\\/\",\"url\":\"https:\\\/\\\/holygrailtubeamps.com\\\/wp-content\\\/uploads\\\/2024\\\/03\\\/Logo_Holy_Grail.jpg\",\"contentUrl\":\"https:\\\/\\\/holygrailtubeamps.com\\\/wp-content\\\/uploads\\\/2024\\\/03\\\/Logo_Holy_Grail.jpg\",\"width\":320,\"height\":320,\"caption\":\"Holy Grail Tube Amps\"},\"image\":{\"@id\":\"https:\\\/\\\/holygrailtubeamps.com\\\/#\\\/schema\\\/logo\\\/image\\\/\"},\"sameAs\":[\"https:\\\/\\\/www.instagram.com\\\/holygrailamp\\\/\",\"https:\\\/\\\/www.youtube.com\\\/channel\\\/UCxCE7FmYCaAp0_3TsTapPTQ\"]}]}<\/script>\n<!-- \/ Yoast SEO plugin. -->","yoast_head_json":{"title":"King Deluxe (5E3) | Holy Grail Tube Amps","description":"The *King Deluxe* is our version of the classic Deluxe amplifier from the 1950s. For decades, this amplifier has been considered the ultimate blues amp for small to medium-sized venues\u2014and it still is.","robots":{"index":"index","follow":"follow","max-snippet":"max-snippet:-1","max-image-preview":"max-image-preview:large","max-video-preview":"max-video-preview:-1"},"canonical":"https:\/\/holygrailtubeamps.com\/en_gb\/shop\/amps\/king-deluxe-5e3\/","og_locale":"en_GB","og_type":"article","og_title":"King Deluxe (5E3) | Holy Grail Tube Amps","og_description":"The *King Deluxe* is our version of the classic Deluxe amplifier from the 1950s. For decades, this amplifier has been considered the ultimate blues amp for small to medium-sized venues\u2014and it still is.","og_url":"https:\/\/holygrailtubeamps.com\/en_gb\/shop\/amps\/king-deluxe-5e3\/","og_site_name":"Holy Grail Tube Amps","article_modified_time":"2026-03-24T16:48:38+00:00","og_image":[{"width":1080,"height":1080,"url":"https:\/\/holygrailtubeamps.com\/wp-content\/uploads\/2020\/10\/King-Deluxe-1_x0.5.jpg","type":"image\/jpeg"}],"twitter_card":"summary_large_image","twitter_misc":{"Estimated reading time":"1 minute"},"schema":{"@context":"https:\/\/schema.org","@graph":[{"@type":"WebPage","@id":"https:\/\/holygrailtubeamps.com\/shop\/amps\/king-deluxe-5e3\/","url":"https:\/\/holygrailtubeamps.com\/shop\/amps\/king-deluxe-5e3\/","name":"King Deluxe (5E3) | Holy Grail Tube Amps","isPartOf":{"@id":"https:\/\/holygrailtubeamps.com\/#website"},"primaryImageOfPage":{"@id":"https:\/\/holygrailtubeamps.com\/shop\/amps\/king-deluxe-5e3\/#primaryimage"},"image":{"@id":"https:\/\/holygrailtubeamps.com\/shop\/amps\/king-deluxe-5e3\/#primaryimage"},"thumbnailUrl":"https:\/\/holygrailtubeamps.com\/wp-content\/uploads\/2020\/10\/King-Deluxe-1_x0.5.jpg","datePublished":"2020-10-23T15:56:52+00:00","dateModified":"2026-03-24T16:48:38+00:00","description":"The *King Deluxe* is our version of the classic Deluxe amplifier from the 1950s. For decades, this amplifier has been considered the ultimate blues amp for small to medium-sized venues\u2014and it still is.","breadcrumb":{"@id":"https:\/\/holygrailtubeamps.com\/shop\/amps\/king-deluxe-5e3\/#breadcrumb"},"inLanguage":"en-GB","potentialAction":[{"@type":"ReadAction","target":["https:\/\/holygrailtubeamps.com\/shop\/amps\/king-deluxe-5e3\/"]}]},{"@type":"ImageObject","inLanguage":"en-GB","@id":"https:\/\/holygrailtubeamps.com\/shop\/amps\/king-deluxe-5e3\/#primaryimage","url":"https:\/\/holygrailtubeamps.com\/wp-content\/uploads\/2020\/10\/King-Deluxe-1_x0.5.jpg","contentUrl":"https:\/\/holygrailtubeamps.com\/wp-content\/uploads\/2020\/10\/King-Deluxe-1_x0.5.jpg","width":1080,"height":1080},{"@type":"BreadcrumbList","@id":"https:\/\/holygrailtubeamps.com\/shop\/amps\/king-deluxe-5e3\/#breadcrumb","itemListElement":[{"@type":"ListItem","position":1,"name":"Portada","item":"https:\/\/holygrailtubeamps.com\/"},{"@type":"ListItem","position":2,"name":"Shop","item":"https:\/\/holygrailtubeamps.com\/shop\/"},{"@type":"ListItem","position":3,"name":"King Deluxe (5E3)"}]},{"@type":"WebSite","@id":"https:\/\/holygrailtubeamps.com\/#website","url":"https:\/\/holygrailtubeamps.com\/","name":"Holy Grail Tube Amps","description":"Holy Grail Amps nace de la pasi\u00f3n del Ingeniero Electr\u00f3nico, Pablo S\u00e1nchez, por los amplificadores vintage de los a\u00f1os 50s y 60s.","publisher":{"@id":"https:\/\/holygrailtubeamps.com\/#organization"},"alternateName":"Holy Grail Amps","potentialAction":[{"@type":"SearchAction","target":{"@type":"EntryPoint","urlTemplate":"https:\/\/holygrailtubeamps.com\/?s={search_term_string}"},"query-input":{"@type":"PropertyValueSpecification","valueRequired":true,"valueName":"search_term_string"}}],"inLanguage":"en-GB"},{"@type":"Organization","@id":"https:\/\/holygrailtubeamps.com\/#organization","name":"Holy Grail Tube Amps","alternateName":"Holy Grail Amps","url":"https:\/\/holygrailtubeamps.com\/","logo":{"@type":"ImageObject","inLanguage":"en-GB","@id":"https:\/\/holygrailtubeamps.com\/#\/schema\/logo\/image\/","url":"https:\/\/holygrailtubeamps.com\/wp-content\/uploads\/2024\/03\/Logo_Holy_Grail.jpg","contentUrl":"https:\/\/holygrailtubeamps.com\/wp-content\/uploads\/2024\/03\/Logo_Holy_Grail.jpg","width":320,"height":320,"caption":"Holy Grail Tube Amps"},"image":{"@id":"https:\/\/holygrailtubeamps.com\/#\/schema\/logo\/image\/"},"sameAs":["https:\/\/www.instagram.com\/holygrailamp\/","https:\/\/www.youtube.com\/channel\/UCxCE7FmYCaAp0_3TsTapPTQ"]}]}},"_links":{"self":[{"href":"https:\/\/holygrailtubeamps.com\/en_gb\/wp-json\/wp\/v2\/product\/306","targetHints":{"allow":["GET"]}}],"collection":[{"href":"https:\/\/holygrailtubeamps.com\/en_gb\/wp-json\/wp\/v2\/product"}],"about":[{"href":"https:\/\/holygrailtubeamps.com\/en_gb\/wp-json\/wp\/v2\/types\/product"}],"replies":[{"embeddable":true,"href":"https:\/\/holygrailtubeamps.com\/en_gb\/wp-json\/wp\/v2\/comments?post=306"}],"wp:featuredmedia":[{"embeddable":true,"href":"https:\/\/holygrailtubeamps.com\/en_gb\/wp-json\/wp\/v2\/media\/2198"}],"wp:attachment":[{"href":"https:\/\/holygrailtubeamps.com\/en_gb\/wp-json\/wp\/v2\/media?parent=306"}],"wp:term":[{"taxonomy":"product_brand","embeddable":true,"href":"https:\/\/holygrailtubeamps.com\/en_gb\/wp-json\/wp\/v2\/product_brand?post=306"},{"taxonomy":"product_cat","embeddable":true,"href":"https:\/\/holygrailtubeamps.com\/en_gb\/wp-json\/wp\/v2\/product_cat?post=306"},{"taxonomy":"product_tag","embeddable":true,"href":"https:\/\/holygrailtubeamps.com\/en_gb\/wp-json\/wp\/v2\/product_tag?post=306"}],"curies":[{"name":"wp","href":"https:\/\/api.w.org\/{rel}","templated":true}]}}