{"id":2296,"date":"2024-11-20T14:40:50","date_gmt":"2024-11-20T13:40:50","guid":{"rendered":"https:\/\/holygrailtubeamps.com\/?post_type=product&#038;p=2296"},"modified":"2026-03-24T17:17:24","modified_gmt":"2026-03-24T16:17:24","slug":"the-barber-princeton-custom-shop","status":"publish","type":"product","link":"https:\/\/holygrailtubeamps.com\/en_gb\/shop\/amps\/the-barber-princeton-custom-shop\/","title":{"rendered":"The Barber (Princeton AA1164)"},"content":{"rendered":"","protected":false},"excerpt":{"rendered":"<p><a href=\"https:\/\/holygrailtubeamps.com\/en_gb\/product-tag\/custom-shop\/\">**Custom Shop**<\/a><\/p>\n<hr \/>\n<p><strong><a href=\"https:\/\/holygrailtubeamps.com\/en_gb\/contact-and-orders\/\">MADE TO ORDER<\/a><\/strong><\/p>\n<hr \/>\n<p>*The Barber* is an amplifier based on the Princeton Reverb AA1164 Blackface circuit, featuring an additional mid-tone control and a master control to get the most out of this classic design.<\/p>\n<p>It does not include Reverb or Tremolo by default, but both can be added upon request.<\/p>\n<hr \/>\n<p>Specifications:<\/p>\n<ul>\n<li>14 watts of power<\/li>\n<li>AA1164-style circuit (Princeton Reverb)<\/li>\n<li>Push\/pull operation<\/li>\n<li>Cathode-biased design<\/li>\n<li>Speaker: Celestion Gold Alnico*<\/li>\n<li>Tubes: 1xGZ34, 2x6V6GT, 2x12AX7<\/li>\n<li>Covering: Pink Tolex<\/li>\n<li>Tone capacitors: Made in USA<\/li>\n<li>Solid pine cabinet<\/li>\n<li>Front and rear panels: 7 mm phenolic birch plywood<\/li>\n<li>Speaker baffle: 10 mm phenolic birch plywood<\/li>\n<li>Cabinet size (H x W x D): 40.6 x 50.5 x 24.13 cm<\/li>\n<li>Weight: 14 kg<\/li>\n<\/ul>\n<p>*Other options are available upon request.<\/p>\n","protected":false},"featured_media":2297,"comment_status":"closed","ping_status":"closed","template":"","meta":{"inline_featured_image":false,"_kadence_starter_templates_imported_post":false,"_kad_post_transparent":"default","_kad_post_title":"","_kad_post_layout":"default","_kad_post_sidebar_id":"","_kad_post_content_style":"default","_kad_post_vertical_padding":"default","_kad_post_feature":"","_kad_post_feature_position":"","_kad_post_header":false,"_kad_post_footer":false,"_kad_post_classname":""},"product_brand":[],"product_cat":[23],"product_tag":[46],"class_list":{"0":"post-2296","1":"product","2":"type-product","3":"status-publish","4":"has-post-thumbnail","6":"product_cat-amps","7":"product_tag-custom-shop","9":"first","10":"instock","11":"shipping-taxable","12":"product-type-simple","13":"entry","14":"content-bg","15":"loop-entry"},"yoast_head":"<!-- This site is optimized with the Yoast SEO plugin v27.5 - https:\/\/yoast.com\/product\/yoast-seo-wordpress\/ -->\n<title>The Barber (Princeton AA1164) | Holy Grail Tube Amps<\/title>\n<meta name=\"description\" content=\"*The Barber* is an amplifier based on the Princeton Reverb AA1164 Blackface circuit, featuring an additional mid-tone control and a master control to get the most out of this classic design.\" \/>\n<meta name=\"robots\" content=\"index, follow, max-snippet:-1, max-image-preview:large, max-video-preview:-1\" \/>\n<link rel=\"canonical\" href=\"https:\/\/holygrailtubeamps.com\/en_gb\/shop\/amps\/the-barber-princeton-custom-shop\/\" \/>\n<meta property=\"og:locale\" content=\"en_GB\" \/>\n<meta property=\"og:type\" content=\"article\" \/>\n<meta property=\"og:title\" content=\"The Barber (Princeton AA1164) | Holy Grail Tube Amps\" \/>\n<meta property=\"og:description\" content=\"*The Barber* is an amplifier based on the Princeton Reverb AA1164 Blackface circuit, featuring an additional mid-tone control and a master control to get the most out of this classic design.\" \/>\n<meta property=\"og:url\" content=\"https:\/\/holygrailtubeamps.com\/en_gb\/shop\/amps\/the-barber-princeton-custom-shop\/\" \/>\n<meta property=\"og:site_name\" content=\"Holy Grail Tube Amps\" \/>\n<meta property=\"article:modified_time\" content=\"2026-03-24T16:17:24+00:00\" \/>\n<meta property=\"og:image\" content=\"https:\/\/holygrailtubeamps.com\/wp-content\/uploads\/2024\/11\/DSC0037_EFN-scaled.jpg\" \/>\n\t<meta property=\"og:image:width\" content=\"2560\" \/>\n\t<meta property=\"og:image:height\" content=\"1707\" \/>\n\t<meta property=\"og:image:type\" content=\"image\/jpeg\" \/>\n<meta name=\"twitter:card\" content=\"summary_large_image\" \/>\n<meta name=\"twitter:label1\" content=\"Estimated reading time\" \/>\n\t<meta name=\"twitter:data1\" content=\"1 minute\" \/>\n<script type=\"application\/ld+json\" class=\"yoast-schema-graph\">{\"@context\":\"https:\\\/\\\/schema.org\",\"@graph\":[{\"@type\":\"WebPage\",\"@id\":\"https:\\\/\\\/holygrailtubeamps.com\\\/shop\\\/amps\\\/the-barber-princeton-custom-shop\\\/\",\"url\":\"https:\\\/\\\/holygrailtubeamps.com\\\/shop\\\/amps\\\/the-barber-princeton-custom-shop\\\/\",\"name\":\"The Barber (Princeton AA1164) | Holy Grail Tube Amps\",\"isPartOf\":{\"@id\":\"https:\\\/\\\/holygrailtubeamps.com\\\/#website\"},\"primaryImageOfPage\":{\"@id\":\"https:\\\/\\\/holygrailtubeamps.com\\\/shop\\\/amps\\\/the-barber-princeton-custom-shop\\\/#primaryimage\"},\"image\":{\"@id\":\"https:\\\/\\\/holygrailtubeamps.com\\\/shop\\\/amps\\\/the-barber-princeton-custom-shop\\\/#primaryimage\"},\"thumbnailUrl\":\"https:\\\/\\\/holygrailtubeamps.com\\\/wp-content\\\/uploads\\\/2024\\\/11\\\/DSC0037_EFN-scaled.jpg\",\"datePublished\":\"2024-11-20T13:40:50+00:00\",\"dateModified\":\"2026-03-24T16:17:24+00:00\",\"description\":\"*The Barber* is an amplifier based on the Princeton Reverb AA1164 Blackface circuit, featuring an additional mid-tone control and a master control to get the most out of this classic design.\",\"breadcrumb\":{\"@id\":\"https:\\\/\\\/holygrailtubeamps.com\\\/shop\\\/amps\\\/the-barber-princeton-custom-shop\\\/#breadcrumb\"},\"inLanguage\":\"en-GB\",\"potentialAction\":[{\"@type\":\"ReadAction\",\"target\":[\"https:\\\/\\\/holygrailtubeamps.com\\\/shop\\\/amps\\\/the-barber-princeton-custom-shop\\\/\"]}]},{\"@type\":\"ImageObject\",\"inLanguage\":\"en-GB\",\"@id\":\"https:\\\/\\\/holygrailtubeamps.com\\\/shop\\\/amps\\\/the-barber-princeton-custom-shop\\\/#primaryimage\",\"url\":\"https:\\\/\\\/holygrailtubeamps.com\\\/wp-content\\\/uploads\\\/2024\\\/11\\\/DSC0037_EFN-scaled.jpg\",\"contentUrl\":\"https:\\\/\\\/holygrailtubeamps.com\\\/wp-content\\\/uploads\\\/2024\\\/11\\\/DSC0037_EFN-scaled.jpg\",\"width\":2560,\"height\":1707},{\"@type\":\"BreadcrumbList\",\"@id\":\"https:\\\/\\\/holygrailtubeamps.com\\\/shop\\\/amps\\\/the-barber-princeton-custom-shop\\\/#breadcrumb\",\"itemListElement\":[{\"@type\":\"ListItem\",\"position\":1,\"name\":\"Portada\",\"item\":\"https:\\\/\\\/holygrailtubeamps.com\\\/\"},{\"@type\":\"ListItem\",\"position\":2,\"name\":\"Shop\",\"item\":\"https:\\\/\\\/holygrailtubeamps.com\\\/shop\\\/\"},{\"@type\":\"ListItem\",\"position\":3,\"name\":\"The Barber (Princeton AA1164)\"}]},{\"@type\":\"WebSite\",\"@id\":\"https:\\\/\\\/holygrailtubeamps.com\\\/#website\",\"url\":\"https:\\\/\\\/holygrailtubeamps.com\\\/\",\"name\":\"Holy Grail Tube Amps\",\"description\":\"Holy Grail Amps nace de la pasi\u00f3n del Ingeniero Electr\u00f3nico, Pablo S\u00e1nchez, por los amplificadores vintage de los a\u00f1os 50s y 60s.\",\"publisher\":{\"@id\":\"https:\\\/\\\/holygrailtubeamps.com\\\/#organization\"},\"alternateName\":\"Holy Grail Amps\",\"potentialAction\":[{\"@type\":\"SearchAction\",\"target\":{\"@type\":\"EntryPoint\",\"urlTemplate\":\"https:\\\/\\\/holygrailtubeamps.com\\\/?s={search_term_string}\"},\"query-input\":{\"@type\":\"PropertyValueSpecification\",\"valueRequired\":true,\"valueName\":\"search_term_string\"}}],\"inLanguage\":\"en-GB\"},{\"@type\":\"Organization\",\"@id\":\"https:\\\/\\\/holygrailtubeamps.com\\\/#organization\",\"name\":\"Holy Grail Tube Amps\",\"alternateName\":\"Holy Grail Amps\",\"url\":\"https:\\\/\\\/holygrailtubeamps.com\\\/\",\"logo\":{\"@type\":\"ImageObject\",\"inLanguage\":\"en-GB\",\"@id\":\"https:\\\/\\\/holygrailtubeamps.com\\\/#\\\/schema\\\/logo\\\/image\\\/\",\"url\":\"https:\\\/\\\/holygrailtubeamps.com\\\/wp-content\\\/uploads\\\/2024\\\/03\\\/Logo_Holy_Grail.jpg\",\"contentUrl\":\"https:\\\/\\\/holygrailtubeamps.com\\\/wp-content\\\/uploads\\\/2024\\\/03\\\/Logo_Holy_Grail.jpg\",\"width\":320,\"height\":320,\"caption\":\"Holy Grail Tube Amps\"},\"image\":{\"@id\":\"https:\\\/\\\/holygrailtubeamps.com\\\/#\\\/schema\\\/logo\\\/image\\\/\"},\"sameAs\":[\"https:\\\/\\\/www.instagram.com\\\/holygrailamp\\\/\",\"https:\\\/\\\/www.youtube.com\\\/channel\\\/UCxCE7FmYCaAp0_3TsTapPTQ\"]}]}<\/script>\n<!-- \/ Yoast SEO plugin. -->","yoast_head_json":{"title":"The Barber (Princeton AA1164) | Holy Grail Tube Amps","description":"*The Barber* is an amplifier based on the Princeton Reverb AA1164 Blackface circuit, featuring an additional mid-tone control and a master control to get the most out of this classic design.","robots":{"index":"index","follow":"follow","max-snippet":"max-snippet:-1","max-image-preview":"max-image-preview:large","max-video-preview":"max-video-preview:-1"},"canonical":"https:\/\/holygrailtubeamps.com\/en_gb\/shop\/amps\/the-barber-princeton-custom-shop\/","og_locale":"en_GB","og_type":"article","og_title":"The Barber (Princeton AA1164) | Holy Grail Tube Amps","og_description":"*The Barber* is an amplifier based on the Princeton Reverb AA1164 Blackface circuit, featuring an additional mid-tone control and a master control to get the most out of this classic design.","og_url":"https:\/\/holygrailtubeamps.com\/en_gb\/shop\/amps\/the-barber-princeton-custom-shop\/","og_site_name":"Holy Grail Tube Amps","article_modified_time":"2026-03-24T16:17:24+00:00","og_image":[{"width":2560,"height":1707,"url":"https:\/\/holygrailtubeamps.com\/wp-content\/uploads\/2024\/11\/DSC0037_EFN-scaled.jpg","type":"image\/jpeg"}],"twitter_card":"summary_large_image","twitter_misc":{"Estimated reading time":"1 minute"},"schema":{"@context":"https:\/\/schema.org","@graph":[{"@type":"WebPage","@id":"https:\/\/holygrailtubeamps.com\/shop\/amps\/the-barber-princeton-custom-shop\/","url":"https:\/\/holygrailtubeamps.com\/shop\/amps\/the-barber-princeton-custom-shop\/","name":"The Barber (Princeton AA1164) | Holy Grail Tube Amps","isPartOf":{"@id":"https:\/\/holygrailtubeamps.com\/#website"},"primaryImageOfPage":{"@id":"https:\/\/holygrailtubeamps.com\/shop\/amps\/the-barber-princeton-custom-shop\/#primaryimage"},"image":{"@id":"https:\/\/holygrailtubeamps.com\/shop\/amps\/the-barber-princeton-custom-shop\/#primaryimage"},"thumbnailUrl":"https:\/\/holygrailtubeamps.com\/wp-content\/uploads\/2024\/11\/DSC0037_EFN-scaled.jpg","datePublished":"2024-11-20T13:40:50+00:00","dateModified":"2026-03-24T16:17:24+00:00","description":"*The Barber* is an amplifier based on the Princeton Reverb AA1164 Blackface circuit, featuring an additional mid-tone control and a master control to get the most out of this classic design.","breadcrumb":{"@id":"https:\/\/holygrailtubeamps.com\/shop\/amps\/the-barber-princeton-custom-shop\/#breadcrumb"},"inLanguage":"en-GB","potentialAction":[{"@type":"ReadAction","target":["https:\/\/holygrailtubeamps.com\/shop\/amps\/the-barber-princeton-custom-shop\/"]}]},{"@type":"ImageObject","inLanguage":"en-GB","@id":"https:\/\/holygrailtubeamps.com\/shop\/amps\/the-barber-princeton-custom-shop\/#primaryimage","url":"https:\/\/holygrailtubeamps.com\/wp-content\/uploads\/2024\/11\/DSC0037_EFN-scaled.jpg","contentUrl":"https:\/\/holygrailtubeamps.com\/wp-content\/uploads\/2024\/11\/DSC0037_EFN-scaled.jpg","width":2560,"height":1707},{"@type":"BreadcrumbList","@id":"https:\/\/holygrailtubeamps.com\/shop\/amps\/the-barber-princeton-custom-shop\/#breadcrumb","itemListElement":[{"@type":"ListItem","position":1,"name":"Portada","item":"https:\/\/holygrailtubeamps.com\/"},{"@type":"ListItem","position":2,"name":"Shop","item":"https:\/\/holygrailtubeamps.com\/shop\/"},{"@type":"ListItem","position":3,"name":"The Barber (Princeton AA1164)"}]},{"@type":"WebSite","@id":"https:\/\/holygrailtubeamps.com\/#website","url":"https:\/\/holygrailtubeamps.com\/","name":"Holy Grail Tube Amps","description":"Holy Grail Amps nace de la pasi\u00f3n del Ingeniero Electr\u00f3nico, Pablo S\u00e1nchez, por los amplificadores vintage de los a\u00f1os 50s y 60s.","publisher":{"@id":"https:\/\/holygrailtubeamps.com\/#organization"},"alternateName":"Holy Grail Amps","potentialAction":[{"@type":"SearchAction","target":{"@type":"EntryPoint","urlTemplate":"https:\/\/holygrailtubeamps.com\/?s={search_term_string}"},"query-input":{"@type":"PropertyValueSpecification","valueRequired":true,"valueName":"search_term_string"}}],"inLanguage":"en-GB"},{"@type":"Organization","@id":"https:\/\/holygrailtubeamps.com\/#organization","name":"Holy Grail Tube Amps","alternateName":"Holy Grail Amps","url":"https:\/\/holygrailtubeamps.com\/","logo":{"@type":"ImageObject","inLanguage":"en-GB","@id":"https:\/\/holygrailtubeamps.com\/#\/schema\/logo\/image\/","url":"https:\/\/holygrailtubeamps.com\/wp-content\/uploads\/2024\/03\/Logo_Holy_Grail.jpg","contentUrl":"https:\/\/holygrailtubeamps.com\/wp-content\/uploads\/2024\/03\/Logo_Holy_Grail.jpg","width":320,"height":320,"caption":"Holy Grail Tube Amps"},"image":{"@id":"https:\/\/holygrailtubeamps.com\/#\/schema\/logo\/image\/"},"sameAs":["https:\/\/www.instagram.com\/holygrailamp\/","https:\/\/www.youtube.com\/channel\/UCxCE7FmYCaAp0_3TsTapPTQ"]}]}},"_links":{"self":[{"href":"https:\/\/holygrailtubeamps.com\/en_gb\/wp-json\/wp\/v2\/product\/2296","targetHints":{"allow":["GET"]}}],"collection":[{"href":"https:\/\/holygrailtubeamps.com\/en_gb\/wp-json\/wp\/v2\/product"}],"about":[{"href":"https:\/\/holygrailtubeamps.com\/en_gb\/wp-json\/wp\/v2\/types\/product"}],"replies":[{"embeddable":true,"href":"https:\/\/holygrailtubeamps.com\/en_gb\/wp-json\/wp\/v2\/comments?post=2296"}],"wp:featuredmedia":[{"embeddable":true,"href":"https:\/\/holygrailtubeamps.com\/en_gb\/wp-json\/wp\/v2\/media\/2297"}],"wp:attachment":[{"href":"https:\/\/holygrailtubeamps.com\/en_gb\/wp-json\/wp\/v2\/media?parent=2296"}],"wp:term":[{"taxonomy":"product_brand","embeddable":true,"href":"https:\/\/holygrailtubeamps.com\/en_gb\/wp-json\/wp\/v2\/product_brand?post=2296"},{"taxonomy":"product_cat","embeddable":true,"href":"https:\/\/holygrailtubeamps.com\/en_gb\/wp-json\/wp\/v2\/product_cat?post=2296"},{"taxonomy":"product_tag","embeddable":true,"href":"https:\/\/holygrailtubeamps.com\/en_gb\/wp-json\/wp\/v2\/product_tag?post=2296"}],"curies":[{"name":"wp","href":"https:\/\/api.w.org\/{rel}","templated":true}]}}