{"id":85,"date":"2024-03-05T12:21:52","date_gmt":"2024-03-05T11:21:52","guid":{"rendered":"https:\/\/holygrailtubeamps.com\/?page_id=85"},"modified":"2026-03-24T12:20:30","modified_gmt":"2026-03-24T11:20:30","slug":"friends","status":"publish","type":"page","link":"https:\/\/holygrailtubeamps.com\/en_gb\/friends\/","title":{"rendered":"Friends"},"content":{"rendered":"\t\t<div data-elementor-type=\"wp-page\" data-elementor-id=\"85\" class=\"elementor elementor-85\" data-elementor-post-type=\"page\">\n\t\t\t\t<div class=\"elementor-element elementor-element-ccfc463 e-flex e-con-boxed e-con e-parent\" data-id=\"ccfc463\" data-element_type=\"container\" data-e-type=\"container\">\n\t\t\t\t\t<div class=\"e-con-inner\">\n\t\t<div class=\"elementor-element elementor-element-51f867d e-con-full e-flex e-con e-child\" data-id=\"51f867d\" data-element_type=\"container\" data-e-type=\"container\">\n\t\t<a class=\"eael-wrapper-link-d44f8b3 --eael-wrapper-link-tag\" href=\"https:\/\/www.vargasbluesband.com\/\" target=\"_blank\"><\/a>\t\t<div data-eael-wrapper-link=\"eael-wrapper-link-d44f8b3\" class=\"elementor-element elementor-element-d44f8b3 elementor-widget__width-initial elementor-widget-tablet__width-initial elementor-widget-mobile__width-initial eael-team-align-eael-team-align-default elementor-widget elementor-widget-eael-team-member\" data-id=\"d44f8b3\" data-element_type=\"widget\" data-e-type=\"widget\" data-widget_type=\"eael-team-member.default\">\n\t\t\t\t<div class=\"elementor-widget-container\">\n\t\t\t\t\t\n\n\t<div id=\"eael-team-member-d44f8b3\" class=\"eael-team-item eael-team-members-simple \">\n\t\t<div class=\"eael-team-item-inner\">\n\t\t\t<div class=\"eael-team-image\">\n\t\t\t\t<figure>\n\t\t\t\t\t\t\t\t\t\t<img decoding=\"async\" src=\"https:\/\/holygrailtubeamps.com\/wp-content\/uploads\/2024\/03\/Javier-Vargas.jpg\" alt=\"\">\n\t\t\t\t\t\t\t\t\t<\/figure>\n\t\t\t\t\n\t\t\t\t\n\t\t\t<\/div>\n\n\t\t\t<div class=\"eael-team-content\">\n\t\t\t\t<h2 class=\"eael-team-member-name\">Javier Vargas<\/h2><h3 class=\"eael-team-member-position\">Vargas Blues Band<\/h3>\n\t\t\t\t\t\t\t\t\t\t\t\t\t\t<p class=\"eael-team-text\"><\/p>\n\t\t\t\t\t\t\t<\/div>\n\t\t<\/div>\n\t<\/div>\n\t\t\t\t\t<\/div>\n\t\t\t\t<\/div>\n\t\t\t\t<\/div>\n\t\t<div class=\"elementor-element elementor-element-fe55697 e-con-full e-flex e-con e-child\" data-id=\"fe55697\" data-element_type=\"container\" data-e-type=\"container\">\n\t\t<a class=\"eael-wrapper-link-17143dd --eael-wrapper-link-tag\" href=\"https:\/\/www.instagram.com\/charlie_cepeda\/?img_index=1\" target=\"_blank\"><\/a>\t\t<div data-eael-wrapper-link=\"eael-wrapper-link-17143dd\" class=\"elementor-element elementor-element-17143dd elementor-widget__width-initial elementor-widget-tablet__width-initial elementor-widget-mobile__width-initial eael-team-align-eael-team-align-default elementor-widget elementor-widget-eael-team-member\" data-id=\"17143dd\" data-element_type=\"widget\" data-e-type=\"widget\" data-widget_type=\"eael-team-member.default\">\n\t\t\t\t<div class=\"elementor-widget-container\">\n\t\t\t\t\t\n\n\t<div id=\"eael-team-member-17143dd\" class=\"eael-team-item eael-team-members-simple \">\n\t\t<div class=\"eael-team-item-inner\">\n\t\t\t<div class=\"eael-team-image\">\n\t\t\t\t<figure>\n\t\t\t\t\t\t\t\t\t\t<img decoding=\"async\" src=\"https:\/\/holygrailtubeamps.com\/wp-content\/uploads\/2024\/03\/Charlie-Cepeda.jpg\" alt=\"\">\n\t\t\t\t\t\t\t\t\t<\/figure>\n\t\t\t\t\n\t\t\t\t\n\t\t\t<\/div>\n\n\t\t\t<div class=\"eael-team-content\">\n\t\t\t\t<h2 class=\"eael-team-member-name\">CHARLIE CEPEDA<\/h2><h3 class=\"eael-team-member-position\">Los Labios<\/h3>\n\t\t\t\t\t\t\t\t\t\t\t\t\t\t<p class=\"eael-team-text\"><\/p>\n\t\t\t\t\t\t\t<\/div>\n\t\t<\/div>\n\t<\/div>\n\t\t\t\t\t<\/div>\n\t\t\t\t<\/div>\n\t\t\t\t<\/div>\n\t\t<div class=\"elementor-element elementor-element-a6bbec5 e-con-full e-flex e-con e-child\" data-id=\"a6bbec5\" data-element_type=\"container\" data-e-type=\"container\">\n\t\t<a class=\"eael-wrapper-link-72479fa --eael-wrapper-link-tag\" href=\"http:\/\/miguelodelgado.com\/bio\/\" target=\"_blank\"><\/a>\t\t<div data-eael-wrapper-link=\"eael-wrapper-link-72479fa\" class=\"elementor-element elementor-element-72479fa eael-team-align-eael-team-align-default elementor-widget elementor-widget-eael-team-member\" data-id=\"72479fa\" data-element_type=\"widget\" data-e-type=\"widget\" data-widget_type=\"eael-team-member.default\">\n\t\t\t\t<div class=\"elementor-widget-container\">\n\t\t\t\t\t\n\n\t<div id=\"eael-team-member-72479fa\" class=\"eael-team-item eael-team-members-centered \">\n\t\t<div class=\"eael-team-item-inner\">\n\t\t\t<div class=\"eael-team-image\">\n\t\t\t\t<figure>\n\t\t\t\t\t\t\t\t\t\t<img decoding=\"async\" src=\"https:\/\/holygrailtubeamps.com\/wp-content\/uploads\/2024\/03\/Miguelo-Delgado.jpg\" alt=\"\">\n\t\t\t\t\t\t\t\t\t<\/figure>\n\t\t\t\t\n\t\t\t\t\n\t\t\t<\/div>\n\n\t\t\t<div class=\"eael-team-content\">\n\t\t\t\t<h2 class=\"eael-team-member-name\">Miguelo Delgado<\/h2><h3 class=\"eael-team-member-position\">Miguelo Delgado Trio Band<\/h3>\n\t\t\t\t\t\t\t\t\t\t\t\t\t\t<p class=\"eael-team-text\"><\/p>\n\t\t\t\t\t\t\t<\/div>\n\t\t<\/div>\n\t<\/div>\n\t\t\t\t\t<\/div>\n\t\t\t\t<\/div>\n\t\t\t\t<\/div>\n\t\t<div class=\"elementor-element elementor-element-a45330a e-con-full e-flex e-con e-child\" data-id=\"a45330a\" data-element_type=\"container\" data-e-type=\"container\">\n\t\t\t\t<div class=\"elementor-element elementor-element-a266f9e eael-team-align-eael-team-align-default elementor-widget elementor-widget-eael-team-member\" data-id=\"a266f9e\" data-element_type=\"widget\" data-e-type=\"widget\" data-widget_type=\"eael-team-member.default\">\n\t\t\t\t<div class=\"elementor-widget-container\">\n\t\t\t\t\t\n\n\t<div id=\"eael-team-member-a266f9e\" class=\"eael-team-item eael-team-members-centered \">\n\t\t<div class=\"eael-team-item-inner\">\n\t\t\t<div class=\"eael-team-image\">\n\t\t\t\t<figure>\n\t\t\t\t\t\t\t\t\t\t<img decoding=\"async\" src=\"https:\/\/holygrailtubeamps.com\/wp-content\/uploads\/2024\/03\/Jim-Otero.jpg\" alt=\"\">\n\t\t\t\t\t\t\t\t\t<\/figure>\n\t\t\t\t\n\t\t\t\t\n\t\t\t<\/div>\n\n\t\t\t<div class=\"eael-team-content\">\n\t\t\t\t<h2 class=\"eael-team-member-name\">Jim Otero<\/h2><h3 class=\"eael-team-member-position\">ROJIM<\/h3>\n\t\t\t\t\t\t\t\t\t\t\t\t\t\t<p class=\"eael-team-text\"><\/p>\n\t\t\t\t\t\t\t<\/div>\n\t\t<\/div>\n\t<\/div>\n\t\t\t\t\t<\/div>\n\t\t\t\t<\/div>\n\t\t\t\t<div class=\"elementor-element elementor-element-0bd18d1 eael-team-align-eael-team-align-default elementor-widget elementor-widget-eael-team-member\" data-id=\"0bd18d1\" data-element_type=\"widget\" data-e-type=\"widget\" data-widget_type=\"eael-team-member.default\">\n\t\t\t\t<div class=\"elementor-widget-container\">\n\t\t\t\t\t\n\n\t<div id=\"eael-team-member-0bd18d1\" class=\"eael-team-item eael-team-members-centered \">\n\t\t<div class=\"eael-team-item-inner\">\n\t\t\t<div class=\"eael-team-image\">\n\t\t\t\t<figure>\n\t\t\t\t\t\t\t\t\t\t<img decoding=\"async\" src=\"https:\/\/holygrailtubeamps.com\/wp-content\/uploads\/2025\/01\/Antonio_A8-e1736541978900.png\" alt=\"\">\n\t\t\t\t\t\t\t\t\t<\/figure>\n\t\t\t\t\n\t\t\t\t\n\t\t\t<\/div>\n\n\t\t\t<div class=\"eael-team-content\">\n\t\t\t\t<h2 class=\"eael-team-member-name\">Antonio Gragera<\/h2><h3 class=\"eael-team-member-position\">A8 Relic Guitar<\/h3>\n\t\t\t\t\t\t\t\t\t\t\t\t\t\t<p class=\"eael-team-text\"><\/p>\n\t\t\t\t\t\t\t<\/div>\n\t\t<\/div>\n\t<\/div>\n\t\t\t\t\t<\/div>\n\t\t\t\t<\/div>\n\t\t\t\t<\/div>\n\t\t<div class=\"elementor-element elementor-element-27284b3 e-con-full e-flex e-con e-child\" data-id=\"27284b3\" data-element_type=\"container\" data-e-type=\"container\">\n\t\t<a class=\"eael-wrapper-link-9f3cc10 --eael-wrapper-link-tag\" href=\"https:\/\/www.facebook.com\/Shooterville\/?locale=es_ES\" target=\"_blank\"><\/a>\t\t<div data-eael-wrapper-link=\"eael-wrapper-link-9f3cc10\" class=\"elementor-element elementor-element-9f3cc10 elementor-widget__width-initial elementor-widget-tablet__width-initial eael-team-align-eael-team-align-default elementor-widget elementor-widget-eael-team-member\" data-id=\"9f3cc10\" data-element_type=\"widget\" data-e-type=\"widget\" data-widget_type=\"eael-team-member.default\">\n\t\t\t\t<div class=\"elementor-widget-container\">\n\t\t\t\t\t\n\n\t<div id=\"eael-team-member-9f3cc10\" class=\"eael-team-item eael-team-members-centered \">\n\t\t<div class=\"eael-team-item-inner\">\n\t\t\t<div class=\"eael-team-image\">\n\t\t\t\t<figure>\n\t\t\t\t\t\t\t\t\t\t<img decoding=\"async\" src=\"https:\/\/holygrailtubeamps.com\/wp-content\/uploads\/2024\/03\/Sergio-chop-2.jpg\" alt=\"\">\n\t\t\t\t\t\t\t\t\t<\/figure>\n\t\t\t\t\n\t\t\t\t\n\t\t\t<\/div>\n\n\t\t\t<div class=\"eael-team-content\">\n\t\t\t\t<h2 class=\"eael-team-member-name\">Sergio Chop<\/h2><h3 class=\"eael-team-member-position\">Chop Chop &amp; Los Chicos de Shooterville<\/h3>\n\t\t\t\t\t\t\t\t\t\t\t\t\t\t<p class=\"eael-team-text\"><\/p>\n\t\t\t\t\t\t\t<\/div>\n\t\t<\/div>\n\t<\/div>\n\t\t\t\t\t<\/div>\n\t\t\t\t<\/div>\n\t\t\t\t<\/div>\n\t\t<div class=\"elementor-element elementor-element-55f1d73 e-con-full e-flex e-con e-child\" data-id=\"55f1d73\" data-element_type=\"container\" data-e-type=\"container\">\n\t\t<a class=\"eael-wrapper-link-c1d9aa3 --eael-wrapper-link-tag\" href=\"https:\/\/www.instagram.com\/quentin_gas\/?hl=es\" target=\"_blank\"><\/a>\t\t<div data-eael-wrapper-link=\"eael-wrapper-link-c1d9aa3\" class=\"elementor-element elementor-element-c1d9aa3 elementor-widget__width-initial elementor-widget-tablet__width-initial eael-team-align-eael-team-align-default elementor-widget elementor-widget-eael-team-member\" data-id=\"c1d9aa3\" data-element_type=\"widget\" data-e-type=\"widget\" data-widget_type=\"eael-team-member.default\">\n\t\t\t\t<div class=\"elementor-widget-container\">\n\t\t\t\t\t\n\n\t<div id=\"eael-team-member-c1d9aa3\" class=\"eael-team-item eael-team-members-centered \">\n\t\t<div class=\"eael-team-item-inner\">\n\t\t\t<div class=\"eael-team-image\">\n\t\t\t\t<figure>\n\t\t\t\t\t\t\t\t\t\t<img decoding=\"async\" src=\"https:\/\/holygrailtubeamps.com\/wp-content\/uploads\/2024\/03\/Quintin-GAS.jpg\" alt=\"\">\n\t\t\t\t\t\t\t\t\t<\/figure>\n\t\t\t\t\n\t\t\t\t\n\t\t\t<\/div>\n\n\t\t\t<div class=\"eael-team-content\">\n\t\t\t\t<h2 class=\"eael-team-member-name\">Quintin Gas<\/h2><h3 class=\"eael-team-member-position\">Quentin Gas &amp; Los Z\u00edngaros<\/h3>\n\t\t\t\t\t\t\t\t\t\t\t\t\t\t<p class=\"eael-team-text\"><\/p>\n\t\t\t\t\t\t\t<\/div>\n\t\t<\/div>\n\t<\/div>\n\t\t\t\t\t<\/div>\n\t\t\t\t<\/div>\n\t\t<div class=\"elementor-element elementor-element-190e07a e-con-full e-flex e-con e-child\" data-id=\"190e07a\" data-element_type=\"container\" data-e-type=\"container\">\n\t\t\t\t<\/div>\n\t\t\t\t<\/div>\n\t\t\t\t\t<\/div>\n\t\t\t\t<\/div>\n\t\t\t\t<\/div>\n\t\t","protected":false},"excerpt":{"rendered":"<p>Javier Vargas Vargas Blues Band CHARLIE CEPEDA Los Labios Miguelo Delgado Miguelo Delgado Trio Band Jim Otero ROJIM Antonio Gragera A8 Relic Guitar Sergio Chop Chop Chop &amp; Los Chicos de Shooterville Quintin Gas Quentin Gas &amp; Los Z\u00edngaros<\/p>\n","protected":false},"author":2,"featured_media":0,"parent":0,"menu_order":0,"comment_status":"closed","ping_status":"closed","template":"","meta":{"inline_featured_image":false,"_kadence_starter_templates_imported_post":false,"_kad_post_transparent":"","_kad_post_title":"show","_kad_post_layout":"fullwidth","_kad_post_sidebar_id":"","_kad_post_content_style":"unboxed","_kad_post_vertical_padding":"hide","_kad_post_feature":"hide","_kad_post_feature_position":"","_kad_post_header":false,"_kad_post_footer":false,"_kad_post_classname":"","footnotes":""},"class_list":["post-85","page","type-page","status-publish","hentry"],"yoast_head":"<!-- This site is optimized with the Yoast SEO plugin v27.5 - https:\/\/yoast.com\/product\/yoast-seo-wordpress\/ -->\n<title>Friends |<\/title>\n<meta name=\"robots\" content=\"index, follow, max-snippet:-1, max-image-preview:large, max-video-preview:-1\" \/>\n<link rel=\"canonical\" href=\"https:\/\/holygrailtubeamps.com\/en_gb\/friends\/\" \/>\n<meta property=\"og:locale\" content=\"en_GB\" \/>\n<meta property=\"og:type\" content=\"article\" \/>\n<meta property=\"og:title\" content=\"Friends |\" \/>\n<meta property=\"og:description\" content=\"Javier Vargas Vargas Blues Band CHARLIE CEPEDA Los Labios Miguelo Delgado Miguelo Delgado Trio Band Jim Otero ROJIM Antonio Gragera A8 Relic Guitar Sergio Chop Chop Chop &amp; Los Chicos de Shooterville Quintin Gas Quentin Gas &amp; Los Z\u00edngaros\" \/>\n<meta property=\"og:url\" content=\"https:\/\/holygrailtubeamps.com\/en_gb\/friends\/\" \/>\n<meta property=\"og:site_name\" content=\"Holy Grail Tube Amps\" \/>\n<meta property=\"article:modified_time\" content=\"2026-03-24T11:20:30+00:00\" \/>\n<meta property=\"og:image\" content=\"https:\/\/holygrailtubeamps.com\/wp-content\/uploads\/2024\/03\/Javier-Vargas.jpg\" \/>\n<meta name=\"twitter:card\" content=\"summary_large_image\" \/>\n<meta name=\"twitter:label1\" content=\"Estimated reading time\" \/>\n\t<meta name=\"twitter:data1\" content=\"2 minutes\" \/>\n<script type=\"application\/ld+json\" class=\"yoast-schema-graph\">{\"@context\":\"https:\\\/\\\/schema.org\",\"@graph\":[{\"@type\":\"WebPage\",\"@id\":\"https:\\\/\\\/holygrailtubeamps.com\\\/friends\\\/\",\"url\":\"https:\\\/\\\/holygrailtubeamps.com\\\/friends\\\/\",\"name\":\"Friends |\",\"isPartOf\":{\"@id\":\"https:\\\/\\\/holygrailtubeamps.com\\\/#website\"},\"primaryImageOfPage\":{\"@id\":\"https:\\\/\\\/holygrailtubeamps.com\\\/friends\\\/#primaryimage\"},\"image\":{\"@id\":\"https:\\\/\\\/holygrailtubeamps.com\\\/friends\\\/#primaryimage\"},\"thumbnailUrl\":\"https:\\\/\\\/holygrailtubeamps.com\\\/wp-content\\\/uploads\\\/2024\\\/03\\\/Javier-Vargas.jpg\",\"datePublished\":\"2024-03-05T11:21:52+00:00\",\"dateModified\":\"2026-03-24T11:20:30+00:00\",\"breadcrumb\":{\"@id\":\"https:\\\/\\\/holygrailtubeamps.com\\\/friends\\\/#breadcrumb\"},\"inLanguage\":\"en-GB\",\"potentialAction\":[{\"@type\":\"ReadAction\",\"target\":[\"https:\\\/\\\/holygrailtubeamps.com\\\/friends\\\/\"]}]},{\"@type\":\"ImageObject\",\"inLanguage\":\"en-GB\",\"@id\":\"https:\\\/\\\/holygrailtubeamps.com\\\/friends\\\/#primaryimage\",\"url\":\"https:\\\/\\\/holygrailtubeamps.com\\\/wp-content\\\/uploads\\\/2024\\\/03\\\/Javier-Vargas.jpg\",\"contentUrl\":\"https:\\\/\\\/holygrailtubeamps.com\\\/wp-content\\\/uploads\\\/2024\\\/03\\\/Javier-Vargas.jpg\"},{\"@type\":\"BreadcrumbList\",\"@id\":\"https:\\\/\\\/holygrailtubeamps.com\\\/friends\\\/#breadcrumb\",\"itemListElement\":[{\"@type\":\"ListItem\",\"position\":1,\"name\":\"Portada\",\"item\":\"https:\\\/\\\/holygrailtubeamps.com\\\/\"},{\"@type\":\"ListItem\",\"position\":2,\"name\":\"Friends\"}]},{\"@type\":\"WebSite\",\"@id\":\"https:\\\/\\\/holygrailtubeamps.com\\\/#website\",\"url\":\"https:\\\/\\\/holygrailtubeamps.com\\\/\",\"name\":\"Holy Grail Tube Amps\",\"description\":\"Holy Grail Amps nace de la pasi\u00f3n del Ingeniero Electr\u00f3nico, Pablo S\u00e1nchez, por los amplificadores vintage de los a\u00f1os 50s y 60s.\",\"publisher\":{\"@id\":\"https:\\\/\\\/holygrailtubeamps.com\\\/#organization\"},\"alternateName\":\"Holy Grail Amps\",\"potentialAction\":[{\"@type\":\"SearchAction\",\"target\":{\"@type\":\"EntryPoint\",\"urlTemplate\":\"https:\\\/\\\/holygrailtubeamps.com\\\/?s={search_term_string}\"},\"query-input\":{\"@type\":\"PropertyValueSpecification\",\"valueRequired\":true,\"valueName\":\"search_term_string\"}}],\"inLanguage\":\"en-GB\"},{\"@type\":\"Organization\",\"@id\":\"https:\\\/\\\/holygrailtubeamps.com\\\/#organization\",\"name\":\"Holy Grail Tube Amps\",\"alternateName\":\"Holy Grail Amps\",\"url\":\"https:\\\/\\\/holygrailtubeamps.com\\\/\",\"logo\":{\"@type\":\"ImageObject\",\"inLanguage\":\"en-GB\",\"@id\":\"https:\\\/\\\/holygrailtubeamps.com\\\/#\\\/schema\\\/logo\\\/image\\\/\",\"url\":\"https:\\\/\\\/holygrailtubeamps.com\\\/wp-content\\\/uploads\\\/2024\\\/03\\\/Logo_Holy_Grail.jpg\",\"contentUrl\":\"https:\\\/\\\/holygrailtubeamps.com\\\/wp-content\\\/uploads\\\/2024\\\/03\\\/Logo_Holy_Grail.jpg\",\"width\":320,\"height\":320,\"caption\":\"Holy Grail Tube Amps\"},\"image\":{\"@id\":\"https:\\\/\\\/holygrailtubeamps.com\\\/#\\\/schema\\\/logo\\\/image\\\/\"},\"sameAs\":[\"https:\\\/\\\/www.instagram.com\\\/holygrailamp\\\/\",\"https:\\\/\\\/www.youtube.com\\\/channel\\\/UCxCE7FmYCaAp0_3TsTapPTQ\"]}]}<\/script>\n<!-- \/ Yoast SEO plugin. -->","yoast_head_json":{"title":"Friends |","robots":{"index":"index","follow":"follow","max-snippet":"max-snippet:-1","max-image-preview":"max-image-preview:large","max-video-preview":"max-video-preview:-1"},"canonical":"https:\/\/holygrailtubeamps.com\/en_gb\/friends\/","og_locale":"en_GB","og_type":"article","og_title":"Friends |","og_description":"Javier Vargas Vargas Blues Band CHARLIE CEPEDA Los Labios Miguelo Delgado Miguelo Delgado Trio Band Jim Otero ROJIM Antonio Gragera A8 Relic Guitar Sergio Chop Chop Chop &amp; Los Chicos de Shooterville Quintin Gas Quentin Gas &amp; Los Z\u00edngaros","og_url":"https:\/\/holygrailtubeamps.com\/en_gb\/friends\/","og_site_name":"Holy Grail Tube Amps","article_modified_time":"2026-03-24T11:20:30+00:00","og_image":[{"url":"https:\/\/holygrailtubeamps.com\/wp-content\/uploads\/2024\/03\/Javier-Vargas.jpg","type":"","width":"","height":""}],"twitter_card":"summary_large_image","twitter_misc":{"Estimated reading time":"2 minutes"},"schema":{"@context":"https:\/\/schema.org","@graph":[{"@type":"WebPage","@id":"https:\/\/holygrailtubeamps.com\/friends\/","url":"https:\/\/holygrailtubeamps.com\/friends\/","name":"Friends |","isPartOf":{"@id":"https:\/\/holygrailtubeamps.com\/#website"},"primaryImageOfPage":{"@id":"https:\/\/holygrailtubeamps.com\/friends\/#primaryimage"},"image":{"@id":"https:\/\/holygrailtubeamps.com\/friends\/#primaryimage"},"thumbnailUrl":"https:\/\/holygrailtubeamps.com\/wp-content\/uploads\/2024\/03\/Javier-Vargas.jpg","datePublished":"2024-03-05T11:21:52+00:00","dateModified":"2026-03-24T11:20:30+00:00","breadcrumb":{"@id":"https:\/\/holygrailtubeamps.com\/friends\/#breadcrumb"},"inLanguage":"en-GB","potentialAction":[{"@type":"ReadAction","target":["https:\/\/holygrailtubeamps.com\/friends\/"]}]},{"@type":"ImageObject","inLanguage":"en-GB","@id":"https:\/\/holygrailtubeamps.com\/friends\/#primaryimage","url":"https:\/\/holygrailtubeamps.com\/wp-content\/uploads\/2024\/03\/Javier-Vargas.jpg","contentUrl":"https:\/\/holygrailtubeamps.com\/wp-content\/uploads\/2024\/03\/Javier-Vargas.jpg"},{"@type":"BreadcrumbList","@id":"https:\/\/holygrailtubeamps.com\/friends\/#breadcrumb","itemListElement":[{"@type":"ListItem","position":1,"name":"Portada","item":"https:\/\/holygrailtubeamps.com\/"},{"@type":"ListItem","position":2,"name":"Friends"}]},{"@type":"WebSite","@id":"https:\/\/holygrailtubeamps.com\/#website","url":"https:\/\/holygrailtubeamps.com\/","name":"Holy Grail Tube Amps","description":"Holy Grail Amps nace de la pasi\u00f3n del Ingeniero Electr\u00f3nico, Pablo S\u00e1nchez, por los amplificadores vintage de los a\u00f1os 50s y 60s.","publisher":{"@id":"https:\/\/holygrailtubeamps.com\/#organization"},"alternateName":"Holy Grail Amps","potentialAction":[{"@type":"SearchAction","target":{"@type":"EntryPoint","urlTemplate":"https:\/\/holygrailtubeamps.com\/?s={search_term_string}"},"query-input":{"@type":"PropertyValueSpecification","valueRequired":true,"valueName":"search_term_string"}}],"inLanguage":"en-GB"},{"@type":"Organization","@id":"https:\/\/holygrailtubeamps.com\/#organization","name":"Holy Grail Tube Amps","alternateName":"Holy Grail Amps","url":"https:\/\/holygrailtubeamps.com\/","logo":{"@type":"ImageObject","inLanguage":"en-GB","@id":"https:\/\/holygrailtubeamps.com\/#\/schema\/logo\/image\/","url":"https:\/\/holygrailtubeamps.com\/wp-content\/uploads\/2024\/03\/Logo_Holy_Grail.jpg","contentUrl":"https:\/\/holygrailtubeamps.com\/wp-content\/uploads\/2024\/03\/Logo_Holy_Grail.jpg","width":320,"height":320,"caption":"Holy Grail Tube Amps"},"image":{"@id":"https:\/\/holygrailtubeamps.com\/#\/schema\/logo\/image\/"},"sameAs":["https:\/\/www.instagram.com\/holygrailamp\/","https:\/\/www.youtube.com\/channel\/UCxCE7FmYCaAp0_3TsTapPTQ"]}]}},"_links":{"self":[{"href":"https:\/\/holygrailtubeamps.com\/en_gb\/wp-json\/wp\/v2\/pages\/85","targetHints":{"allow":["GET"]}}],"collection":[{"href":"https:\/\/holygrailtubeamps.com\/en_gb\/wp-json\/wp\/v2\/pages"}],"about":[{"href":"https:\/\/holygrailtubeamps.com\/en_gb\/wp-json\/wp\/v2\/types\/page"}],"author":[{"embeddable":true,"href":"https:\/\/holygrailtubeamps.com\/en_gb\/wp-json\/wp\/v2\/users\/2"}],"replies":[{"embeddable":true,"href":"https:\/\/holygrailtubeamps.com\/en_gb\/wp-json\/wp\/v2\/comments?post=85"}],"version-history":[{"count":113,"href":"https:\/\/holygrailtubeamps.com\/en_gb\/wp-json\/wp\/v2\/pages\/85\/revisions"}],"predecessor-version":[{"id":2524,"href":"https:\/\/holygrailtubeamps.com\/en_gb\/wp-json\/wp\/v2\/pages\/85\/revisions\/2524"}],"wp:attachment":[{"href":"https:\/\/holygrailtubeamps.com\/en_gb\/wp-json\/wp\/v2\/media?parent=85"}],"curies":[{"name":"wp","href":"https:\/\/api.w.org\/{rel}","templated":true}]}}