{"id":1402,"date":"2024-03-06T12:00:09","date_gmt":"2024-03-06T11:00:09","guid":{"rendered":"https:\/\/holygrailtubeamps.com\/?page_id=1402"},"modified":"2026-03-24T12:26:33","modified_gmt":"2026-03-24T11:26:33","slug":"contact-and-orders","status":"publish","type":"page","link":"https:\/\/holygrailtubeamps.com\/en_gb\/contact-and-orders\/","title":{"rendered":"Contact and orders"},"content":{"rendered":"\t\t<div data-elementor-type=\"wp-page\" data-elementor-id=\"1402\" class=\"elementor elementor-1402\" data-elementor-post-type=\"page\">\n\t\t\t\t<div class=\"elementor-element elementor-element-445be79 e-flex e-con-boxed e-con e-parent\" data-id=\"445be79\" data-element_type=\"container\" data-e-type=\"container\">\n\t\t\t\t\t<div class=\"e-con-inner\">\n\t\t<div class=\"elementor-element elementor-element-f7ec609 e-con-full e-flex e-con e-child\" data-id=\"f7ec609\" data-element_type=\"container\" data-e-type=\"container\">\n\t\t\t\t<div class=\"elementor-element elementor-element-8e11b32 eael-dual-header-content-align-center elementor-widget elementor-widget-eael-dual-color-header\" data-id=\"8e11b32\" data-element_type=\"widget\" data-e-type=\"widget\" data-widget_type=\"eael-dual-color-header.default\">\n\t\t\t\t<div class=\"elementor-widget-container\">\n\t\t\t\t\t\t\t\t<div class=\"eael-dual-header\">\n\t\t\t\t<h2 class=\"title eael-dch-title\"><span class=\"eael-dch-title-text eael-dch-title-lead lead solid-color\">Please fill in this form<\/span> <span class=\"eael-dch-title-text\"><\/span><\/h2>\t\t\t\t\t<span class=\"eael-dch-svg-icon\"><\/span>\t\t\t\t\t\t\t<\/div>\n\n\t\t\t\t\t\t<\/div>\n\t\t\t\t<\/div>\n\t\t\t\t<div class=\"elementor-element elementor-element-d8e558c elementor-widget-divider--view-line elementor-widget elementor-widget-divider\" data-id=\"d8e558c\" data-element_type=\"widget\" data-e-type=\"widget\" data-widget_type=\"divider.default\">\n\t\t\t\t<div class=\"elementor-widget-container\">\n\t\t\t\t\t\t\t<div class=\"elementor-divider\">\n\t\t\t<span class=\"elementor-divider-separator\">\n\t\t\t\t\t\t<\/span>\n\t\t<\/div>\n\t\t\t\t\t\t<\/div>\n\t\t\t\t<\/div>\n\t\t\t\t<\/div>\n\t\t<div class=\"elementor-element elementor-element-c670cab e-con-full e-flex e-con e-child\" data-id=\"c670cab\" data-element_type=\"container\" data-e-type=\"container\">\n\t\t\t\t<div class=\"elementor-element elementor-element-1aadbdf elementor-widget elementor-widget-text-editor\" data-id=\"1aadbdf\" data-element_type=\"widget\" data-e-type=\"widget\" data-widget_type=\"text-editor.default\">\n\t\t\t\t<div class=\"elementor-widget-container\">\n\t\t\t\t\t\t\t\t\tIf you\u2019re interested in ordering one of our products, need additional information, or have a project in mind and are not sure whether we can build it for you, feel free to get in touch with us.\t\t\t\t\t\t\t\t<\/div>\n\t\t\t\t<\/div>\n\t\t\t\t<div class=\"elementor-element elementor-element-2dbb820 elementor-widget-divider--view-line elementor-widget elementor-widget-divider\" data-id=\"2dbb820\" data-element_type=\"widget\" data-e-type=\"widget\" data-widget_type=\"divider.default\">\n\t\t\t\t<div class=\"elementor-widget-container\">\n\t\t\t\t\t\t\t<div class=\"elementor-divider\">\n\t\t\t<span class=\"elementor-divider-separator\">\n\t\t\t\t\t\t<\/span>\n\t\t<\/div>\n\t\t\t\t\t\t<\/div>\n\t\t\t\t<\/div>\n\t\t\t\t<div class=\"elementor-element elementor-element-c76c6e5 elementor-widget elementor-widget-text-editor\" data-id=\"c76c6e5\" data-element_type=\"widget\" data-e-type=\"widget\" data-widget_type=\"text-editor.default\">\n\t\t\t\t<div class=\"elementor-widget-container\">\n\t\t\t\t\t\t\t\t\tOrdering a Holy Grail amplifier is an experience that goes far beyond simply having a custom amplifier built. You will become an active part of the process, and we will stay in close contact so you can experience it with us from start to finish, deciding every detail together. Through WhatsApp, we will send you photos and videos so you can follow the progress of your project.\t\t\t\t\t\t\t\t<\/div>\n\t\t\t\t<\/div>\n\t\t\t\t<div class=\"elementor-element elementor-element-86c50e9 elementor-widget elementor-widget-text-editor\" data-id=\"86c50e9\" data-element_type=\"widget\" data-e-type=\"widget\" data-widget_type=\"text-editor.default\">\n\t\t\t\t<div class=\"elementor-widget-container\">\n\t\t\t\t\t\t\t\t\tAs soon as we receive your message, we will get back to you. Thank you!\t\t\t\t\t\t\t\t<\/div>\n\t\t\t\t<\/div>\n\t\t\t\t<\/div>\n\t\t<div class=\"elementor-element elementor-element-e914ad9 e-con-full e-flex e-con e-child\" data-id=\"e914ad9\" data-element_type=\"container\" data-e-type=\"container\">\n\t\t\t\t<div class=\"elementor-element elementor-element-6a5b864 elementor-hidden-desktop elementor-widget-divider--view-line elementor-widget elementor-widget-divider\" data-id=\"6a5b864\" data-element_type=\"widget\" data-e-type=\"widget\" data-widget_type=\"divider.default\">\n\t\t\t\t<div class=\"elementor-widget-container\">\n\t\t\t\t\t\t\t<div class=\"elementor-divider\">\n\t\t\t<span class=\"elementor-divider-separator\">\n\t\t\t\t\t\t<\/span>\n\t\t<\/div>\n\t\t\t\t\t\t<\/div>\n\t\t\t\t<\/div>\n\t\t\t\t<div class=\"elementor-element elementor-element-064ed5c elementor-widget elementor-widget-shortcode\" data-id=\"064ed5c\" data-element_type=\"widget\" data-e-type=\"widget\" data-widget_type=\"shortcode.default\">\n\t\t\t\t<div class=\"elementor-widget-container\">\n\t\t\t\t\t\t\t<div class=\"elementor-shortcode\"><div class=\"forminator-ui forminator-custom-form forminator-custom-form-2429 forminator-design--default  forminator_ajax\" data-forminator-render=\"0\" data-form=\"forminator-module-2429\" data-uid=\"6a007f28d83c3\"><br\/><\/div><form\n\t\t\t\tid=\"forminator-module-2429\"\n\t\t\t\tclass=\"forminator-ui forminator-custom-form forminator-custom-form-2429 forminator-design--default  forminator_ajax\"\n\t\t\t\tmethod=\"post\"\n\t\t\t\tdata-forminator-render=\"0\"\n\t\t\t\tdata-form-id=\"2429\"\n\t\t\t\t data-color-option=\"theme\" data-design=\"default\" data-grid=\"open\" style=\"display: none;\"\n\t\t\t\tdata-uid=\"6a007f28d83c3\"\n\t\t\t><div role=\"alert\" aria-live=\"polite\" class=\"forminator-response-message forminator-error\" aria-hidden=\"true\"><\/div><div class=\"forminator-row\"><div id=\"name-1\" class=\"forminator-field-name forminator-col forminator-col-12 \"><div class=\"forminator-field\"><label for=\"forminator-field-name-1_6a007f28d83c3\" id=\"forminator-field-name-1_6a007f28d83c3-label\" class=\"forminator-label\">Name <span class=\"forminator-required\">*<\/span><\/label><input type=\"text\" name=\"name-1\" value=\"\" placeholder=\"\" id=\"forminator-field-name-1_6a007f28d83c3\" class=\"forminator-input forminator-name--field\" aria-required=\"true\" autocomplete=\"name\" \/><\/div><\/div><\/div><div class=\"forminator-row\"><div id=\"email-1\" class=\"forminator-field-email forminator-col forminator-col-12 \"><div class=\"forminator-field\"><label for=\"forminator-field-email-1_6a007f28d83c3\" id=\"forminator-field-email-1_6a007f28d83c3-label\" class=\"forminator-label\">Email <span class=\"forminator-required\">*<\/span><\/label><input type=\"email\" name=\"email-1\" value=\"\" placeholder=\"\" id=\"forminator-field-email-1_6a007f28d83c3\" class=\"forminator-input forminator-email--field\" data-required=\"true\" aria-required=\"true\" autocomplete=\"email\" \/><\/div><\/div><\/div><div class=\"forminator-row\"><div id=\"phone-1\" class=\"forminator-field-phone forminator-col forminator-col-12 \"><div class=\"forminator-field\"><label for=\"forminator-field-phone-1_6a007f28d83c3\" id=\"forminator-field-phone-1_6a007f28d83c3-label\" class=\"forminator-label\">Telephone<\/label><input type=\"text\" name=\"phone-1\" value=\"\" placeholder=\"\" id=\"forminator-field-phone-1_6a007f28d83c3\" class=\"forminator-input forminator-field--phone\" data-required=\"\" aria-required=\"false\" autocomplete=\"off\" \/><\/div><\/div><\/div><div class=\"forminator-row\"><div id=\"textarea-1\" class=\"forminator-field-textarea forminator-col forminator-col-12 \"><div class=\"forminator-field\"><label for=\"forminator-field-textarea-1_6a007f28d83c3\" id=\"forminator-field-textarea-1_6a007f28d83c3-label\" class=\"forminator-label\">Message<\/label><span id=\"forminator-field-textarea-1_6a007f28d83c3-description\" class=\"forminator-description\"><span data-limit=\"180\" data-type=\"characters\" data-editor=\"\">0 \/ 180<\/span><\/span><textarea name=\"textarea-1\" placeholder=\"\" id=\"forminator-field-textarea-1_6a007f28d83c3\" class=\"forminator-textarea\" rows=\"6\" style=\"--forminator-textarea-min-height:140px;\" maxlength=\"180\" ><\/textarea><\/div><\/div><\/div><input type=\"hidden\" name=\"referer_url\" value=\"\" \/><div class=\"forminator-row forminator-row-last\"><div class=\"forminator-col\"><div class=\"forminator-field\"><button class=\"forminator-button forminator-button-submit\">Send<\/button><\/div><\/div><\/div><input type=\"hidden\" id=\"forminator_nonce\" name=\"forminator_nonce\" value=\"048f76df83\" \/><input type=\"hidden\" name=\"_wp_http_referer\" value=\"\/en_gb\/wp-json\/wp\/v2\/pages\/1402\" \/><input type=\"hidden\" name=\"form_id\" value=\"2429\"><input type=\"hidden\" name=\"page_id\" value=\"1402\"><input type=\"hidden\" name=\"form_type\" value=\"default\"><input type=\"hidden\" name=\"current_url\" value=\"https:\/\/holygrailtubeamps.com\/en_gb\/contact-and-orders\/\"><input type=\"hidden\" name=\"render_id\" value=\"0\"><input type=\"hidden\" name=\"action\" value=\"forminator_submit_form_custom-forms\"><\/form><\/div>\n\t\t\t\t\t\t<\/div>\n\t\t\t\t<\/div>\n\t\t\t\t<\/div>\n\t\t\t\t\t<\/div>\n\t\t\t\t<\/div>\n\t\t\t\t<\/div>\n\t\t","protected":false},"excerpt":{"rendered":"<p>Please fill in this form If you\u2019re interested in ordering one of our products, need additional information, or have a project in mind and are not sure whether we can build it for you, feel free to get in touch with us. Ordering a Holy Grail amplifier is an experience that goes far beyond simply&#8230;<\/p>\n","protected":false},"author":2,"featured_media":0,"parent":0,"menu_order":0,"comment_status":"closed","ping_status":"closed","template":"","meta":{"inline_featured_image":false,"_kadence_starter_templates_imported_post":false,"_kad_post_transparent":"","_kad_post_title":"show","_kad_post_layout":"fullwidth","_kad_post_sidebar_id":"","_kad_post_content_style":"unboxed","_kad_post_vertical_padding":"hide","_kad_post_feature":"hide","_kad_post_feature_position":"","_kad_post_header":false,"_kad_post_footer":false,"_kad_post_classname":"","footnotes":""},"class_list":["post-1402","page","type-page","status-publish","hentry"],"yoast_head":"<!-- This site is optimized with the Yoast SEO plugin v27.5 - https:\/\/yoast.com\/product\/yoast-seo-wordpress\/ -->\n<title>Contact and orders |<\/title>\n<meta name=\"robots\" content=\"index, follow, max-snippet:-1, max-image-preview:large, max-video-preview:-1\" \/>\n<link rel=\"canonical\" href=\"https:\/\/holygrailtubeamps.com\/en_gb\/contact-and-orders\/\" \/>\n<meta property=\"og:locale\" content=\"en_GB\" \/>\n<meta property=\"og:type\" content=\"article\" \/>\n<meta property=\"og:title\" content=\"Contact and orders |\" \/>\n<meta property=\"og:description\" content=\"Please fill in this form If you\u2019re interested in ordering one of our products, need additional information, or have a project in mind and are not sure whether we can build it for you, feel free to get in touch with us. Ordering a Holy Grail amplifier is an experience that goes far beyond simply...\" \/>\n<meta property=\"og:url\" content=\"https:\/\/holygrailtubeamps.com\/en_gb\/contact-and-orders\/\" \/>\n<meta property=\"og:site_name\" content=\"Holy Grail Tube Amps\" \/>\n<meta property=\"article:modified_time\" content=\"2026-03-24T11:26:33+00:00\" \/>\n<meta property=\"og:image\" content=\"https:\/\/holygrailtubeamps.com\/wp-content\/uploads\/2024\/03\/Logo_Holy_Grail.jpg\" \/>\n\t<meta property=\"og:image:width\" content=\"320\" \/>\n\t<meta property=\"og:image:height\" content=\"320\" \/>\n\t<meta property=\"og:image:type\" content=\"image\/jpeg\" \/>\n<meta name=\"twitter:card\" content=\"summary_large_image\" \/>\n<meta name=\"twitter:label1\" content=\"Estimated reading time\" \/>\n\t<meta name=\"twitter:data1\" content=\"1 minute\" \/>\n<script type=\"application\/ld+json\" class=\"yoast-schema-graph\">{\"@context\":\"https:\\\/\\\/schema.org\",\"@graph\":[{\"@type\":\"WebPage\",\"@id\":\"https:\\\/\\\/holygrailtubeamps.com\\\/contact-and-orders\\\/\",\"url\":\"https:\\\/\\\/holygrailtubeamps.com\\\/contact-and-orders\\\/\",\"name\":\"Contact and orders |\",\"isPartOf\":{\"@id\":\"https:\\\/\\\/holygrailtubeamps.com\\\/#website\"},\"datePublished\":\"2024-03-06T11:00:09+00:00\",\"dateModified\":\"2026-03-24T11:26:33+00:00\",\"breadcrumb\":{\"@id\":\"https:\\\/\\\/holygrailtubeamps.com\\\/contact-and-orders\\\/#breadcrumb\"},\"inLanguage\":\"en-GB\",\"potentialAction\":[{\"@type\":\"ReadAction\",\"target\":[\"https:\\\/\\\/holygrailtubeamps.com\\\/contact-and-orders\\\/\"]}]},{\"@type\":\"BreadcrumbList\",\"@id\":\"https:\\\/\\\/holygrailtubeamps.com\\\/contact-and-orders\\\/#breadcrumb\",\"itemListElement\":[{\"@type\":\"ListItem\",\"position\":1,\"name\":\"Portada\",\"item\":\"https:\\\/\\\/holygrailtubeamps.com\\\/\"},{\"@type\":\"ListItem\",\"position\":2,\"name\":\"Contact and orders\"}]},{\"@type\":\"WebSite\",\"@id\":\"https:\\\/\\\/holygrailtubeamps.com\\\/#website\",\"url\":\"https:\\\/\\\/holygrailtubeamps.com\\\/\",\"name\":\"Holy Grail Tube Amps\",\"description\":\"Holy Grail Amps nace de la pasi\u00f3n del Ingeniero Electr\u00f3nico, Pablo S\u00e1nchez, por los amplificadores vintage de los a\u00f1os 50s y 60s.\",\"publisher\":{\"@id\":\"https:\\\/\\\/holygrailtubeamps.com\\\/#organization\"},\"alternateName\":\"Holy Grail Amps\",\"potentialAction\":[{\"@type\":\"SearchAction\",\"target\":{\"@type\":\"EntryPoint\",\"urlTemplate\":\"https:\\\/\\\/holygrailtubeamps.com\\\/?s={search_term_string}\"},\"query-input\":{\"@type\":\"PropertyValueSpecification\",\"valueRequired\":true,\"valueName\":\"search_term_string\"}}],\"inLanguage\":\"en-GB\"},{\"@type\":\"Organization\",\"@id\":\"https:\\\/\\\/holygrailtubeamps.com\\\/#organization\",\"name\":\"Holy Grail Tube Amps\",\"alternateName\":\"Holy Grail Amps\",\"url\":\"https:\\\/\\\/holygrailtubeamps.com\\\/\",\"logo\":{\"@type\":\"ImageObject\",\"inLanguage\":\"en-GB\",\"@id\":\"https:\\\/\\\/holygrailtubeamps.com\\\/#\\\/schema\\\/logo\\\/image\\\/\",\"url\":\"https:\\\/\\\/holygrailtubeamps.com\\\/wp-content\\\/uploads\\\/2024\\\/03\\\/Logo_Holy_Grail.jpg\",\"contentUrl\":\"https:\\\/\\\/holygrailtubeamps.com\\\/wp-content\\\/uploads\\\/2024\\\/03\\\/Logo_Holy_Grail.jpg\",\"width\":320,\"height\":320,\"caption\":\"Holy Grail Tube Amps\"},\"image\":{\"@id\":\"https:\\\/\\\/holygrailtubeamps.com\\\/#\\\/schema\\\/logo\\\/image\\\/\"},\"sameAs\":[\"https:\\\/\\\/www.instagram.com\\\/holygrailamp\\\/\",\"https:\\\/\\\/www.youtube.com\\\/channel\\\/UCxCE7FmYCaAp0_3TsTapPTQ\"]}]}<\/script>\n<!-- \/ Yoast SEO plugin. -->","yoast_head_json":{"title":"Contact and orders |","robots":{"index":"index","follow":"follow","max-snippet":"max-snippet:-1","max-image-preview":"max-image-preview:large","max-video-preview":"max-video-preview:-1"},"canonical":"https:\/\/holygrailtubeamps.com\/en_gb\/contact-and-orders\/","og_locale":"en_GB","og_type":"article","og_title":"Contact and orders |","og_description":"Please fill in this form If you\u2019re interested in ordering one of our products, need additional information, or have a project in mind and are not sure whether we can build it for you, feel free to get in touch with us. Ordering a Holy Grail amplifier is an experience that goes far beyond simply...","og_url":"https:\/\/holygrailtubeamps.com\/en_gb\/contact-and-orders\/","og_site_name":"Holy Grail Tube Amps","article_modified_time":"2026-03-24T11:26:33+00:00","og_image":[{"width":320,"height":320,"url":"https:\/\/holygrailtubeamps.com\/wp-content\/uploads\/2024\/03\/Logo_Holy_Grail.jpg","type":"image\/jpeg"}],"twitter_card":"summary_large_image","twitter_misc":{"Estimated reading time":"1 minute"},"schema":{"@context":"https:\/\/schema.org","@graph":[{"@type":"WebPage","@id":"https:\/\/holygrailtubeamps.com\/contact-and-orders\/","url":"https:\/\/holygrailtubeamps.com\/contact-and-orders\/","name":"Contact and orders |","isPartOf":{"@id":"https:\/\/holygrailtubeamps.com\/#website"},"datePublished":"2024-03-06T11:00:09+00:00","dateModified":"2026-03-24T11:26:33+00:00","breadcrumb":{"@id":"https:\/\/holygrailtubeamps.com\/contact-and-orders\/#breadcrumb"},"inLanguage":"en-GB","potentialAction":[{"@type":"ReadAction","target":["https:\/\/holygrailtubeamps.com\/contact-and-orders\/"]}]},{"@type":"BreadcrumbList","@id":"https:\/\/holygrailtubeamps.com\/contact-and-orders\/#breadcrumb","itemListElement":[{"@type":"ListItem","position":1,"name":"Portada","item":"https:\/\/holygrailtubeamps.com\/"},{"@type":"ListItem","position":2,"name":"Contact and orders"}]},{"@type":"WebSite","@id":"https:\/\/holygrailtubeamps.com\/#website","url":"https:\/\/holygrailtubeamps.com\/","name":"Holy Grail Tube Amps","description":"Holy Grail Amps nace de la pasi\u00f3n del Ingeniero Electr\u00f3nico, Pablo S\u00e1nchez, por los amplificadores vintage de los a\u00f1os 50s y 60s.","publisher":{"@id":"https:\/\/holygrailtubeamps.com\/#organization"},"alternateName":"Holy Grail Amps","potentialAction":[{"@type":"SearchAction","target":{"@type":"EntryPoint","urlTemplate":"https:\/\/holygrailtubeamps.com\/?s={search_term_string}"},"query-input":{"@type":"PropertyValueSpecification","valueRequired":true,"valueName":"search_term_string"}}],"inLanguage":"en-GB"},{"@type":"Organization","@id":"https:\/\/holygrailtubeamps.com\/#organization","name":"Holy Grail Tube Amps","alternateName":"Holy Grail Amps","url":"https:\/\/holygrailtubeamps.com\/","logo":{"@type":"ImageObject","inLanguage":"en-GB","@id":"https:\/\/holygrailtubeamps.com\/#\/schema\/logo\/image\/","url":"https:\/\/holygrailtubeamps.com\/wp-content\/uploads\/2024\/03\/Logo_Holy_Grail.jpg","contentUrl":"https:\/\/holygrailtubeamps.com\/wp-content\/uploads\/2024\/03\/Logo_Holy_Grail.jpg","width":320,"height":320,"caption":"Holy Grail Tube Amps"},"image":{"@id":"https:\/\/holygrailtubeamps.com\/#\/schema\/logo\/image\/"},"sameAs":["https:\/\/www.instagram.com\/holygrailamp\/","https:\/\/www.youtube.com\/channel\/UCxCE7FmYCaAp0_3TsTapPTQ"]}]}},"_links":{"self":[{"href":"https:\/\/holygrailtubeamps.com\/en_gb\/wp-json\/wp\/v2\/pages\/1402","targetHints":{"allow":["GET"]}}],"collection":[{"href":"https:\/\/holygrailtubeamps.com\/en_gb\/wp-json\/wp\/v2\/pages"}],"about":[{"href":"https:\/\/holygrailtubeamps.com\/en_gb\/wp-json\/wp\/v2\/types\/page"}],"author":[{"embeddable":true,"href":"https:\/\/holygrailtubeamps.com\/en_gb\/wp-json\/wp\/v2\/users\/2"}],"replies":[{"embeddable":true,"href":"https:\/\/holygrailtubeamps.com\/en_gb\/wp-json\/wp\/v2\/comments?post=1402"}],"version-history":[{"count":153,"href":"https:\/\/holygrailtubeamps.com\/en_gb\/wp-json\/wp\/v2\/pages\/1402\/revisions"}],"predecessor-version":[{"id":2530,"href":"https:\/\/holygrailtubeamps.com\/en_gb\/wp-json\/wp\/v2\/pages\/1402\/revisions\/2530"}],"wp:attachment":[{"href":"https:\/\/holygrailtubeamps.com\/en_gb\/wp-json\/wp\/v2\/media?parent=1402"}],"curies":[{"name":"wp","href":"https:\/\/api.w.org\/{rel}","templated":true}]}}